{"id":792,"date":"2025-12-19T17:30:35","date_gmt":"2025-12-19T16:30:35","guid":{"rendered":"https:\/\/denialink.com\/?page_id=792"},"modified":"2025-12-19T17:41:38","modified_gmt":"2025-12-19T16:41:38","slug":"politica-de-privacidad","status":"publish","type":"page","link":"https:\/\/denialink.com\/es\/politica-de-privacidad\/","title":{"rendered":"Pol\u00edtica de privacidad"},"content":{"rendered":"\n<p>Esta pol\u00edtica es aplicable a esta p\u00e1gina web. Lea antes de abandonar la pol\u00edtica de aislamiento aplicable a esta p\u00e1gina web que usted esta visitando en este momento. Si no est\u00e1 de acuerdo con esa pol\u00edtica, le rogamos no use esta p\u00e1gina.<\/p>\n\n\n\n<p>Si visita y usa esta p\u00e1gina web, indica que est\u00e1 de acuerdo con las condiciones de esa pol\u00edtica de aislamiento.<\/p>\n\n\n\n<h3 class=\"wp-block-heading\">Politica de privacidad<\/h3>\n\n\n\n<p>A Denialink le parece importante respectar y proteger la intimidad de los usuarios que visitan la p\u00e1gina web de Denialink.<\/p>\n\n\n\n<h3 class=\"wp-block-heading\">Datos personales<\/h3>\n\n\n\n<p>Puede ser que Denialink necesite datos personales como: su nombre, direcci\u00f3n, correo electr\u00f3nico y n\u00famero de tel\u00e9fono para responder a sus preguntas y facilitarle informaci\u00f3n.<\/p>\n\n\n\n<p>Denialink puede utilizar estos datos para contestar a sus preguntas o para informarle sobre servicios o promociones de Denialink mediante correo electr\u00f3nico o por tel\u00e9fono.<\/p>\n\n\n\n<p>Denialink no dar\u00e1 estos datos a terceros sin su autorizaci\u00f3n a menos que Denialink est\u00e9 obligado a \u00e9sto mediante la legislaci\u00f3n aplicable.<\/p>\n\n\n\n<p>Adem\u00e1s de sus datos personale esta p\u00e1gina web puede utilizar tecnolog\u00edas que nos pongan en condiciones para obtener algunos datos tecnol\u00f3gicos como su direcci\u00f3n IP, el sistema de control de su ordenador, el tipo de browser que utiliza, su actuaci\u00f3n de navegar en la p\u00e1gina web y las direcciones de algunas p\u00e1ginas webs.<\/p>\n\n\n\n<h3 class=\"wp-block-heading\">Protecci\u00f3n<\/h3>\n\n\n\n<p>Siempre existe riesgo cuando se suministran datos personales mediante el tel\u00e9fono o Internet y ning\u00fan sistema o tecnolog\u00eda es completamente seguro o hackerproof. Por ese le rogamos que tenga en cuenta que Denialink ha tomado medidas apropiadas para evitar acceso ilegal o uso impropio de sus datos personales y minimizar la oportunidad de esto y garantizar la exactitud de esos datos. Denialink utiliza por ejemplo una tecnolog\u00eda de c\u00f3digo recogiendo y enviando informaci\u00f3n.<\/p>\n\n\n\n<h3 class=\"wp-block-heading\">Exactitud de los datos recogidos<\/h3>\n\n\n\n<p>Denialink puede, por propia iniciativa o a ruego del cliente, a\u00f1adir, corregir o eliminar datos personales que est\u00e9n en posesi\u00f3n de Denialink para el \u00f3ptimo funcionamiento de la p\u00e1gina bien porque est\u00e9n incompletos, incorrectos o anticuados.<\/p>\n\n\n\n<h3 class=\"wp-block-heading\">Identificaci\u00f3n de visitantes<\/h3>\n\n\n\n<p>Es posible que, de vez en cuando, Denialink ponga datos en su ordenador para que Denialink pueda identificarle. Esos datos se almacenan en forma de archivos llamados \u2018cookies\u2019. Esos cookies que contienen informaci\u00f3n sobre el modo y hora en que los usuarios utilizan la p\u00e1gina, dan a Denialink la adecuada informaci\u00f3n para seguir posicionando su p\u00e1gina.<br>El uso de cookies se base en un est\u00e1ndar generalmente v\u00e1lido y en muchas p\u00e1ginas se usan. Estos cookies son almacenados en su ordenador pero no en su p\u00e1gina. Si no quiere recibir cookies puede ajustar su browser para que tenga esta opci\u00f3n.<\/p>\n\n\n\n<h3 class=\"wp-block-heading\">Menores de edad<\/h3>\n\n\n\n<p>Personas menores de 18 a\u00f1os no pueden enviar datos a Denialink, solicitar sus servicios u otros actos jur\u00eddicos sin la autorizaci\u00f3n del padre o tutor legal, a menos que est\u00e1 autorizado por la legislaci\u00f3n aplicable.<\/p>\n\n\n\n<h3 class=\"wp-block-heading\">Modificaciones del sitio web<\/h3>\n\n\n\n<p>Denialink puede en todo momento y con o sin aviso, modificar esta pol\u00edtica de privacidad, modificar o anular el acceso a esta p\u00e1gina o modificar el contenido de la p\u00e1gina.<\/p>\n\n\n\n<h2 class=\"wp-block-heading\">Disclaimer<\/h2>\n\n\n\n<p>La informaci\u00f3n incluida en esta p\u00e1gina web solo sirve como gu\u00eda.<\/p>\n\n\n\n<p>Dado que las leyes, reglas y ordenanzas se modifican de vez en cuando y teniendo en cuenta las limitaciones inherentes de la comunicaci\u00f3n electr\u00f3nica, esta p\u00e1gina web puede sufrir retrasos, deficiencias o imprecisiones en el dominio de la informaci\u00f3n.<\/p>\n\n\n\n<p>Realizamos las gestiones oportunas para asegurar que la informaci\u00f3n de Denialink provenga de fuentes legales, aunque Denialink no se responsabiliza por faltas o deficiencias, o por el uso de la informaci\u00f3n reproducida en Denialink<\/p>\n\n\n\n<p>Toda la informaci\u00f3n en esta p\u00e1gina web es reproducida como se presenta sin garant\u00eda de exactitud o el uso de eso requerido, y sin ninguna garant\u00eda mencionada tanto expl\u00edcita o impl\u00edcita y no limitado a ning\u00fan rendimiento, uso o alguna aptitud por alg\u00fan objetivo.<\/p>\n\n\n\n<p>Denialink, sus sociedades, empresas o socios, representantes o empleados en ning\u00fan caso ser\u00e1n responsables por alguna decisi\u00f3n o acci\u00f3n hecha o emprendida en dependencia de la informaci\u00f3n reproducida en Denialink.<\/p>\n\n\n\n<p>Tampoco ser\u00e1 Denialink responsable por ciertos enlaces conectados a esta p\u00e1gina por medio de otras p\u00e1ginas mantenidos por otros quienes Denialink no puede controlar.<\/p>\n\n\n\n<p>Denialink no es responsable de la reproducci\u00f3n, exactitud u otros aspectos de informaci\u00f3n en otras p\u00e1ginas web.<\/p>\n","protected":false},"excerpt":{"rendered":"<p>Esta pol\u00edtica es aplicable a esta p\u00e1gina web. Lea antes de abandonar la pol\u00edtica de aislamiento aplicable a esta p\u00e1gina web que usted esta visitando en este momento. Si no est\u00e1 de acuerdo con esa pol\u00edtica, le rogamos no use esta p\u00e1gina. Si visita y usa esta p\u00e1gina web, indica que est\u00e1 de acuerdo con [&hellip;]<\/p>\n","protected":false},"author":1,"featured_media":0,"parent":0,"menu_order":0,"comment_status":"closed","ping_status":"closed","template":"","meta":{"_genesis_hide_title":false,"_genesis_hide_breadcrumbs":false,"_genesis_hide_singular_image":false,"_genesis_hide_footer_widgets":false,"_genesis_custom_body_class":"","_genesis_custom_post_class":"","_genesis_layout":"","footnotes":""},"class_list":{"0":"post-792","1":"page","2":"type-page","3":"status-publish","5":"entry"},"yoast_head":"<!-- This site is optimized with the Yoast SEO plugin v27.5 - https:\/\/yoast.com\/product\/yoast-seo-wordpress\/ -->\n<title>Pol\u00edtica de privacidad &#8226; Denialink<\/title>\n<meta name=\"robots\" content=\"noindex, follow\" \/>\n<meta property=\"og:locale\" content=\"es_ES\" \/>\n<meta property=\"og:type\" content=\"article\" \/>\n<meta property=\"og:title\" content=\"Pol\u00edtica de privacidad &#8226; Denialink\" \/>\n<meta property=\"og:description\" content=\"Esta pol\u00edtica es aplicable a esta p\u00e1gina web. Lea antes de abandonar la pol\u00edtica de aislamiento aplicable a esta p\u00e1gina web que usted esta visitando en este momento. Si no est\u00e1 de acuerdo con esa pol\u00edtica, le rogamos no use esta p\u00e1gina. Si visita y usa esta p\u00e1gina web, indica que est\u00e1 de acuerdo con [&hellip;]\" \/>\n<meta property=\"og:url\" content=\"https:\/\/denialink.com\/es\/politica-de-privacidad\/\" \/>\n<meta property=\"og:site_name\" content=\"Denialink\" \/>\n<meta property=\"article:modified_time\" content=\"2025-12-19T16:41:38+00:00\" \/>\n<meta property=\"og:image\" content=\"https:\/\/denialink.com\/wp-content\/uploads\/2025\/06\/denialink-logo.png\" \/>\n\t<meta property=\"og:image:width\" content=\"512\" \/>\n\t<meta property=\"og:image:height\" content=\"455\" \/>\n\t<meta property=\"og:image:type\" content=\"image\/png\" \/>\n<meta name=\"twitter:card\" content=\"summary_large_image\" \/>\n<script type=\"application\/ld+json\" class=\"yoast-schema-graph\">{\"@context\":\"https:\\\/\\\/schema.org\",\"@graph\":[{\"@type\":\"WebPage\",\"@id\":\"https:\\\/\\\/denialink.com\\\/es\\\/politica-de-privacidad\\\/\",\"url\":\"https:\\\/\\\/denialink.com\\\/es\\\/politica-de-privacidad\\\/\",\"name\":\"Pol\u00edtica de privacidad &#8226; Denialink\",\"isPartOf\":{\"@id\":\"https:\\\/\\\/denialink.com\\\/es\\\/#website\"},\"datePublished\":\"2025-12-19T16:30:35+00:00\",\"dateModified\":\"2025-12-19T16:41:38+00:00\",\"breadcrumb\":{\"@id\":\"https:\\\/\\\/denialink.com\\\/es\\\/politica-de-privacidad\\\/#breadcrumb\"},\"inLanguage\":\"es\",\"potentialAction\":[{\"@type\":\"ReadAction\",\"target\":[\"https:\\\/\\\/denialink.com\\\/es\\\/politica-de-privacidad\\\/\"]}]},{\"@type\":\"BreadcrumbList\",\"@id\":\"https:\\\/\\\/denialink.com\\\/es\\\/politica-de-privacidad\\\/#breadcrumb\",\"itemListElement\":[{\"@type\":\"ListItem\",\"position\":1,\"name\":\"Home\",\"item\":\"https:\\\/\\\/denialink.com\\\/es\\\/\"},{\"@type\":\"ListItem\",\"position\":2,\"name\":\"Pol\u00edtica de privacidad\"}]},{\"@type\":\"WebSite\",\"@id\":\"https:\\\/\\\/denialink.com\\\/es\\\/#website\",\"url\":\"https:\\\/\\\/denialink.com\\\/es\\\/\",\"name\":\"Denialink\",\"description\":\"\",\"publisher\":{\"@id\":\"https:\\\/\\\/denialink.com\\\/es\\\/#organization\"},\"potentialAction\":[{\"@type\":\"SearchAction\",\"target\":{\"@type\":\"EntryPoint\",\"urlTemplate\":\"https:\\\/\\\/denialink.com\\\/es\\\/?s={search_term_string}\"},\"query-input\":{\"@type\":\"PropertyValueSpecification\",\"valueRequired\":true,\"valueName\":\"search_term_string\"}}],\"inLanguage\":\"es\"},{\"@type\":\"Organization\",\"@id\":\"https:\\\/\\\/denialink.com\\\/es\\\/#organization\",\"name\":\"Denialink\",\"url\":\"https:\\\/\\\/denialink.com\\\/es\\\/\",\"logo\":{\"@type\":\"ImageObject\",\"inLanguage\":\"es\",\"@id\":\"https:\\\/\\\/denialink.com\\\/es\\\/#\\\/schema\\\/logo\\\/image\\\/\",\"url\":\"https:\\\/\\\/denialink.com\\\/wp-content\\\/uploads\\\/2025\\\/06\\\/denialink-logo.png\",\"contentUrl\":\"https:\\\/\\\/denialink.com\\\/wp-content\\\/uploads\\\/2025\\\/06\\\/denialink-logo.png\",\"width\":512,\"height\":455,\"caption\":\"Denialink\"},\"image\":{\"@id\":\"https:\\\/\\\/denialink.com\\\/es\\\/#\\\/schema\\\/logo\\\/image\\\/\"}}]}<\/script>\n<!-- \/ Yoast SEO plugin. -->","yoast_head_json":{"title":"Pol\u00edtica de privacidad &#8226; Denialink","robots":{"index":"noindex","follow":"follow"},"og_locale":"es_ES","og_type":"article","og_title":"Pol\u00edtica de privacidad &#8226; Denialink","og_description":"Esta pol\u00edtica es aplicable a esta p\u00e1gina web. Lea antes de abandonar la pol\u00edtica de aislamiento aplicable a esta p\u00e1gina web que usted esta visitando en este momento. Si no est\u00e1 de acuerdo con esa pol\u00edtica, le rogamos no use esta p\u00e1gina. Si visita y usa esta p\u00e1gina web, indica que est\u00e1 de acuerdo con [&hellip;]","og_url":"https:\/\/denialink.com\/es\/politica-de-privacidad\/","og_site_name":"Denialink","article_modified_time":"2025-12-19T16:41:38+00:00","og_image":[{"width":512,"height":455,"url":"https:\/\/denialink.com\/wp-content\/uploads\/2025\/06\/denialink-logo.png","type":"image\/png"}],"twitter_card":"summary_large_image","schema":{"@context":"https:\/\/schema.org","@graph":[{"@type":"WebPage","@id":"https:\/\/denialink.com\/es\/politica-de-privacidad\/","url":"https:\/\/denialink.com\/es\/politica-de-privacidad\/","name":"Pol\u00edtica de privacidad &#8226; Denialink","isPartOf":{"@id":"https:\/\/denialink.com\/es\/#website"},"datePublished":"2025-12-19T16:30:35+00:00","dateModified":"2025-12-19T16:41:38+00:00","breadcrumb":{"@id":"https:\/\/denialink.com\/es\/politica-de-privacidad\/#breadcrumb"},"inLanguage":"es","potentialAction":[{"@type":"ReadAction","target":["https:\/\/denialink.com\/es\/politica-de-privacidad\/"]}]},{"@type":"BreadcrumbList","@id":"https:\/\/denialink.com\/es\/politica-de-privacidad\/#breadcrumb","itemListElement":[{"@type":"ListItem","position":1,"name":"Home","item":"https:\/\/denialink.com\/es\/"},{"@type":"ListItem","position":2,"name":"Pol\u00edtica de privacidad"}]},{"@type":"WebSite","@id":"https:\/\/denialink.com\/es\/#website","url":"https:\/\/denialink.com\/es\/","name":"Denialink","description":"","publisher":{"@id":"https:\/\/denialink.com\/es\/#organization"},"potentialAction":[{"@type":"SearchAction","target":{"@type":"EntryPoint","urlTemplate":"https:\/\/denialink.com\/es\/?s={search_term_string}"},"query-input":{"@type":"PropertyValueSpecification","valueRequired":true,"valueName":"search_term_string"}}],"inLanguage":"es"},{"@type":"Organization","@id":"https:\/\/denialink.com\/es\/#organization","name":"Denialink","url":"https:\/\/denialink.com\/es\/","logo":{"@type":"ImageObject","inLanguage":"es","@id":"https:\/\/denialink.com\/es\/#\/schema\/logo\/image\/","url":"https:\/\/denialink.com\/wp-content\/uploads\/2025\/06\/denialink-logo.png","contentUrl":"https:\/\/denialink.com\/wp-content\/uploads\/2025\/06\/denialink-logo.png","width":512,"height":455,"caption":"Denialink"},"image":{"@id":"https:\/\/denialink.com\/es\/#\/schema\/logo\/image\/"}}]}},"_links":{"self":[{"href":"https:\/\/denialink.com\/es\/wp-json\/wp\/v2\/pages\/792","targetHints":{"allow":["GET"]}}],"collection":[{"href":"https:\/\/denialink.com\/es\/wp-json\/wp\/v2\/pages"}],"about":[{"href":"https:\/\/denialink.com\/es\/wp-json\/wp\/v2\/types\/page"}],"author":[{"embeddable":true,"href":"https:\/\/denialink.com\/es\/wp-json\/wp\/v2\/users\/1"}],"replies":[{"embeddable":true,"href":"https:\/\/denialink.com\/es\/wp-json\/wp\/v2\/comments?post=792"}],"version-history":[{"count":1,"href":"https:\/\/denialink.com\/es\/wp-json\/wp\/v2\/pages\/792\/revisions"}],"predecessor-version":[{"id":793,"href":"https:\/\/denialink.com\/es\/wp-json\/wp\/v2\/pages\/792\/revisions\/793"}],"wp:attachment":[{"href":"https:\/\/denialink.com\/es\/wp-json\/wp\/v2\/media?parent=792"}],"curies":[{"name":"wp","href":"https:\/\/api.w.org\/{rel}","templated":true}]}}