{"id":609,"date":"2025-03-08T16:42:34","date_gmt":"2025-03-08T15:42:34","guid":{"rendered":"https:\/\/denialink.com\/olie-en-gas-rubberslangen-ocimf-voor-laden-lossen\/"},"modified":"2025-12-21T20:27:05","modified_gmt":"2025-12-21T19:27:05","slug":"mangueras-de-caucho-para-petroleo-y-gas-ocimf-para-carga-y-descarga","status":"publish","type":"page","link":"https:\/\/denialink.com\/es\/mangueras-de-caucho-para-petroleo-y-gas-ocimf-para-carga-y-descarga\/","title":{"rendered":"Mangueras de caucho para petr\u00f3leo y gas (OCIMF) para carga y descarga"},"content":{"rendered":"\n<h1 class=\"wp-block-heading\">Mangueras de caucho para petr\u00f3leo y gas (OCIMF) para carga y descarga<\/h1>\n\n\n\n<p>En Denialink colaboramos con un proveedor global especializado en mangueras de caucho de alta calidad para la carga y descarga de petr\u00f3leo, gas y productos relacionados.<\/p>\n\n\n<div class=\"wp-block-image\">\n<figure class=\"aligncenter size-full\"><img loading=\"lazy\" decoding=\"async\" width=\"644\" height=\"363\" src=\"https:\/\/denialink.com\/wp-content\/uploads\/2025\/07\/olie-afvoerslangen.jpg\" alt=\"Olie afvoerslangen\" class=\"wp-image-153\" srcset=\"https:\/\/denialink.com\/wp-content\/uploads\/2025\/07\/olie-afvoerslangen.jpg 644w, https:\/\/denialink.com\/wp-content\/uploads\/2025\/07\/olie-afvoerslangen-300x169.jpg 300w\" sizes=\"auto, (max-width: 644px) 100vw, 644px\" \/><\/figure>\n<\/div>\n\n\n<p><strong>Toda la gama de mangueras cumple con las \u00faltimas recomendaciones y directrices de la OCIMF (OCIMF\u00a0Guide to Purchasing, Manufacturing and Testing of Loading and Discharge Hoses for Offshore Moorings, Fifth Edition 2009 \u2013 GMPHOM 2009).<\/strong><\/p>\n\n\n\n<p>Nuestro cat\u00e1logo incluye diversas mangueras de aspiraci\u00f3n y descarga de petr\u00f3leo de alto rendimiento, ampliamente utilizadas en sistemas offshore de amarre.\u00a0Adem\u00e1s, cumplen plenamente con los requisitos de la normativa <strong>&#8220;OCIMF m\u00e1s reciente (OCIMF\u00a0Guide to Purchasing, Manufacturing and Testing of Loading and Discharge Hoses for Offshore Moorings, Fifth Edition 2009 \u2013 GMPHOM 2009)&#8221;<\/strong>. Las mangueras de carga y descarga est\u00e1n disponibles con presiones de trabajo nominales de 15 BAR, 19 BAR y 21 BAR, o superiores para aplicaciones especiales o requisitos espec\u00edficos del cliente.<\/p>\n\n\n\n<p>La manguera Single Carcass est\u00e1 compuesta por tres elementos principales:<\/p>\n\n\n\n<ol class=\"wp-block-list\">\n<li>un revestimiento interior elastom\u00e9rico liso, resistente a diversos hidrocarburos;<\/li>\n\n\n\n<li>una cubierta elastom\u00e9rica reforzada est\u00e1ndar, con m\u00faltiples capas de cordones textiles resistentes a altas cargas de tracci\u00f3n y refuerzo helicoidal de acero integrado;<\/li>\n\n\n\n<li>una cubierta exterior elastom\u00e9rica reforzada con fibras, de larga durabilidad y excelente resistencia al desgaste, condiciones meteorol\u00f3gicas, radiaci\u00f3n solar, desgarros, aceite y penetraci\u00f3n de agua de mar.<\/li>\n<\/ol>\n\n\n\n<p>Adem\u00e1s de la cubierta est\u00e1ndar (tambi\u00e9n denominada \u201cprimaria\u201d), la manguera Double Carcass incorpora una segunda cubierta, dise\u00f1ada para contener cualquier producto que pudiera escapar a trav\u00e9s de la cubierta primaria durante una fuga lenta imprevista o un fallo repentino. Incluye un sistema integrado de detecci\u00f3n e indicaci\u00f3n de fugas, robusto, eficaz y fiable.<\/p>\n\n\n\n<p>La gama de mangueras Single Carcass y Double Carcass incluye soluciones para sistemas flotantes, submarinos y en suspensi\u00f3n, utilizados en instalaciones offshore de todo el mundo, tales como EPS, MBM, SBM, CALM, SALM y configuraciones de descarga en t\u00e1ndem.<\/p>\n\n\n\n<ul class=\"wp-block-list\">\n<li>Mangueras flotantes &#8211; Single Carcass \/ Double Carcass.\u00a0Empleadas en instalaciones offshore de alta integridad, como EPS, SBM, CALM, SALM, FPSO y FSO en configuraciones de descarga en t\u00e1ndem.<\/li>\n\n\n\n<li>Mangueras submarinas &#8211; Single Carcass \/ Double Carcass.\u00a0Muy utilizadas en aplicaciones offshore de alta integridad, como MBM, SBM, CALM, SALM\u00a0\u00a0(por ejemplo, configuraciones tipo Steep \u201cS\u201d, Lazy \u201cS\u201d y Chinese Lantern.<\/li>\n\n\n\n<li>Mangueras en suspensi\u00f3n (hang-off) &#8211; Single Carcass \/ Double Carcass\u00a0Usadas en instalaciones sometidas a elevadas cargas de tracci\u00f3n, tales como FPSO y FSO, especialmente en operaciones de descarga en t\u00e1ndem hacia DP shuttle tankers (por ejemplo: BLS, Reel, Chute, Cantilever hang-off).<\/li>\n<\/ul>\n\n\n\n<p>La gama de mangueras Single Carcass y Double Carcass se suministra con un conjunto completo de equipos auxiliares conformes a la gu\u00eda OCIMF \u201cOCIMF SPM Hose Ancillary Equipment Guide\u201d. Para m\u00e1s informaci\u00f3n sobre tipos espec\u00edficos de mangueras y sus aplicaciones, puede solicitarnos la documentaci\u00f3n t\u00e9cnica correspondiente.<\/p>\n\n\n\n<div class=\"wp-block-buttons is-layout-flex wp-block-buttons-is-layout-flex\"><div class=\"wp-block-button is-style-outline btn btn-tel is-style-outline--1\"><a class=\"wp-block-button__link has-text-color has-background has-link-color wp-element-button\" href=\"tel:+31613329118\">+31&nbsp;613329118<\/a><\/div><div class=\"wp-block-button is-style-outline btn btn-wa is-style-outline--2\"><a class=\"wp-block-button__link has-text-color has-background has-link-color wp-element-button\" href=\"whatsapp:\/\/send?phone=+31613329118\"><\/a><\/div><\/div><br>\n\n\n\n<p>Todas las mangueras cumplen plenamente las normas OCIMF (GMPHOM 2009). Se dise\u00f1an y fabrican bajo un sistema de calidad conforme a ISO 9001:2015, ISO 45001 e ISO 14001.<\/p>\n\n\n\n<p>La fabricaci\u00f3n y las pruebas de prototipos han sido supervisadas y verificadas por ABS (American Bureau of Shipping) como organismo certificador.<\/p>\n","protected":false},"excerpt":{"rendered":"<p>Mangueras de caucho para petr\u00f3leo y gas (OCIMF) para carga y descarga En Denialink colaboramos con un proveedor global especializado en mangueras de caucho de alta calidad para la carga y descarga de petr\u00f3leo, gas y productos relacionados. Toda la gama de mangueras cumple con las \u00faltimas recomendaciones y directrices de la OCIMF (OCIMF\u00a0Guide to [&hellip;]<\/p>\n","protected":false},"author":1,"featured_media":0,"parent":0,"menu_order":0,"comment_status":"closed","ping_status":"closed","template":"","meta":{"_genesis_hide_title":true,"_genesis_hide_breadcrumbs":false,"_genesis_hide_singular_image":false,"_genesis_hide_footer_widgets":false,"_genesis_custom_body_class":"","_genesis_custom_post_class":"","_genesis_layout":"","footnotes":""},"class_list":{"0":"post-609","1":"page","2":"type-page","3":"status-publish","5":"entry"},"yoast_head":"<!-- This site is optimized with the Yoast SEO plugin v27.5 - https:\/\/yoast.com\/product\/yoast-seo-wordpress\/ -->\n<title>Mangueras de caucho para petr\u00f3leo y gas (OCIMF) para carga y descarga &#8226; Denialink<\/title>\n<meta name=\"description\" content=\"Denialink colabora con un proveedor mundial l\u00edder en mangueras de caucho de alta calidad para petr\u00f3leo y gas, dise\u00f1adas para la carga y descarga de hidrocarburos y productos relacionados\" \/>\n<meta name=\"robots\" content=\"index, follow, max-snippet:-1, max-image-preview:large, max-video-preview:-1\" \/>\n<link rel=\"canonical\" href=\"https:\/\/denialink.com\/es\/mangueras-de-caucho-para-petroleo-y-gas-ocimf-para-carga-y-descarga\/\" \/>\n<meta property=\"og:locale\" content=\"es_ES\" \/>\n<meta property=\"og:type\" content=\"article\" \/>\n<meta property=\"og:title\" content=\"Mangueras de caucho para petr\u00f3leo y gas (OCIMF) para carga y descarga &#8226; Denialink\" \/>\n<meta property=\"og:description\" content=\"Denialink colabora con un proveedor mundial l\u00edder en mangueras de caucho de alta calidad para petr\u00f3leo y gas, dise\u00f1adas para la carga y descarga de hidrocarburos y productos relacionados\" \/>\n<meta property=\"og:url\" content=\"https:\/\/denialink.com\/es\/mangueras-de-caucho-para-petroleo-y-gas-ocimf-para-carga-y-descarga\/\" \/>\n<meta property=\"og:site_name\" content=\"Denialink\" \/>\n<meta property=\"article:modified_time\" content=\"2025-12-21T19:27:05+00:00\" \/>\n<meta property=\"og:image\" content=\"https:\/\/denialink.com\/wp-content\/uploads\/2025\/07\/olie-afvoerslangen.jpg\" \/>\n\t<meta property=\"og:image:width\" content=\"644\" \/>\n\t<meta property=\"og:image:height\" content=\"363\" \/>\n\t<meta property=\"og:image:type\" content=\"image\/jpeg\" \/>\n<meta name=\"twitter:card\" content=\"summary_large_image\" \/>\n<script type=\"application\/ld+json\" class=\"yoast-schema-graph\">{\"@context\":\"https:\\\/\\\/schema.org\",\"@graph\":[{\"@type\":\"WebPage\",\"@id\":\"https:\\\/\\\/denialink.com\\\/es\\\/mangueras-de-caucho-para-petroleo-y-gas-ocimf-para-carga-y-descarga\\\/\",\"url\":\"https:\\\/\\\/denialink.com\\\/es\\\/mangueras-de-caucho-para-petroleo-y-gas-ocimf-para-carga-y-descarga\\\/\",\"name\":\"Mangueras de caucho para petr\u00f3leo y gas (OCIMF) para carga y descarga &#8226; Denialink\",\"isPartOf\":{\"@id\":\"https:\\\/\\\/denialink.com\\\/es\\\/#website\"},\"primaryImageOfPage\":{\"@id\":\"https:\\\/\\\/denialink.com\\\/es\\\/mangueras-de-caucho-para-petroleo-y-gas-ocimf-para-carga-y-descarga\\\/#primaryimage\"},\"image\":{\"@id\":\"https:\\\/\\\/denialink.com\\\/es\\\/mangueras-de-caucho-para-petroleo-y-gas-ocimf-para-carga-y-descarga\\\/#primaryimage\"},\"thumbnailUrl\":\"https:\\\/\\\/denialink.com\\\/wp-content\\\/uploads\\\/2025\\\/07\\\/olie-afvoerslangen.jpg\",\"datePublished\":\"2025-03-08T15:42:34+00:00\",\"dateModified\":\"2025-12-21T19:27:05+00:00\",\"description\":\"Denialink colabora con un proveedor mundial l\u00edder en mangueras de caucho de alta calidad para petr\u00f3leo y gas, dise\u00f1adas para la carga y descarga de hidrocarburos y productos relacionados\",\"breadcrumb\":{\"@id\":\"https:\\\/\\\/denialink.com\\\/es\\\/mangueras-de-caucho-para-petroleo-y-gas-ocimf-para-carga-y-descarga\\\/#breadcrumb\"},\"inLanguage\":\"es\",\"potentialAction\":[{\"@type\":\"ReadAction\",\"target\":[\"https:\\\/\\\/denialink.com\\\/es\\\/mangueras-de-caucho-para-petroleo-y-gas-ocimf-para-carga-y-descarga\\\/\"]}]},{\"@type\":\"ImageObject\",\"inLanguage\":\"es\",\"@id\":\"https:\\\/\\\/denialink.com\\\/es\\\/mangueras-de-caucho-para-petroleo-y-gas-ocimf-para-carga-y-descarga\\\/#primaryimage\",\"url\":\"https:\\\/\\\/denialink.com\\\/wp-content\\\/uploads\\\/2025\\\/07\\\/olie-afvoerslangen.jpg\",\"contentUrl\":\"https:\\\/\\\/denialink.com\\\/wp-content\\\/uploads\\\/2025\\\/07\\\/olie-afvoerslangen.jpg\"},{\"@type\":\"BreadcrumbList\",\"@id\":\"https:\\\/\\\/denialink.com\\\/es\\\/mangueras-de-caucho-para-petroleo-y-gas-ocimf-para-carga-y-descarga\\\/#breadcrumb\",\"itemListElement\":[{\"@type\":\"ListItem\",\"position\":1,\"name\":\"Home\",\"item\":\"https:\\\/\\\/denialink.com\\\/es\\\/\"},{\"@type\":\"ListItem\",\"position\":2,\"name\":\"Mangueras de caucho para petr\u00f3leo y gas (OCIMF) para carga y descarga\"}]},{\"@type\":\"WebSite\",\"@id\":\"https:\\\/\\\/denialink.com\\\/es\\\/#website\",\"url\":\"https:\\\/\\\/denialink.com\\\/es\\\/\",\"name\":\"Denialink\",\"description\":\"\",\"publisher\":{\"@id\":\"https:\\\/\\\/denialink.com\\\/es\\\/#organization\"},\"potentialAction\":[{\"@type\":\"SearchAction\",\"target\":{\"@type\":\"EntryPoint\",\"urlTemplate\":\"https:\\\/\\\/denialink.com\\\/es\\\/?s={search_term_string}\"},\"query-input\":{\"@type\":\"PropertyValueSpecification\",\"valueRequired\":true,\"valueName\":\"search_term_string\"}}],\"inLanguage\":\"es\"},{\"@type\":\"Organization\",\"@id\":\"https:\\\/\\\/denialink.com\\\/es\\\/#organization\",\"name\":\"Denialink\",\"url\":\"https:\\\/\\\/denialink.com\\\/es\\\/\",\"logo\":{\"@type\":\"ImageObject\",\"inLanguage\":\"es\",\"@id\":\"https:\\\/\\\/denialink.com\\\/es\\\/#\\\/schema\\\/logo\\\/image\\\/\",\"url\":\"https:\\\/\\\/denialink.com\\\/wp-content\\\/uploads\\\/2025\\\/06\\\/denialink-logo.png\",\"contentUrl\":\"https:\\\/\\\/denialink.com\\\/wp-content\\\/uploads\\\/2025\\\/06\\\/denialink-logo.png\",\"width\":512,\"height\":455,\"caption\":\"Denialink\"},\"image\":{\"@id\":\"https:\\\/\\\/denialink.com\\\/es\\\/#\\\/schema\\\/logo\\\/image\\\/\"}}]}<\/script>\n<!-- \/ Yoast SEO plugin. -->","yoast_head_json":{"title":"Mangueras de caucho para petr\u00f3leo y gas (OCIMF) para carga y descarga &#8226; Denialink","description":"Denialink colabora con un proveedor mundial l\u00edder en mangueras de caucho de alta calidad para petr\u00f3leo y gas, dise\u00f1adas para la carga y descarga de hidrocarburos y productos relacionados","robots":{"index":"index","follow":"follow","max-snippet":"max-snippet:-1","max-image-preview":"max-image-preview:large","max-video-preview":"max-video-preview:-1"},"canonical":"https:\/\/denialink.com\/es\/mangueras-de-caucho-para-petroleo-y-gas-ocimf-para-carga-y-descarga\/","og_locale":"es_ES","og_type":"article","og_title":"Mangueras de caucho para petr\u00f3leo y gas (OCIMF) para carga y descarga &#8226; Denialink","og_description":"Denialink colabora con un proveedor mundial l\u00edder en mangueras de caucho de alta calidad para petr\u00f3leo y gas, dise\u00f1adas para la carga y descarga de hidrocarburos y productos relacionados","og_url":"https:\/\/denialink.com\/es\/mangueras-de-caucho-para-petroleo-y-gas-ocimf-para-carga-y-descarga\/","og_site_name":"Denialink","article_modified_time":"2025-12-21T19:27:05+00:00","og_image":[{"width":644,"height":363,"url":"https:\/\/denialink.com\/wp-content\/uploads\/2025\/07\/olie-afvoerslangen.jpg","type":"image\/jpeg"}],"twitter_card":"summary_large_image","schema":{"@context":"https:\/\/schema.org","@graph":[{"@type":"WebPage","@id":"https:\/\/denialink.com\/es\/mangueras-de-caucho-para-petroleo-y-gas-ocimf-para-carga-y-descarga\/","url":"https:\/\/denialink.com\/es\/mangueras-de-caucho-para-petroleo-y-gas-ocimf-para-carga-y-descarga\/","name":"Mangueras de caucho para petr\u00f3leo y gas (OCIMF) para carga y descarga &#8226; Denialink","isPartOf":{"@id":"https:\/\/denialink.com\/es\/#website"},"primaryImageOfPage":{"@id":"https:\/\/denialink.com\/es\/mangueras-de-caucho-para-petroleo-y-gas-ocimf-para-carga-y-descarga\/#primaryimage"},"image":{"@id":"https:\/\/denialink.com\/es\/mangueras-de-caucho-para-petroleo-y-gas-ocimf-para-carga-y-descarga\/#primaryimage"},"thumbnailUrl":"https:\/\/denialink.com\/wp-content\/uploads\/2025\/07\/olie-afvoerslangen.jpg","datePublished":"2025-03-08T15:42:34+00:00","dateModified":"2025-12-21T19:27:05+00:00","description":"Denialink colabora con un proveedor mundial l\u00edder en mangueras de caucho de alta calidad para petr\u00f3leo y gas, dise\u00f1adas para la carga y descarga de hidrocarburos y productos relacionados","breadcrumb":{"@id":"https:\/\/denialink.com\/es\/mangueras-de-caucho-para-petroleo-y-gas-ocimf-para-carga-y-descarga\/#breadcrumb"},"inLanguage":"es","potentialAction":[{"@type":"ReadAction","target":["https:\/\/denialink.com\/es\/mangueras-de-caucho-para-petroleo-y-gas-ocimf-para-carga-y-descarga\/"]}]},{"@type":"ImageObject","inLanguage":"es","@id":"https:\/\/denialink.com\/es\/mangueras-de-caucho-para-petroleo-y-gas-ocimf-para-carga-y-descarga\/#primaryimage","url":"https:\/\/denialink.com\/wp-content\/uploads\/2025\/07\/olie-afvoerslangen.jpg","contentUrl":"https:\/\/denialink.com\/wp-content\/uploads\/2025\/07\/olie-afvoerslangen.jpg"},{"@type":"BreadcrumbList","@id":"https:\/\/denialink.com\/es\/mangueras-de-caucho-para-petroleo-y-gas-ocimf-para-carga-y-descarga\/#breadcrumb","itemListElement":[{"@type":"ListItem","position":1,"name":"Home","item":"https:\/\/denialink.com\/es\/"},{"@type":"ListItem","position":2,"name":"Mangueras de caucho para petr\u00f3leo y gas (OCIMF) para carga y descarga"}]},{"@type":"WebSite","@id":"https:\/\/denialink.com\/es\/#website","url":"https:\/\/denialink.com\/es\/","name":"Denialink","description":"","publisher":{"@id":"https:\/\/denialink.com\/es\/#organization"},"potentialAction":[{"@type":"SearchAction","target":{"@type":"EntryPoint","urlTemplate":"https:\/\/denialink.com\/es\/?s={search_term_string}"},"query-input":{"@type":"PropertyValueSpecification","valueRequired":true,"valueName":"search_term_string"}}],"inLanguage":"es"},{"@type":"Organization","@id":"https:\/\/denialink.com\/es\/#organization","name":"Denialink","url":"https:\/\/denialink.com\/es\/","logo":{"@type":"ImageObject","inLanguage":"es","@id":"https:\/\/denialink.com\/es\/#\/schema\/logo\/image\/","url":"https:\/\/denialink.com\/wp-content\/uploads\/2025\/06\/denialink-logo.png","contentUrl":"https:\/\/denialink.com\/wp-content\/uploads\/2025\/06\/denialink-logo.png","width":512,"height":455,"caption":"Denialink"},"image":{"@id":"https:\/\/denialink.com\/es\/#\/schema\/logo\/image\/"}}]}},"_links":{"self":[{"href":"https:\/\/denialink.com\/es\/wp-json\/wp\/v2\/pages\/609","targetHints":{"allow":["GET"]}}],"collection":[{"href":"https:\/\/denialink.com\/es\/wp-json\/wp\/v2\/pages"}],"about":[{"href":"https:\/\/denialink.com\/es\/wp-json\/wp\/v2\/types\/page"}],"author":[{"embeddable":true,"href":"https:\/\/denialink.com\/es\/wp-json\/wp\/v2\/users\/1"}],"replies":[{"embeddable":true,"href":"https:\/\/denialink.com\/es\/wp-json\/wp\/v2\/comments?post=609"}],"version-history":[{"count":1,"href":"https:\/\/denialink.com\/es\/wp-json\/wp\/v2\/pages\/609\/revisions"}],"predecessor-version":[{"id":611,"href":"https:\/\/denialink.com\/es\/wp-json\/wp\/v2\/pages\/609\/revisions\/611"}],"wp:attachment":[{"href":"https:\/\/denialink.com\/es\/wp-json\/wp\/v2\/media?parent=609"}],"curies":[{"name":"wp","href":"https:\/\/api.w.org\/{rel}","templated":true}]}}