{"id":568,"date":"2025-03-08T16:13:10","date_gmt":"2025-03-08T15:13:10","guid":{"rendered":"https:\/\/denialink.com\/dragas-y-componentes\/"},"modified":"2025-12-21T20:17:14","modified_gmt":"2025-12-21T19:17:14","slug":"dragas-y-componentes","status":"publish","type":"page","link":"https:\/\/denialink.com\/es\/dragas-y-componentes\/","title":{"rendered":"Dragas y componentes"},"content":{"rendered":"\n<h1 class=\"wp-block-heading alignwide has-text-align-center\">Denialink \u2013 Dragas y componentes<\/h1>\n\n<figure class=\"wp-block-image alignwide size-full\"><img loading=\"lazy\" decoding=\"async\" width=\"713\" height=\"135\" src=\"https:\/\/denialink.com\/wp-content\/uploads\/2025\/07\/illustraties-van-verschillende-soorten-baggerschepen.png\" alt=\"Ilustraci&#xF3;n de varias Dragas y componentes\" class=\"wp-image-377\" srcset=\"https:\/\/denialink.com\/wp-content\/uploads\/2025\/07\/illustraties-van-verschillende-soorten-baggerschepen.png 713w, https:\/\/denialink.com\/wp-content\/uploads\/2025\/07\/illustraties-van-verschillende-soorten-baggerschepen-300x57.png 300w\" sizes=\"auto, (max-width: 713px) 100vw, 713px\" \/><\/figure>\n\n<div class=\"wp-block-columns alignwide is-layout-flex wp-container-core-columns-is-layout-9d6595d7 wp-block-columns-is-layout-flex\">\n<div class=\"wp-block-column is-layout-flow wp-block-column-is-layout-flow\">\n<p>En Denialink, en colaboraci\u00f3n con nuestros socios estrat\u00e9gicos, ofrecemos un paquete completo de dragas y sus componentes, tanto nuevos como de segunda mano.<\/p>\n\n\n\n<ul class=\"wp-block-list\">\n<li>Dragas de succi\u00f3n (s.d.).<\/li>\n\n\n\n<li>Dragas de succi\u00f3n con cortador (c.s.d.).<\/li>\n\n\n\n<li>Dragas de succi\u00f3n en marcha \/ arrastre (t.s.h.d.).<\/li>\n\n\n\n<li>Otras dragas, por ejemplo, draga de pala (backhoe).<\/li>\n\n\n\n<li>Remolcadores\/Tugs.<\/li>\n\n\n\n<li>Barcazas de asistencia (workboats, multicats, etc.).<\/li>\n<\/ul>\n<\/div>\n<\/div>\n\n<div class=\"wp-block-columns alignwide is-layout-flex wp-container-core-columns-is-layout-9d6595d7 wp-block-columns-is-layout-flex\">\n<div class=\"wp-block-column is-layout-flow wp-block-column-is-layout-flow\">\n<p>Tambi\u00e9n suministramos componentes para dragas, entre otros:<\/p>\n\n\n\n<ul class=\"wp-block-list\">\n<li>Unidad de draga cabezal de corte<\/li>\n\n\n\n<li>Draga dientes cabezal<\/li>\n\n\n\n<li>Pont\u00f3n de palos\/Spud pontoon<\/li>\n\n\n\n<li>Spuds \/ Pilotes de anclaje<\/li>\n\n\n\n<li>Cabrestantes<\/li>\n\n\n\n<li>Brazos de anclas<\/li>\n\n\n\n<li>Compensadores de oleaje<\/li>\n\n\n\n<li>Instrumentaci\u00f3n de dragado<\/li>\n\n\n\n<li>Cabeza de arrastre<\/li>\n\n\n\n<li>V\u00e1lvulas<\/li>\n\n\n\n<li>Acoplamiento de proa<\/li>\n\n\n\n<li>Sistema de agua a chorro (jet water system)<\/li>\n\n\n\n<li>Compuertas de fondo<\/li>\n\n\n\n<li>Instalaci\u00f3n Rainbow<\/li>\n\n\n\n<li>Sistemas de la cantara<\/li>\n\n\n\n<li>Bombas de dragado<\/li>\n\n\n\n<li>Motores<\/li>\n\n\n\n<li>Bombas de dragado sumergibles<\/li>\n\n\n\n<li>Estaci\u00f3n de reimpulsi\u00f3n (boosters)<\/li>\n\n\n\n<li>L\u00edneas de dragado de descarga<\/li>\n\n\n\n<li>Mangueras de caucho de descarga, flotantes y no flotantes, y mangueras de succi\u00f3n<\/li>\n\n\n\n<li>Tubos de descarga, met\u00e1licos y de HDPE<\/li>\n\n\n\n<li>Acoplamiento (ball joints)<\/li>\n\n\n\n<li>Mangueras de conexi\u00f3n (sleeves)<\/li>\n\n\n\n<li>Flotadores de PE para tubos de dragado<\/li>\n\n\n\n<li>Etc\u00e9tera<\/li>\n<\/ul>\n<\/div>\n\n\n\n<div class=\"wp-block-column is-layout-flow wp-block-column-is-layout-flow\"><div class=\"wp-block-image\">\n<figure class=\"aligncenter size-full\"><img loading=\"lazy\" decoding=\"async\" width=\"138\" height=\"365\" src=\"https:\/\/denialink.com\/wp-content\/uploads\/2025\/07\/hydraulische-afsluiter-voor-baggerslangen.png\" alt=\"V&#xE1;lvula hidr&#xE1;ulica para mangueras de dragado\" class=\"wp-image-342\" srcset=\"https:\/\/denialink.com\/wp-content\/uploads\/2025\/07\/hydraulische-afsluiter-voor-baggerslangen.png 138w, https:\/\/denialink.com\/wp-content\/uploads\/2025\/07\/hydraulische-afsluiter-voor-baggerslangen-113x300.png 113w\" sizes=\"auto, (max-width: 138px) 100vw, 138px\" \/><\/figure>\n<\/div>\n\n<div class=\"wp-block-image\">\n<figure class=\"aligncenter size-full\"><img loading=\"lazy\" decoding=\"async\" width=\"256\" height=\"241\" src=\"https:\/\/denialink.com\/wp-content\/uploads\/2025\/07\/uitlaatstuk-hoedje-voor-baggerslangen.png\" alt=\"Boquilla\/caperuza para mangueras de dragado\" class=\"wp-image-345\"\/><\/figure>\n<\/div>\n\n<div class=\"wp-block-image\">\n<figure class=\"aligncenter size-medium\"><img loading=\"lazy\" decoding=\"async\" width=\"187\" height=\"300\" src=\"https:\/\/denialink.com\/wp-content\/uploads\/2025\/12\/onderwater-baggerpomp-187x300.jpg\" alt=\"Bomba de dragado sumergible\" class=\"wp-image-633\" srcset=\"https:\/\/denialink.com\/wp-content\/uploads\/2025\/12\/onderwater-baggerpomp-187x300.jpg 187w, https:\/\/denialink.com\/wp-content\/uploads\/2025\/12\/onderwater-baggerpomp-639x1024.jpg 639w, https:\/\/denialink.com\/wp-content\/uploads\/2025\/12\/onderwater-baggerpomp-768x1230.jpg 768w, https:\/\/denialink.com\/wp-content\/uploads\/2025\/12\/onderwater-baggerpomp-959x1536.jpg 959w, https:\/\/denialink.com\/wp-content\/uploads\/2025\/12\/onderwater-baggerpomp.jpg 999w\" sizes=\"auto, (max-width: 187px) 100vw, 187px\" \/><\/figure>\n<\/div>\n\n<div class=\"wp-block-image\">\n<figure class=\"aligncenter size-medium\"><img loading=\"lazy\" decoding=\"async\" width=\"266\" height=\"300\" src=\"https:\/\/denialink.com\/wp-content\/uploads\/2025\/07\/offshore-drijver-voor-persleidingen-266x300.png\" alt=\"Flotadores de PE para tubos de dragado\" class=\"wp-image-95\" srcset=\"https:\/\/denialink.com\/wp-content\/uploads\/2025\/07\/offshore-drijver-voor-persleidingen-266x300.png 266w, https:\/\/denialink.com\/wp-content\/uploads\/2025\/07\/offshore-drijver-voor-persleidingen.png 500w\" sizes=\"auto, (max-width: 266px) 100vw, 266px\" \/><\/figure>\n<\/div><\/div>\n<\/div>\n","protected":false},"excerpt":{"rendered":"<p>Denialink \u2013 Dragas y componentes En Denialink, en colaboraci\u00f3n con nuestros socios estrat\u00e9gicos, ofrecemos un paquete completo de dragas y sus componentes, tanto nuevos como de segunda mano. Tambi\u00e9n suministramos componentes para dragas, entre otros:<\/p>\n","protected":false},"author":1,"featured_media":0,"parent":0,"menu_order":0,"comment_status":"closed","ping_status":"closed","template":"","meta":{"_genesis_hide_title":true,"_genesis_hide_breadcrumbs":false,"_genesis_hide_singular_image":false,"_genesis_hide_footer_widgets":false,"_genesis_custom_body_class":"","_genesis_custom_post_class":"","_genesis_layout":"","footnotes":""},"class_list":{"0":"post-568","1":"page","2":"type-page","3":"status-publish","5":"entry","6":"has-post-thumbnail"},"yoast_head":"<!-- This site is optimized with the Yoast SEO plugin v27.5 - https:\/\/yoast.com\/product\/yoast-seo-wordpress\/ -->\n<title>Dragas y componentes &#8226; Denialink<\/title>\n<meta name=\"description\" content=\"Denialink, en colaboraci\u00f3n con nuestros socios estrat\u00e9gicos, ofrece un paquete completo de dragas y sus componentes, tanto nuevos como usados\" \/>\n<meta name=\"robots\" content=\"index, follow, max-snippet:-1, max-image-preview:large, max-video-preview:-1\" \/>\n<link rel=\"canonical\" href=\"https:\/\/denialink.com\/es\/dragas-y-componentes\/\" \/>\n<meta property=\"og:locale\" content=\"es_ES\" \/>\n<meta property=\"og:type\" content=\"article\" \/>\n<meta property=\"og:title\" content=\"Dragas y componentes &#8226; Denialink\" \/>\n<meta property=\"og:description\" content=\"Denialink, en colaboraci\u00f3n con nuestros socios estrat\u00e9gicos, ofrece un paquete completo de dragas y sus componentes, tanto nuevos como usados\" \/>\n<meta property=\"og:url\" content=\"https:\/\/denialink.com\/es\/dragas-y-componentes\/\" \/>\n<meta property=\"og:site_name\" content=\"Denialink\" \/>\n<meta property=\"article:modified_time\" content=\"2025-12-21T19:17:14+00:00\" \/>\n<meta property=\"og:image\" content=\"https:\/\/denialink.com\/wp-content\/uploads\/2025\/07\/illustraties-van-verschillende-soorten-baggerschepen.png\" \/>\n\t<meta property=\"og:image:width\" content=\"713\" \/>\n\t<meta property=\"og:image:height\" content=\"135\" \/>\n\t<meta property=\"og:image:type\" content=\"image\/png\" \/>\n<meta name=\"twitter:card\" content=\"summary_large_image\" \/>\n<script type=\"application\/ld+json\" class=\"yoast-schema-graph\">{\"@context\":\"https:\\\/\\\/schema.org\",\"@graph\":[{\"@type\":\"WebPage\",\"@id\":\"https:\\\/\\\/denialink.com\\\/es\\\/dragas-y-componentes\\\/\",\"url\":\"https:\\\/\\\/denialink.com\\\/es\\\/dragas-y-componentes\\\/\",\"name\":\"Dragas y componentes &#8226; Denialink\",\"isPartOf\":{\"@id\":\"https:\\\/\\\/denialink.com\\\/es\\\/#website\"},\"primaryImageOfPage\":{\"@id\":\"https:\\\/\\\/denialink.com\\\/es\\\/dragas-y-componentes\\\/#primaryimage\"},\"image\":{\"@id\":\"https:\\\/\\\/denialink.com\\\/es\\\/dragas-y-componentes\\\/#primaryimage\"},\"thumbnailUrl\":\"https:\\\/\\\/denialink.com\\\/wp-content\\\/uploads\\\/2025\\\/07\\\/illustraties-van-verschillende-soorten-baggerschepen.png\",\"datePublished\":\"2025-03-08T15:13:10+00:00\",\"dateModified\":\"2025-12-21T19:17:14+00:00\",\"description\":\"Denialink, en colaboraci\u00f3n con nuestros socios estrat\u00e9gicos, ofrece un paquete completo de dragas y sus componentes, tanto nuevos como usados\",\"breadcrumb\":{\"@id\":\"https:\\\/\\\/denialink.com\\\/es\\\/dragas-y-componentes\\\/#breadcrumb\"},\"inLanguage\":\"es\",\"potentialAction\":[{\"@type\":\"ReadAction\",\"target\":[\"https:\\\/\\\/denialink.com\\\/es\\\/dragas-y-componentes\\\/\"]}]},{\"@type\":\"ImageObject\",\"inLanguage\":\"es\",\"@id\":\"https:\\\/\\\/denialink.com\\\/es\\\/dragas-y-componentes\\\/#primaryimage\",\"url\":\"https:\\\/\\\/denialink.com\\\/wp-content\\\/uploads\\\/2025\\\/07\\\/illustraties-van-verschillende-soorten-baggerschepen.png\",\"contentUrl\":\"https:\\\/\\\/denialink.com\\\/wp-content\\\/uploads\\\/2025\\\/07\\\/illustraties-van-verschillende-soorten-baggerschepen.png\"},{\"@type\":\"BreadcrumbList\",\"@id\":\"https:\\\/\\\/denialink.com\\\/es\\\/dragas-y-componentes\\\/#breadcrumb\",\"itemListElement\":[{\"@type\":\"ListItem\",\"position\":1,\"name\":\"Home\",\"item\":\"https:\\\/\\\/denialink.com\\\/es\\\/\"},{\"@type\":\"ListItem\",\"position\":2,\"name\":\"Dragas y componentes\"}]},{\"@type\":\"WebSite\",\"@id\":\"https:\\\/\\\/denialink.com\\\/es\\\/#website\",\"url\":\"https:\\\/\\\/denialink.com\\\/es\\\/\",\"name\":\"Denialink\",\"description\":\"\",\"publisher\":{\"@id\":\"https:\\\/\\\/denialink.com\\\/es\\\/#organization\"},\"potentialAction\":[{\"@type\":\"SearchAction\",\"target\":{\"@type\":\"EntryPoint\",\"urlTemplate\":\"https:\\\/\\\/denialink.com\\\/es\\\/?s={search_term_string}\"},\"query-input\":{\"@type\":\"PropertyValueSpecification\",\"valueRequired\":true,\"valueName\":\"search_term_string\"}}],\"inLanguage\":\"es\"},{\"@type\":\"Organization\",\"@id\":\"https:\\\/\\\/denialink.com\\\/es\\\/#organization\",\"name\":\"Denialink\",\"url\":\"https:\\\/\\\/denialink.com\\\/es\\\/\",\"logo\":{\"@type\":\"ImageObject\",\"inLanguage\":\"es\",\"@id\":\"https:\\\/\\\/denialink.com\\\/es\\\/#\\\/schema\\\/logo\\\/image\\\/\",\"url\":\"https:\\\/\\\/denialink.com\\\/wp-content\\\/uploads\\\/2025\\\/06\\\/denialink-logo.png\",\"contentUrl\":\"https:\\\/\\\/denialink.com\\\/wp-content\\\/uploads\\\/2025\\\/06\\\/denialink-logo.png\",\"width\":512,\"height\":455,\"caption\":\"Denialink\"},\"image\":{\"@id\":\"https:\\\/\\\/denialink.com\\\/es\\\/#\\\/schema\\\/logo\\\/image\\\/\"}}]}<\/script>\n<!-- \/ Yoast SEO plugin. -->","yoast_head_json":{"title":"Dragas y componentes &#8226; Denialink","description":"Denialink, en colaboraci\u00f3n con nuestros socios estrat\u00e9gicos, ofrece un paquete completo de dragas y sus componentes, tanto nuevos como usados","robots":{"index":"index","follow":"follow","max-snippet":"max-snippet:-1","max-image-preview":"max-image-preview:large","max-video-preview":"max-video-preview:-1"},"canonical":"https:\/\/denialink.com\/es\/dragas-y-componentes\/","og_locale":"es_ES","og_type":"article","og_title":"Dragas y componentes &#8226; Denialink","og_description":"Denialink, en colaboraci\u00f3n con nuestros socios estrat\u00e9gicos, ofrece un paquete completo de dragas y sus componentes, tanto nuevos como usados","og_url":"https:\/\/denialink.com\/es\/dragas-y-componentes\/","og_site_name":"Denialink","article_modified_time":"2025-12-21T19:17:14+00:00","og_image":[{"width":713,"height":135,"url":"https:\/\/denialink.com\/wp-content\/uploads\/2025\/07\/illustraties-van-verschillende-soorten-baggerschepen.png","type":"image\/png"}],"twitter_card":"summary_large_image","schema":{"@context":"https:\/\/schema.org","@graph":[{"@type":"WebPage","@id":"https:\/\/denialink.com\/es\/dragas-y-componentes\/","url":"https:\/\/denialink.com\/es\/dragas-y-componentes\/","name":"Dragas y componentes &#8226; Denialink","isPartOf":{"@id":"https:\/\/denialink.com\/es\/#website"},"primaryImageOfPage":{"@id":"https:\/\/denialink.com\/es\/dragas-y-componentes\/#primaryimage"},"image":{"@id":"https:\/\/denialink.com\/es\/dragas-y-componentes\/#primaryimage"},"thumbnailUrl":"https:\/\/denialink.com\/wp-content\/uploads\/2025\/07\/illustraties-van-verschillende-soorten-baggerschepen.png","datePublished":"2025-03-08T15:13:10+00:00","dateModified":"2025-12-21T19:17:14+00:00","description":"Denialink, en colaboraci\u00f3n con nuestros socios estrat\u00e9gicos, ofrece un paquete completo de dragas y sus componentes, tanto nuevos como usados","breadcrumb":{"@id":"https:\/\/denialink.com\/es\/dragas-y-componentes\/#breadcrumb"},"inLanguage":"es","potentialAction":[{"@type":"ReadAction","target":["https:\/\/denialink.com\/es\/dragas-y-componentes\/"]}]},{"@type":"ImageObject","inLanguage":"es","@id":"https:\/\/denialink.com\/es\/dragas-y-componentes\/#primaryimage","url":"https:\/\/denialink.com\/wp-content\/uploads\/2025\/07\/illustraties-van-verschillende-soorten-baggerschepen.png","contentUrl":"https:\/\/denialink.com\/wp-content\/uploads\/2025\/07\/illustraties-van-verschillende-soorten-baggerschepen.png"},{"@type":"BreadcrumbList","@id":"https:\/\/denialink.com\/es\/dragas-y-componentes\/#breadcrumb","itemListElement":[{"@type":"ListItem","position":1,"name":"Home","item":"https:\/\/denialink.com\/es\/"},{"@type":"ListItem","position":2,"name":"Dragas y componentes"}]},{"@type":"WebSite","@id":"https:\/\/denialink.com\/es\/#website","url":"https:\/\/denialink.com\/es\/","name":"Denialink","description":"","publisher":{"@id":"https:\/\/denialink.com\/es\/#organization"},"potentialAction":[{"@type":"SearchAction","target":{"@type":"EntryPoint","urlTemplate":"https:\/\/denialink.com\/es\/?s={search_term_string}"},"query-input":{"@type":"PropertyValueSpecification","valueRequired":true,"valueName":"search_term_string"}}],"inLanguage":"es"},{"@type":"Organization","@id":"https:\/\/denialink.com\/es\/#organization","name":"Denialink","url":"https:\/\/denialink.com\/es\/","logo":{"@type":"ImageObject","inLanguage":"es","@id":"https:\/\/denialink.com\/es\/#\/schema\/logo\/image\/","url":"https:\/\/denialink.com\/wp-content\/uploads\/2025\/06\/denialink-logo.png","contentUrl":"https:\/\/denialink.com\/wp-content\/uploads\/2025\/06\/denialink-logo.png","width":512,"height":455,"caption":"Denialink"},"image":{"@id":"https:\/\/denialink.com\/es\/#\/schema\/logo\/image\/"}}]}},"_links":{"self":[{"href":"https:\/\/denialink.com\/es\/wp-json\/wp\/v2\/pages\/568","targetHints":{"allow":["GET"]}}],"collection":[{"href":"https:\/\/denialink.com\/es\/wp-json\/wp\/v2\/pages"}],"about":[{"href":"https:\/\/denialink.com\/es\/wp-json\/wp\/v2\/types\/page"}],"author":[{"embeddable":true,"href":"https:\/\/denialink.com\/es\/wp-json\/wp\/v2\/users\/1"}],"replies":[{"embeddable":true,"href":"https:\/\/denialink.com\/es\/wp-json\/wp\/v2\/comments?post=568"}],"version-history":[{"count":3,"href":"https:\/\/denialink.com\/es\/wp-json\/wp\/v2\/pages\/568\/revisions"}],"predecessor-version":[{"id":786,"href":"https:\/\/denialink.com\/es\/wp-json\/wp\/v2\/pages\/568\/revisions\/786"}],"wp:attachment":[{"href":"https:\/\/denialink.com\/es\/wp-json\/wp\/v2\/media?parent=568"}],"curies":[{"name":"wp","href":"https:\/\/api.w.org\/{rel}","templated":true}]}}