{"id":566,"date":"2025-03-08T16:08:22","date_gmt":"2025-03-08T15:08:22","guid":{"rendered":"https:\/\/denialink.com\/tubos-de-dragado-de-acero-y-hdpe-con-accesorios\/"},"modified":"2025-12-21T20:16:04","modified_gmt":"2025-12-21T19:16:04","slug":"tubos-de-dragado-de-acero-y-pead-y-accesorios","status":"publish","type":"page","link":"https:\/\/denialink.com\/es\/tubos-de-dragado-de-acero-y-pead-y-accesorios\/","title":{"rendered":"Tubos de dragado de acero y PEAD con accesorios"},"content":{"rendered":"\n<h1 class=\"wp-block-heading alignwide\"><strong>Tubos de dragado de acero y PEAD con accesorios<\/strong><\/h1>\n\n<div class=\"wp-block-columns alignwide is-layout-flex wp-container-core-columns-is-layout-9d6595d7 wp-block-columns-is-layout-flex\">\n<div class=\"wp-block-column is-layout-flow wp-block-column-is-layout-flow\" style=\"flex-basis:66.66%\">\n<h2 class=\"wp-block-heading\"><strong>Tubos de acero<\/strong><\/h2>\n\n\n\n<p>Los tubos de descarga de dragado terrestre est\u00e1n principalmente fabricados en acero, normalmente con bridas y diversos accesorios, como:<\/p>\n\n\n\n<ul class=\"wp-block-list\">\n<li>Curvas de diferentes tama\u00f1os<\/li>\n\n\n\n<li>V\u00e1lvulas, operadas manual o hidr\u00e1ulicamente<\/li>\n\n\n\n<li>R\u00f3tulas (juntas esf\u00e9ricas)<\/li>\n\n\n\n<li>Piezas de derivaci\u00f3n \/ bifurcaci\u00f3n<\/li>\n\n\n\n<li>Salidas \/ tapas de extremo<\/li>\n\n\n\n<li>Tolvas \/ cajas de descarga<\/li>\n\n\n\n<li>Reductores<\/li>\n\n\n\n<li>Salidas de aire (ventiladores)<\/li>\n\n\n\n<li>Etc\u00e9tera<\/li>\n<\/ul>\n\n\n\n<p>En aplicaciones mar\u00edtimas, los tubos pueden equiparse con flotadores y, si es necesario, con mangueras de conexi\u00f3n entre los tramos. Los tubos de acero tambi\u00e9n se utilizan para instalar una linea submarina; en ese caso, las conexiones se realizan mediante soldadura.<\/p>\n<\/div>\n\n\n\n<div class=\"wp-block-column is-layout-flow wp-block-column-is-layout-flow\" style=\"flex-basis:33.33%\"><div class=\"wp-block-image\">\n<figure class=\"aligncenter size-full\"><img loading=\"lazy\" decoding=\"async\" width=\"138\" height=\"365\" src=\"https:\/\/denialink.com\/wp-content\/uploads\/2025\/07\/hydraulische-afsluiter-voor-baggerslangen.png\" alt=\"V&#xE1;lvula hidr&#xE1;ulica para mangueras de dragado\" class=\"wp-image-342\" srcset=\"https:\/\/denialink.com\/wp-content\/uploads\/2025\/07\/hydraulische-afsluiter-voor-baggerslangen.png 138w, https:\/\/denialink.com\/wp-content\/uploads\/2025\/07\/hydraulische-afsluiter-voor-baggerslangen-113x300.png 113w\" sizes=\"auto, (max-width: 138px) 100vw, 138px\" \/><figcaption class=\"wp-element-caption\">V\u00e1lvula<\/figcaption><\/figure>\n<\/div>\n\n<div class=\"wp-block-image\">\n<figure class=\"aligncenter size-full\"><img loading=\"lazy\" decoding=\"async\" width=\"256\" height=\"241\" src=\"https:\/\/denialink.com\/wp-content\/uploads\/2025\/07\/uitlaatstuk-hoedje-voor-baggerslangen.png\" alt=\"Boquilla\/caperuza para mangueras de dragado\" class=\"wp-image-345\"\/><figcaption class=\"wp-element-caption\">Boquilla<\/figcaption><\/figure>\n<\/div><\/div>\n<\/div>\n\n<h2 class=\"wp-block-heading\"><strong>Tubos de gragado de HDPE (polietileno de alta densidad)<\/strong><\/h2>\n<div class=\"wp-block-image\">\n<figure class=\"aligncenter size-full\"><img loading=\"lazy\" decoding=\"async\" width=\"697\" height=\"587\" src=\"https:\/\/denialink.com\/wp-content\/uploads\/2025\/07\/high-density-polyethylene-hdpe-baggerpijpen.png\" alt=\"Tubos de gragado de polietileno de alta densidad (HDPE)\" class=\"wp-image-339\" srcset=\"https:\/\/denialink.com\/wp-content\/uploads\/2025\/07\/high-density-polyethylene-hdpe-baggerpijpen.png 697w, https:\/\/denialink.com\/wp-content\/uploads\/2025\/07\/high-density-polyethylene-hdpe-baggerpijpen-300x253.png 300w\" sizes=\"auto, (max-width: 697px) 100vw, 697px\" \/><\/figure>\n<\/div>\n<p>Los tubos de dragado de PEAD (HDPE) presentan propiedades \u00fanicas para un uso prolongado; son resistentes a la corrosi\u00f3n, al desgaste y pr\u00e1cticamente libre de mantenimiento, adecuados para mar, lagos y r\u00edos. Estos tubos est\u00e1n equipados con extremos tipo stub-end y bridas de acero.<br\/><br\/>Para aumentar la flexibilidad de una linea de tubos PEAD, se montan mangueras de conexi\u00f3n (sleeves) entre los tubos. <\/p>\n\n<p>Aplicaciones:<\/p>\n\n<ul class=\"wp-block-list\">\n<li>Tuber\u00edas de dragado.<\/li>\n\n\n\n<li>Tuber\u00edas de agua (residual o sucia).<\/li>\n\n\n\n<li>Transporte de lodos (slurry).<\/li>\n\n\n\n<li>Carcasas de cables.<\/li>\n\n\n\n<li>Acuicultura (granjas de peces).<\/li>\n<\/ul>\n\n<p>Caracter\u00edsticas:<\/p>\n\n<ul class=\"wp-block-list\">\n<li>Fabricados con material compuesto 80 PE o 100 PE.<\/li>\n\n\n\n<li>Ligero y de instalaci\u00f3n sencilla.<\/li>\n\n\n\n<li>Flexibilidad.<\/li>\n\n\n\n<li>Excelente resistencia a la radiaci\u00f3n UV y a las inclemencias meteorol\u00f3gicas.<\/li>\n\n\n\n<li>Combinable con flotadores de PE para tuber\u00edas flotantes.<\/li>\n\n\n\n<li>Presi\u00f3n nominal PN 3,2 hasta PN 25.<\/li>\n\n\n\n<li>Amplia gama de di\u00e1metros.<\/li>\n\n\n\n<li>Disponibles en todas las longitudes.<\/li>\n\n\n\n<li>Color negro.<\/li>\n<\/ul>\n\n<figure class=\"wp-block-gallery has-nested-images columns-default wp-block-gallery-1 is-layout-flex wp-block-gallery-is-layout-flex\">\n<figure class=\"wp-block-image size-full\"><img loading=\"lazy\" decoding=\"async\" width=\"225\" height=\"169\" data-id=\"336\" src=\"https:\/\/denialink.com\/wp-content\/uploads\/2025\/07\/hdpe-baggerpijpen.gif\" alt=\"PEAD tubos de dragado\" class=\"wp-image-336\"\/><\/figure>\n\n\n\n<figure class=\"wp-block-image size-full\"><img loading=\"lazy\" decoding=\"async\" width=\"225\" height=\"238\" data-id=\"330\" src=\"https:\/\/denialink.com\/wp-content\/uploads\/2025\/07\/stub-end-hdpe-baggerpijpen.gif\" alt=\"Stub-end para PEAD tubos de dragado\" class=\"wp-image-330\"\/><figcaption class=\"wp-element-caption\">Stub-end<\/figcaption><\/figure>\n\n\n\n<figure class=\"wp-block-image size-full\"><img loading=\"lazy\" decoding=\"async\" width=\"225\" height=\"185\" data-id=\"333\" src=\"https:\/\/denialink.com\/wp-content\/uploads\/2025\/07\/flens-voor-hdpe-baggerpijpen.gif\" alt=\"Bridas para PEAD tubos de dragado\" class=\"wp-image-333\"\/><figcaption class=\"wp-element-caption\">Brida<\/figcaption><\/figure>\n<\/figure>\n\n<figure class=\"wp-block-gallery alignwide has-nested-images columns-default wp-block-gallery-2 is-layout-flex wp-block-gallery-is-layout-flex\">\n<figure class=\"wp-block-image size-full\"><img loading=\"lazy\" decoding=\"async\" width=\"1200\" height=\"900\" data-id=\"107\" src=\"https:\/\/denialink.com\/wp-content\/uploads\/2025\/07\/denialink-koppelslang-tussen-stalen-pijpen-persleidingen.jpg\" alt=\"Manguera de uni&#xF3;n Denialink entre tuber&#xED;as de acero en l&#xED;neas de presi&#xF3;n\" class=\"wp-image-107\" srcset=\"https:\/\/denialink.com\/wp-content\/uploads\/2025\/07\/denialink-koppelslang-tussen-stalen-pijpen-persleidingen.jpg 1200w, https:\/\/denialink.com\/wp-content\/uploads\/2025\/07\/denialink-koppelslang-tussen-stalen-pijpen-persleidingen-300x225.jpg 300w, https:\/\/denialink.com\/wp-content\/uploads\/2025\/07\/denialink-koppelslang-tussen-stalen-pijpen-persleidingen-1024x768.jpg 1024w, https:\/\/denialink.com\/wp-content\/uploads\/2025\/07\/denialink-koppelslang-tussen-stalen-pijpen-persleidingen-768x576.jpg 768w\" sizes=\"auto, (max-width: 1200px) 100vw, 1200px\" \/><\/figure>\n\n\n\n<figure class=\"wp-block-image size-full\"><img loading=\"lazy\" decoding=\"async\" width=\"887\" height=\"443\" data-id=\"318\" src=\"https:\/\/denialink.com\/wp-content\/uploads\/2025\/07\/hdpe-baggerpijpen-met-perszak-en-drijvers.png\" alt=\"Tuber&#xED;as PEAD para dragado con bolsa de presi&#xF3;n y flotadores\" class=\"wp-image-318\" srcset=\"https:\/\/denialink.com\/wp-content\/uploads\/2025\/07\/hdpe-baggerpijpen-met-perszak-en-drijvers.png 887w, https:\/\/denialink.com\/wp-content\/uploads\/2025\/07\/hdpe-baggerpijpen-met-perszak-en-drijvers-300x150.png 300w, https:\/\/denialink.com\/wp-content\/uploads\/2025\/07\/hdpe-baggerpijpen-met-perszak-en-drijvers-768x384.png 768w\" sizes=\"auto, (max-width: 887px) 100vw, 887px\" \/><\/figure>\n<\/figure>\n\n<figure class=\"wp-block-gallery alignwide has-nested-images columns-default wp-block-gallery-3 is-layout-flex wp-block-gallery-is-layout-flex\">\n<figure class=\"wp-block-image size-full\"><img loading=\"lazy\" decoding=\"async\" width=\"389\" height=\"293\" data-id=\"327\" src=\"https:\/\/denialink.com\/wp-content\/uploads\/2025\/07\/vorraad-drijvers-voor-baggerpijpen.png\" alt=\"Flotadores en stock para tuber&#xED;as de dragado\" class=\"wp-image-327\" srcset=\"https:\/\/denialink.com\/wp-content\/uploads\/2025\/07\/vorraad-drijvers-voor-baggerpijpen.png 389w, https:\/\/denialink.com\/wp-content\/uploads\/2025\/07\/vorraad-drijvers-voor-baggerpijpen-300x226.png 300w\" sizes=\"auto, (max-width: 389px) 100vw, 389px\" \/><\/figure>\n\n\n\n<figure class=\"wp-block-image size-full\"><img loading=\"lazy\" decoding=\"async\" width=\"885\" height=\"664\" data-id=\"321\" src=\"https:\/\/denialink.com\/wp-content\/uploads\/2025\/07\/drijvers-op-hdpe-baggerpijpen-in-het-water.png\" alt=\"Flotadores en tuber&#xED;as PEAD de dragado en el agua\" class=\"wp-image-321\" srcset=\"https:\/\/denialink.com\/wp-content\/uploads\/2025\/07\/drijvers-op-hdpe-baggerpijpen-in-het-water.png 885w, https:\/\/denialink.com\/wp-content\/uploads\/2025\/07\/drijvers-op-hdpe-baggerpijpen-in-het-water-300x225.png 300w, https:\/\/denialink.com\/wp-content\/uploads\/2025\/07\/drijvers-op-hdpe-baggerpijpen-in-het-water-768x576.png 768w\" sizes=\"auto, (max-width: 885px) 100vw, 885px\" \/><\/figure>\n<\/figure>\n","protected":false},"excerpt":{"rendered":"<p>Tubos de dragado de acero y PEAD con accesorios Tubos de acero Los tubos de descarga de dragado terrestre est\u00e1n principalmente fabricados en acero, normalmente con bridas y diversos accesorios, como: En aplicaciones mar\u00edtimas, los tubos pueden equiparse con flotadores y, si es necesario, con mangueras de conexi\u00f3n entre los tramos. Los tubos de acero [&hellip;]<\/p>\n","protected":false},"author":1,"featured_media":853,"parent":0,"menu_order":0,"comment_status":"closed","ping_status":"closed","template":"","meta":{"_genesis_hide_title":true,"_genesis_hide_breadcrumbs":false,"_genesis_hide_singular_image":false,"_genesis_hide_footer_widgets":false,"_genesis_custom_body_class":"","_genesis_custom_post_class":"","_genesis_layout":"","footnotes":""},"class_list":{"0":"post-566","1":"page","2":"type-page","3":"status-publish","4":"has-post-thumbnail","6":"entry"},"yoast_head":"<!-- This site is optimized with the Yoast SEO plugin v27.5 - https:\/\/yoast.com\/product\/yoast-seo-wordpress\/ -->\n<title>Tubos de dragado de acero y PEAD con accesorios &#8226; Denialink<\/title>\n<meta name=\"description\" content=\"Denialink suministra tuber\u00edas de dragado a nivel mundial, tanto de acero como PEAD, y accesorios para la industria del dragado, obras hidr\u00e1ulicas y offshore\" \/>\n<meta name=\"robots\" content=\"index, follow, max-snippet:-1, max-image-preview:large, max-video-preview:-1\" \/>\n<link rel=\"canonical\" href=\"https:\/\/denialink.com\/es\/tubos-de-dragado-de-acero-y-pead-y-accesorios\/\" \/>\n<meta property=\"og:locale\" content=\"es_ES\" \/>\n<meta property=\"og:type\" content=\"article\" \/>\n<meta property=\"og:title\" content=\"Tubos de dragado de acero y PEAD con accesorios &#8226; Denialink\" \/>\n<meta property=\"og:description\" content=\"Denialink suministra tuber\u00edas de dragado a nivel mundial, tanto de acero como PEAD, y accesorios para la industria del dragado, obras hidr\u00e1ulicas y offshore\" \/>\n<meta property=\"og:url\" content=\"https:\/\/denialink.com\/es\/tubos-de-dragado-de-acero-y-pead-y-accesorios\/\" \/>\n<meta property=\"og:site_name\" content=\"Denialink\" \/>\n<meta property=\"article:modified_time\" content=\"2025-12-21T19:16:04+00:00\" \/>\n<meta property=\"og:image\" content=\"https:\/\/denialink.com\/wp-content\/uploads\/2025\/07\/high-density-polyethylene-hdpe-baggerpijpen.png\" \/>\n\t<meta property=\"og:image:width\" content=\"697\" \/>\n\t<meta property=\"og:image:height\" content=\"587\" \/>\n\t<meta property=\"og:image:type\" content=\"image\/png\" \/>\n<meta name=\"twitter:card\" content=\"summary_large_image\" \/>\n<script type=\"application\/ld+json\" class=\"yoast-schema-graph\">{\"@context\":\"https:\\\/\\\/schema.org\",\"@graph\":[{\"@type\":\"WebPage\",\"@id\":\"https:\\\/\\\/denialink.com\\\/es\\\/tubos-de-dragado-de-acero-y-pead-y-accesorios\\\/\",\"url\":\"https:\\\/\\\/denialink.com\\\/es\\\/tubos-de-dragado-de-acero-y-pead-y-accesorios\\\/\",\"name\":\"Tubos de dragado de acero y PEAD con accesorios &#8226; Denialink\",\"isPartOf\":{\"@id\":\"https:\\\/\\\/denialink.com\\\/es\\\/#website\"},\"primaryImageOfPage\":{\"@id\":\"https:\\\/\\\/denialink.com\\\/es\\\/tubos-de-dragado-de-acero-y-pead-y-accesorios\\\/#primaryimage\"},\"image\":{\"@id\":\"https:\\\/\\\/denialink.com\\\/es\\\/tubos-de-dragado-de-acero-y-pead-y-accesorios\\\/#primaryimage\"},\"thumbnailUrl\":\"https:\\\/\\\/denialink.com\\\/wp-content\\\/uploads\\\/2025\\\/07\\\/high-density-polyethylene-hdpe-baggerpijpen.png\",\"datePublished\":\"2025-03-08T15:08:22+00:00\",\"dateModified\":\"2025-12-21T19:16:04+00:00\",\"description\":\"Denialink suministra tuber\u00edas de dragado a nivel mundial, tanto de acero como PEAD, y accesorios para la industria del dragado, obras hidr\u00e1ulicas y offshore\",\"breadcrumb\":{\"@id\":\"https:\\\/\\\/denialink.com\\\/es\\\/tubos-de-dragado-de-acero-y-pead-y-accesorios\\\/#breadcrumb\"},\"inLanguage\":\"es\",\"potentialAction\":[{\"@type\":\"ReadAction\",\"target\":[\"https:\\\/\\\/denialink.com\\\/es\\\/tubos-de-dragado-de-acero-y-pead-y-accesorios\\\/\"]}]},{\"@type\":\"ImageObject\",\"inLanguage\":\"es\",\"@id\":\"https:\\\/\\\/denialink.com\\\/es\\\/tubos-de-dragado-de-acero-y-pead-y-accesorios\\\/#primaryimage\",\"url\":\"https:\\\/\\\/denialink.com\\\/wp-content\\\/uploads\\\/2025\\\/07\\\/high-density-polyethylene-hdpe-baggerpijpen.png\",\"contentUrl\":\"https:\\\/\\\/denialink.com\\\/wp-content\\\/uploads\\\/2025\\\/07\\\/high-density-polyethylene-hdpe-baggerpijpen.png\",\"width\":697,\"height\":587,\"caption\":\"High Density Polyethylene (HDPE) baggerpijpen\"},{\"@type\":\"BreadcrumbList\",\"@id\":\"https:\\\/\\\/denialink.com\\\/es\\\/tubos-de-dragado-de-acero-y-pead-y-accesorios\\\/#breadcrumb\",\"itemListElement\":[{\"@type\":\"ListItem\",\"position\":1,\"name\":\"Home\",\"item\":\"https:\\\/\\\/denialink.com\\\/es\\\/\"},{\"@type\":\"ListItem\",\"position\":2,\"name\":\"Tubos de dragado de acero y PEAD con accesorios\"}]},{\"@type\":\"WebSite\",\"@id\":\"https:\\\/\\\/denialink.com\\\/es\\\/#website\",\"url\":\"https:\\\/\\\/denialink.com\\\/es\\\/\",\"name\":\"Denialink\",\"description\":\"\",\"publisher\":{\"@id\":\"https:\\\/\\\/denialink.com\\\/es\\\/#organization\"},\"potentialAction\":[{\"@type\":\"SearchAction\",\"target\":{\"@type\":\"EntryPoint\",\"urlTemplate\":\"https:\\\/\\\/denialink.com\\\/es\\\/?s={search_term_string}\"},\"query-input\":{\"@type\":\"PropertyValueSpecification\",\"valueRequired\":true,\"valueName\":\"search_term_string\"}}],\"inLanguage\":\"es\"},{\"@type\":\"Organization\",\"@id\":\"https:\\\/\\\/denialink.com\\\/es\\\/#organization\",\"name\":\"Denialink\",\"url\":\"https:\\\/\\\/denialink.com\\\/es\\\/\",\"logo\":{\"@type\":\"ImageObject\",\"inLanguage\":\"es\",\"@id\":\"https:\\\/\\\/denialink.com\\\/es\\\/#\\\/schema\\\/logo\\\/image\\\/\",\"url\":\"https:\\\/\\\/denialink.com\\\/wp-content\\\/uploads\\\/2025\\\/06\\\/denialink-logo.png\",\"contentUrl\":\"https:\\\/\\\/denialink.com\\\/wp-content\\\/uploads\\\/2025\\\/06\\\/denialink-logo.png\",\"width\":512,\"height\":455,\"caption\":\"Denialink\"},\"image\":{\"@id\":\"https:\\\/\\\/denialink.com\\\/es\\\/#\\\/schema\\\/logo\\\/image\\\/\"}}]}<\/script>\n<!-- \/ Yoast SEO plugin. -->","yoast_head_json":{"title":"Tubos de dragado de acero y PEAD con accesorios &#8226; Denialink","description":"Denialink suministra tuber\u00edas de dragado a nivel mundial, tanto de acero como PEAD, y accesorios para la industria del dragado, obras hidr\u00e1ulicas y offshore","robots":{"index":"index","follow":"follow","max-snippet":"max-snippet:-1","max-image-preview":"max-image-preview:large","max-video-preview":"max-video-preview:-1"},"canonical":"https:\/\/denialink.com\/es\/tubos-de-dragado-de-acero-y-pead-y-accesorios\/","og_locale":"es_ES","og_type":"article","og_title":"Tubos de dragado de acero y PEAD con accesorios &#8226; Denialink","og_description":"Denialink suministra tuber\u00edas de dragado a nivel mundial, tanto de acero como PEAD, y accesorios para la industria del dragado, obras hidr\u00e1ulicas y offshore","og_url":"https:\/\/denialink.com\/es\/tubos-de-dragado-de-acero-y-pead-y-accesorios\/","og_site_name":"Denialink","article_modified_time":"2025-12-21T19:16:04+00:00","og_image":[{"width":697,"height":587,"url":"https:\/\/denialink.com\/wp-content\/uploads\/2025\/07\/high-density-polyethylene-hdpe-baggerpijpen.png","type":"image\/png"}],"twitter_card":"summary_large_image","schema":{"@context":"https:\/\/schema.org","@graph":[{"@type":"WebPage","@id":"https:\/\/denialink.com\/es\/tubos-de-dragado-de-acero-y-pead-y-accesorios\/","url":"https:\/\/denialink.com\/es\/tubos-de-dragado-de-acero-y-pead-y-accesorios\/","name":"Tubos de dragado de acero y PEAD con accesorios &#8226; Denialink","isPartOf":{"@id":"https:\/\/denialink.com\/es\/#website"},"primaryImageOfPage":{"@id":"https:\/\/denialink.com\/es\/tubos-de-dragado-de-acero-y-pead-y-accesorios\/#primaryimage"},"image":{"@id":"https:\/\/denialink.com\/es\/tubos-de-dragado-de-acero-y-pead-y-accesorios\/#primaryimage"},"thumbnailUrl":"https:\/\/denialink.com\/wp-content\/uploads\/2025\/07\/high-density-polyethylene-hdpe-baggerpijpen.png","datePublished":"2025-03-08T15:08:22+00:00","dateModified":"2025-12-21T19:16:04+00:00","description":"Denialink suministra tuber\u00edas de dragado a nivel mundial, tanto de acero como PEAD, y accesorios para la industria del dragado, obras hidr\u00e1ulicas y offshore","breadcrumb":{"@id":"https:\/\/denialink.com\/es\/tubos-de-dragado-de-acero-y-pead-y-accesorios\/#breadcrumb"},"inLanguage":"es","potentialAction":[{"@type":"ReadAction","target":["https:\/\/denialink.com\/es\/tubos-de-dragado-de-acero-y-pead-y-accesorios\/"]}]},{"@type":"ImageObject","inLanguage":"es","@id":"https:\/\/denialink.com\/es\/tubos-de-dragado-de-acero-y-pead-y-accesorios\/#primaryimage","url":"https:\/\/denialink.com\/wp-content\/uploads\/2025\/07\/high-density-polyethylene-hdpe-baggerpijpen.png","contentUrl":"https:\/\/denialink.com\/wp-content\/uploads\/2025\/07\/high-density-polyethylene-hdpe-baggerpijpen.png","width":697,"height":587,"caption":"High Density Polyethylene (HDPE) baggerpijpen"},{"@type":"BreadcrumbList","@id":"https:\/\/denialink.com\/es\/tubos-de-dragado-de-acero-y-pead-y-accesorios\/#breadcrumb","itemListElement":[{"@type":"ListItem","position":1,"name":"Home","item":"https:\/\/denialink.com\/es\/"},{"@type":"ListItem","position":2,"name":"Tubos de dragado de acero y PEAD con accesorios"}]},{"@type":"WebSite","@id":"https:\/\/denialink.com\/es\/#website","url":"https:\/\/denialink.com\/es\/","name":"Denialink","description":"","publisher":{"@id":"https:\/\/denialink.com\/es\/#organization"},"potentialAction":[{"@type":"SearchAction","target":{"@type":"EntryPoint","urlTemplate":"https:\/\/denialink.com\/es\/?s={search_term_string}"},"query-input":{"@type":"PropertyValueSpecification","valueRequired":true,"valueName":"search_term_string"}}],"inLanguage":"es"},{"@type":"Organization","@id":"https:\/\/denialink.com\/es\/#organization","name":"Denialink","url":"https:\/\/denialink.com\/es\/","logo":{"@type":"ImageObject","inLanguage":"es","@id":"https:\/\/denialink.com\/es\/#\/schema\/logo\/image\/","url":"https:\/\/denialink.com\/wp-content\/uploads\/2025\/06\/denialink-logo.png","contentUrl":"https:\/\/denialink.com\/wp-content\/uploads\/2025\/06\/denialink-logo.png","width":512,"height":455,"caption":"Denialink"},"image":{"@id":"https:\/\/denialink.com\/es\/#\/schema\/logo\/image\/"}}]}},"_links":{"self":[{"href":"https:\/\/denialink.com\/es\/wp-json\/wp\/v2\/pages\/566","targetHints":{"allow":["GET"]}}],"collection":[{"href":"https:\/\/denialink.com\/es\/wp-json\/wp\/v2\/pages"}],"about":[{"href":"https:\/\/denialink.com\/es\/wp-json\/wp\/v2\/types\/page"}],"author":[{"embeddable":true,"href":"https:\/\/denialink.com\/es\/wp-json\/wp\/v2\/users\/1"}],"replies":[{"embeddable":true,"href":"https:\/\/denialink.com\/es\/wp-json\/wp\/v2\/comments?post=566"}],"version-history":[{"count":4,"href":"https:\/\/denialink.com\/es\/wp-json\/wp\/v2\/pages\/566\/revisions"}],"predecessor-version":[{"id":777,"href":"https:\/\/denialink.com\/es\/wp-json\/wp\/v2\/pages\/566\/revisions\/777"}],"wp:featuredmedia":[{"embeddable":true,"href":"https:\/\/denialink.com\/es\/wp-json\/wp\/v2\/media\/853"}],"wp:attachment":[{"href":"https:\/\/denialink.com\/es\/wp-json\/wp\/v2\/media?parent=566"}],"curies":[{"name":"wp","href":"https:\/\/api.w.org\/{rel}","templated":true}]}}