{"id":564,"date":"2025-03-08T16:03:30","date_gmt":"2025-03-08T15:03:30","guid":{"rendered":"https:\/\/denialink.com\/mangueras-de-dragado-flexibles-de-caucho-flotantes-y-no-flotantes\/"},"modified":"2025-12-21T20:14:30","modified_gmt":"2025-12-21T19:14:30","slug":"mangueras-de-dragado-flexibles-de-caucho","status":"publish","type":"page","link":"https:\/\/denialink.com\/es\/mangueras-de-dragado-flexibles-de-caucho\/","title":{"rendered":"Mangueras de dragado flexibles de caucho, flotantes y no flotantes"},"content":{"rendered":"\n<div class=\"wp-block-columns alignwide are-vertically-aligned-center is-layout-flex wp-container-core-columns-is-layout-9d6595d7 wp-block-columns-is-layout-flex\">\n<div class=\"wp-block-column is-vertically-aligned-center is-layout-flow wp-block-column-is-layout-flow\">\n<h1 class=\"wp-block-heading\"><strong>Denialink ofrece mangueras flexibles de goma para dragado, nuevas y usadas<\/strong><\/h1>\n\n\n\n<p>En Denialink ofrecemos mangueras de dragado de caucho flexibles, tanto de nueva fabricaci\u00f3n como de segundo mano. Pueden ser flotantes o no flotantes, con un di\u00e1metro interior (ID) de hasta 1.200 mm para las nuevas y hasta 600 mm para las de segundo mano. <\/p>\n<\/div>\n\n\n\n<div class=\"wp-block-column is-vertically-aligned-center is-layout-flow wp-block-column-is-layout-flow\"><div class=\"wp-block-image\">\n<figure class=\"aligncenter size-medium\"><img loading=\"lazy\" decoding=\"async\" width=\"288\" height=\"300\" src=\"https:\/\/denialink.com\/wp-content\/uploads\/2025\/07\/denialink-20-bar-drijvende-baggerslang-288x300.jpg\" alt=\"Denialink 20 bar manguera de dragado flotante\" class=\"wp-image-118\" srcset=\"https:\/\/denialink.com\/wp-content\/uploads\/2025\/07\/denialink-20-bar-drijvende-baggerslang-288x300.jpg 288w, https:\/\/denialink.com\/wp-content\/uploads\/2025\/07\/denialink-20-bar-drijvende-baggerslang-768x799.jpg 768w, https:\/\/denialink.com\/wp-content\/uploads\/2025\/07\/denialink-20-bar-drijvende-baggerslang.jpg 900w\" sizes=\"auto, (max-width: 288px) 100vw, 288px\" \/><\/figure>\n<\/div><\/div>\n<\/div>\n\n<figure class=\"wp-block-image alignwide size-full\"><img loading=\"lazy\" decoding=\"async\" width=\"1100\" height=\"825\" src=\"https:\/\/denialink.com\/wp-content\/uploads\/2025\/07\/nieuwe-denialink-flexibele-bagger-afvoerslang-drijvend.jpg\" alt=\"Denialink nueva manguera flexible de dragado flotante\" class=\"wp-image-286\" srcset=\"https:\/\/denialink.com\/wp-content\/uploads\/2025\/07\/nieuwe-denialink-flexibele-bagger-afvoerslang-drijvend.jpg 1100w, https:\/\/denialink.com\/wp-content\/uploads\/2025\/07\/nieuwe-denialink-flexibele-bagger-afvoerslang-drijvend-300x225.jpg 300w, https:\/\/denialink.com\/wp-content\/uploads\/2025\/07\/nieuwe-denialink-flexibele-bagger-afvoerslang-drijvend-1024x768.jpg 1024w, https:\/\/denialink.com\/wp-content\/uploads\/2025\/07\/nieuwe-denialink-flexibele-bagger-afvoerslang-drijvend-768x576.jpg 768w\" sizes=\"auto, (max-width: 1100px) 100vw, 1100px\" \/><\/figure>\n\n<h2 class=\"wp-block-heading\"><strong>Mangueras de nueva fabricaci\u00f3n<\/strong><\/h2>\n\n<p>En Denialink puedes encontrar mangueras de nueva fabricaci\u00f3n seg\u00fan las especificaciones que necesites, considerando la resistencia al desgaste, la presi\u00f3n de trabajo, la flotabilidad, la flexibilidad, las bridas y otros requisitos.<\/p>\n\n<p>En general, la manguera de caucho est\u00e1 formada por una capa interior de goma de desgaste, de entre 18 y 30 mm, refuerzos textiles de alta resistencia, una capa de espuma en las mangueras flotantes y una funda exterior de caucho resistente al ozono, a los rayos UV y a las inclemencias del tiempo.     <\/p>\n\n<p>A estas mangueras se les pueden imponer requisitos espec\u00edficos, como presi\u00f3n de trabajo, flotabilidad, refuerzo interno, dimensiones de bridas, longitudes, etc.<\/p>\n<div class=\"wp-block-image\">\n<figure class=\"aligncenter size-full\"><img loading=\"lazy\" decoding=\"async\" width=\"739\" height=\"231\" src=\"https:\/\/denialink.com\/wp-content\/uploads\/2025\/07\/flexibele-rubber-baggerslang-niet-drijvend.png\" alt=\"Manguera de dragado no-flotante\" class=\"wp-image-289\" srcset=\"https:\/\/denialink.com\/wp-content\/uploads\/2025\/07\/flexibele-rubber-baggerslang-niet-drijvend.png 739w, https:\/\/denialink.com\/wp-content\/uploads\/2025\/07\/flexibele-rubber-baggerslang-niet-drijvend-300x94.png 300w\" sizes=\"auto, (max-width: 739px) 100vw, 739px\" \/><\/figure>\n<\/div><div class=\"wp-block-image\">\n<figure class=\"aligncenter size-full\"><img loading=\"lazy\" decoding=\"async\" width=\"885\" height=\"200\" src=\"https:\/\/denialink.com\/wp-content\/uploads\/2025\/07\/flexibele-rubber-baggerslang-drijvend.png\" alt=\"Manguera de dragado flotante\" class=\"wp-image-292\" srcset=\"https:\/\/denialink.com\/wp-content\/uploads\/2025\/07\/flexibele-rubber-baggerslang-drijvend.png 885w, https:\/\/denialink.com\/wp-content\/uploads\/2025\/07\/flexibele-rubber-baggerslang-drijvend-300x68.png 300w, https:\/\/denialink.com\/wp-content\/uploads\/2025\/07\/flexibele-rubber-baggerslang-drijvend-768x174.png 768w\" sizes=\"auto, (max-width: 885px) 100vw, 885px\" \/><\/figure>\n<\/div>\n<h2 class=\"wp-block-heading\"><strong>Mangueras de dragado de segundo mano<\/strong><\/h2>\n\n<p>Denialink ofrece, directamente o a trav\u00e9s de sus socios internacionales, un amplio rango de mangueras flexibles de caucho de segundo mano, flotantes y no flotantes. La mayor\u00eda de estas mangueras procede de la industria del petr\u00f3leo y fabricado conforme a los estrictos requisitos de la gu\u00eda OCIMF (Oil Companies International Marine Hose Guide). Entre los fabricantes m\u00e1s conocidos se encuentran Dunlop, Trelleborg, Goodyear, Yokohama, Bassi Offshore, Parker, EMSTEC, Manuli y Man Oil &amp; Marine. Estas mangueras tienen di\u00e1metros interiores est\u00e1ndar de 600 mm, 500 mm, 400 mm, 300 mm, 250 mm, 200 mm y 150 mm, y longitudes de 9,15 m, 10,70 m y 12,20 m. Las mangueras actuales est\u00e1n compuestas por doble capa de resistencia, con la primera capa de 75 Bar y la segunda de 30 Bar de presi\u00f3n de estallido, proporcionando una seguridad adicional y permitiendo un uso completo de la capa de desgaste.       <\/p>\n\n<p>El uso de materiales de segundo mano, como estas mangueras, permite ahorrar materias primas y energ\u00eda de producci\u00f3n y reciclaje, aplicando as\u00ed un proceso m\u00e1s sostenible.  <\/p>\n\n<figure class=\"wp-block-gallery alignwide has-nested-images columns-default is-cropped wp-block-gallery-1 is-layout-flex wp-block-gallery-is-layout-flex\">\n<figure class=\"wp-block-image size-large\"><img loading=\"lazy\" decoding=\"async\" width=\"1024\" height=\"576\" data-id=\"110\" src=\"https:\/\/denialink.com\/wp-content\/uploads\/2025\/07\/drijvende-baggerslangen-voor-offshore-1024x576.jpg\" alt=\"Mangueras de dragado flotantes para offshore\" class=\"wp-image-110\" srcset=\"https:\/\/denialink.com\/wp-content\/uploads\/2025\/07\/drijvende-baggerslangen-voor-offshore-1024x576.jpg 1024w, https:\/\/denialink.com\/wp-content\/uploads\/2025\/07\/drijvende-baggerslangen-voor-offshore-300x169.jpg 300w, https:\/\/denialink.com\/wp-content\/uploads\/2025\/07\/drijvende-baggerslangen-voor-offshore-768x432.jpg 768w, https:\/\/denialink.com\/wp-content\/uploads\/2025\/07\/drijvende-baggerslangen-voor-offshore.jpg 1080w\" sizes=\"auto, (max-width: 1024px) 100vw, 1024px\" \/><\/figure>\n\n\n\n<figure class=\"wp-block-image size-large\"><img loading=\"lazy\" decoding=\"async\" width=\"1024\" height=\"643\" data-id=\"625\" src=\"https:\/\/denialink.com\/wp-content\/uploads\/2025\/12\/gebruikte-baggerslangen-laden-in-trailer-1024x643.jpg\" alt=\"Mangueras de dragado flotantes usadas en transporte\" class=\"wp-image-625\" title=\"Mangueras de dragado flotantes usadas en transporte\" srcset=\"https:\/\/denialink.com\/wp-content\/uploads\/2025\/12\/gebruikte-baggerslangen-laden-in-trailer-1024x643.jpg 1024w, https:\/\/denialink.com\/wp-content\/uploads\/2025\/12\/gebruikte-baggerslangen-laden-in-trailer-300x189.jpg 300w, https:\/\/denialink.com\/wp-content\/uploads\/2025\/12\/gebruikte-baggerslangen-laden-in-trailer-768x483.jpg 768w, https:\/\/denialink.com\/wp-content\/uploads\/2025\/12\/gebruikte-baggerslangen-laden-in-trailer.jpg 1200w\" sizes=\"auto, (max-width: 1024px) 100vw, 1024px\" \/><\/figure>\n<\/figure>\n\n<p>Datos t\u00e9cnicos de las mangueras flotantes de caucho flexible de doble pared, de diversos fabricantes certificados por OCIMF para la industria petrolera.<\/p>\n\n<div class=\"alignwide\">\n<table class=\"responsive-table\">\n  <thead>\n    <tr>\n      <th rowspan=\"2\">Di\u00e1metro interior<br\/>IN&#8221; \/ mm<br\/>Nominal<\/th>\n      <th rowspan=\"2\">Di\u00e1metro exterior<br\/>mm<br\/>A \/\/ B<\/th>\n      <th colspan=\"3\">Peso<br\/>Kg<\/th>\n    <\/tr>\n    <tr>\n      <th>30\u00b4 \/ 9,1m<\/th>\n      <th>35\u00b4 \/ 10.7m<\/th>\n      <th>40\u00b4 \/ 12.2m<\/th>\n    <\/tr>\n  <\/thead>\n  <tbody>\n    <tr>\n      <td>6&#8243; \/ 150<\/td>\n      <td>385 &#8211; 420<\/td>\n      <td>858 &#8211; 600<\/td>\n      <td>670 &#8211; 985<\/td>\n      <td>745 &#8211; 1110<\/td>\n    <\/tr>\n    <tr>\n      <td>8&#8243; \/ 200<\/td>\n      <td>460 &#8211; 510<\/td>\n      <td>752 &#8211; 1110<\/td>\n      <td>850 &#8211; 1270<\/td>\n      <td>950 &#8211; 1435<\/td>\n    <\/tr>\n    <tr>\n      <td>10&#8243; \/ 250<\/td>\n      <td>520 &#8211; 565<\/td>\n      <td>1095 &#8211; 1390<\/td>\n      <td>1235 &#8211; 1595<\/td>\n      <td>1375 &#8211; 1795<\/td>\n    <\/tr>\n    <tr>\n      <td>12&#8243; \/ 250<\/td>\n      <td>580 &#8211; 660<\/td>\n      <td>1315 &#8211; 1775<\/td>\n      <td>1460 &#8211; 2030<\/td>\n      <td>1610 &#8211; 2285<\/td>\n    <\/tr>\n    <tr>\n      <td>16&#8243; \/ 250<\/td>\n      <td>700 &#8211; 780<\/td>\n      <td>1900 &#8211; 2235<\/td>\n      <td>2115 &#8211; 2555<\/td>\n      <td>2325 &#8211; 2870<\/td>\n    <\/tr>\n    <tr>\n      <td>20&#8243; \/ 250<\/td>\n      <td>850 &#8211; 960<\/td>\n      <td>2545 &#8211; 3200<\/td>\n      <td>2890 &#8211; 3455<\/td>\n      <td>3230 &#8211; 3625<\/td>\n    <\/tr>\n    <tr>\n      <td>24&#8243; \/ 250<\/td>\n      <td>1020 &#8211; 1115<\/td>\n      <td>3475 &#8211; 4045<\/td>\n      <td>3925 &#8211; 4765<\/td>\n      <td>4374 &#8211; 5605<\/td>\n    <\/tr>\n  <\/tbody>\n<\/table>\n<\/div>\n\n<p>General:<br\/>Presi\u00f3n de trabajo 15 \/ 19 \/ 21 Bar<br\/>Presi\u00f3n de estallido 75 \/ 95 \/105 Bar<\/p>\n\n<p>ID = Di\u00e1metro interior<br\/>OD = Di\u00e1metro exterior<br\/>Resistente a UV<br\/>A = Manguera central<br\/>B = Manguera por encima brida<\/p>\n\n<p>Bridas (ANSI):<\/p>\n\n<p>Nota: Tambi\u00e9n existen mangueras fabricadas para presi\u00f3n de trabajo de 19 Bar y 21 Bar, respectivamente con bridas de Clase 300.<\/p>\n\n<figure class=\"wp-block-image alignwide size-full\"><img loading=\"lazy\" decoding=\"async\" width=\"1100\" height=\"494\" src=\"https:\/\/denialink.com\/wp-content\/uploads\/2025\/07\/hoge-druk-baggerslangen.jpg\" alt=\"Mangueras de dragado de presi&#xF3;n\" class=\"wp-image-298\" srcset=\"https:\/\/denialink.com\/wp-content\/uploads\/2025\/07\/hoge-druk-baggerslangen.jpg 1100w, https:\/\/denialink.com\/wp-content\/uploads\/2025\/07\/hoge-druk-baggerslangen-300x135.jpg 300w, https:\/\/denialink.com\/wp-content\/uploads\/2025\/07\/hoge-druk-baggerslangen-1024x460.jpg 1024w, https:\/\/denialink.com\/wp-content\/uploads\/2025\/07\/hoge-druk-baggerslangen-768x345.jpg 768w\" sizes=\"auto, (max-width: 1100px) 100vw, 1100px\" \/><\/figure>\n\n<p>Datos de transporte:<br\/>Las mangueras pueden transportarse por carretera mediante transporte de carga.<br\/>Para transporte mar\u00edtimo, es habitual utilizar contenedores Open Top abiertos de 40 pies.<\/p>\n\n<p>Volumen de carga orientativo:<\/p>\n\n<div class=\"wp-block-columns alignwide is-layout-flex wp-container-core-columns-is-layout-9d6595d7 wp-block-columns-is-layout-flex\">\n<div class=\"wp-block-column is-layout-flow wp-block-column-is-layout-flow\" style=\"flex-basis:33.33%\">\n<div class=\"alignwide\">\n<table class=\"responsive-table\">\n  <thead>\n    <tr>\n      <th>Manguera ID<\/th>\n      <th>Cantidad<\/th>\n    <\/tr>\n  <\/thead>\n  <tbody>\n    <tr>\n      <td>6&#8243; (150 mm)<\/td>\n      <td>\u00b1 25 mangueras<\/td>\n    <\/tr>\n    <tr>\n      <td>8&#8243; (200 mm)<\/td>\n      <td>\u00b1 20 mangueras<\/td>\n    <\/tr>\n    <tr>\n      <td>10&#8243; (250 mm)<\/td>\n      <td>\u00b1 15 mangueras<\/td>\n    <\/tr>\n    <tr>\n      <td>12&#8243; (250 mm)<\/td>\n      <td>\u00b1 9 mangueras<\/td>\n    <\/tr>\n    <tr>\n      <td>16&#8243; (400 mm)<\/td>\n      <td>\u00b1 7 mangueras<\/td>\n    <\/tr>\n    <tr>\n      <td>20&#8243; (500 mm)<\/td>\n      <td>\u00b1 5 mangueras<\/td>\n    <\/tr>\n    <tr>\n      <td>24&#8243; (600 mm)<\/td>\n      <td>\u00b1 4 mangueras<\/td>\n    <\/tr>\n  <\/tbody>\n<\/table>\n<\/div>\n<\/div>\n\n\n\n<div class=\"wp-block-column is-layout-flow wp-block-column-is-layout-flow\" style=\"flex-basis:66.66%\">\n<figure class=\"wp-block-image size-large\"><img loading=\"lazy\" decoding=\"async\" width=\"1024\" height=\"1002\" src=\"https:\/\/denialink.com\/wp-content\/uploads\/2025\/12\/baggerslangen-laden-voor-transport-in-container-1024x1002.jpg\" alt=\"Cargado de mangueras de dragado en contenedor\" class=\"wp-image-624\" title=\"Cargado de mangueras de dragado en contenedor\" srcset=\"https:\/\/denialink.com\/wp-content\/uploads\/2025\/12\/baggerslangen-laden-voor-transport-in-container-1024x1002.jpg 1024w, https:\/\/denialink.com\/wp-content\/uploads\/2025\/12\/baggerslangen-laden-voor-transport-in-container-300x294.jpg 300w, https:\/\/denialink.com\/wp-content\/uploads\/2025\/12\/baggerslangen-laden-voor-transport-in-container-768x751.jpg 768w, https:\/\/denialink.com\/wp-content\/uploads\/2025\/12\/baggerslangen-laden-voor-transport-in-container.jpg 1200w\" sizes=\"auto, (max-width: 1024px) 100vw, 1024px\" \/><\/figure>\n<\/div>\n<\/div>\n\n<figure class=\"wp-block-gallery alignwide has-nested-images columns-default is-cropped wp-block-gallery-2 is-layout-flex wp-block-gallery-is-layout-flex\">\n<figure class=\"wp-block-image size-full\"><img loading=\"lazy\" decoding=\"async\" width=\"1100\" height=\"825\" data-id=\"307\" src=\"https:\/\/denialink.com\/wp-content\/uploads\/2025\/07\/inladen-baggerslangen-op-frame-voor-transport.jpg\" alt=\"\" class=\"wp-image-307\" srcset=\"https:\/\/denialink.com\/wp-content\/uploads\/2025\/07\/inladen-baggerslangen-op-frame-voor-transport.jpg 1100w, https:\/\/denialink.com\/wp-content\/uploads\/2025\/07\/inladen-baggerslangen-op-frame-voor-transport-300x225.jpg 300w, https:\/\/denialink.com\/wp-content\/uploads\/2025\/07\/inladen-baggerslangen-op-frame-voor-transport-1024x768.jpg 1024w, https:\/\/denialink.com\/wp-content\/uploads\/2025\/07\/inladen-baggerslangen-op-frame-voor-transport-768x576.jpg 768w\" sizes=\"auto, (max-width: 1100px) 100vw, 1100px\" \/><\/figure>\n\n\n\n<figure class=\"wp-block-image size-full\"><img loading=\"lazy\" decoding=\"async\" width=\"1100\" height=\"825\" data-id=\"304\" src=\"https:\/\/denialink.com\/wp-content\/uploads\/2025\/07\/opslag-baggerslangen-voor-offshore-gebruik.jpg\" alt=\"\" class=\"wp-image-304\" srcset=\"https:\/\/denialink.com\/wp-content\/uploads\/2025\/07\/opslag-baggerslangen-voor-offshore-gebruik.jpg 1100w, https:\/\/denialink.com\/wp-content\/uploads\/2025\/07\/opslag-baggerslangen-voor-offshore-gebruik-300x225.jpg 300w, https:\/\/denialink.com\/wp-content\/uploads\/2025\/07\/opslag-baggerslangen-voor-offshore-gebruik-1024x768.jpg 1024w, https:\/\/denialink.com\/wp-content\/uploads\/2025\/07\/opslag-baggerslangen-voor-offshore-gebruik-768x576.jpg 768w\" sizes=\"auto, (max-width: 1100px) 100vw, 1100px\" \/><\/figure>\n<\/figure>\n<div class=\"wp-block-image\">\n<figure class=\"aligncenter size-full\"><img loading=\"lazy\" decoding=\"async\" width=\"1100\" height=\"825\" src=\"https:\/\/denialink.com\/wp-content\/uploads\/2025\/07\/inladen-losse-drijvende-baggerslangen-voor-transport.jpg\" alt=\"\" class=\"wp-image-310\" srcset=\"https:\/\/denialink.com\/wp-content\/uploads\/2025\/07\/inladen-losse-drijvende-baggerslangen-voor-transport.jpg 1100w, https:\/\/denialink.com\/wp-content\/uploads\/2025\/07\/inladen-losse-drijvende-baggerslangen-voor-transport-300x225.jpg 300w, https:\/\/denialink.com\/wp-content\/uploads\/2025\/07\/inladen-losse-drijvende-baggerslangen-voor-transport-1024x768.jpg 1024w, https:\/\/denialink.com\/wp-content\/uploads\/2025\/07\/inladen-losse-drijvende-baggerslangen-voor-transport-768x576.jpg 768w\" sizes=\"auto, (max-width: 1100px) 100vw, 1100px\" \/><\/figure>\n<\/div>","protected":false},"excerpt":{"rendered":"<p>Denialink ofrece mangueras flexibles de goma para dragado, nuevas y usadas En Denialink ofrecemos mangueras de dragado de caucho flexibles, tanto de nueva fabricaci\u00f3n como de segundo mano. Pueden ser flotantes o no flotantes, con un di\u00e1metro interior (ID) de hasta 1.200 mm para las nuevas y hasta 600 mm para las de segundo mano. [&hellip;]<\/p>\n","protected":false},"author":1,"featured_media":0,"parent":0,"menu_order":0,"comment_status":"closed","ping_status":"closed","template":"","meta":{"_genesis_hide_title":true,"_genesis_hide_breadcrumbs":false,"_genesis_hide_singular_image":false,"_genesis_hide_footer_widgets":false,"_genesis_custom_body_class":"","_genesis_custom_post_class":"","_genesis_layout":"","footnotes":""},"class_list":{"0":"post-564","1":"page","2":"type-page","3":"status-publish","5":"entry","6":"has-post-thumbnail"},"yoast_head":"<!-- This site is optimized with the Yoast SEO plugin v27.5 - https:\/\/yoast.com\/product\/yoast-seo-wordpress\/ -->\n<title>Mangueras de dragado flexibles de caucho, flotantes y no flotantes &#8226; Denialink<\/title>\n<meta name=\"description\" content=\"En Denialink suministramos mangueras de dragado flexibles de caucho nuevas y usadas, disponibles en versiones flotantes y no flotantes.\" \/>\n<meta name=\"robots\" content=\"index, follow, max-snippet:-1, max-image-preview:large, max-video-preview:-1\" \/>\n<link rel=\"canonical\" href=\"https:\/\/denialink.com\/es\/mangueras-de-dragado-flexibles-de-caucho\/\" \/>\n<meta property=\"og:locale\" content=\"es_ES\" \/>\n<meta property=\"og:type\" content=\"article\" \/>\n<meta property=\"og:title\" content=\"Mangueras de dragado flexibles de caucho, flotantes y no flotantes &#8226; Denialink\" \/>\n<meta property=\"og:description\" content=\"En Denialink suministramos mangueras de dragado flexibles de caucho nuevas y usadas, disponibles en versiones flotantes y no flotantes.\" \/>\n<meta property=\"og:url\" content=\"https:\/\/denialink.com\/es\/mangueras-de-dragado-flexibles-de-caucho\/\" \/>\n<meta property=\"og:site_name\" content=\"Denialink\" \/>\n<meta property=\"article:modified_time\" content=\"2025-12-21T19:14:30+00:00\" \/>\n<meta property=\"og:image\" content=\"https:\/\/denialink.com\/wp-content\/uploads\/2025\/07\/denialink-20-bar-drijvende-baggerslang.jpg\" \/>\n\t<meta property=\"og:image:width\" content=\"900\" \/>\n\t<meta property=\"og:image:height\" content=\"936\" \/>\n\t<meta property=\"og:image:type\" content=\"image\/jpeg\" \/>\n<meta name=\"twitter:card\" content=\"summary_large_image\" \/>\n<script type=\"application\/ld+json\" class=\"yoast-schema-graph\">{\"@context\":\"https:\\\/\\\/schema.org\",\"@graph\":[{\"@type\":\"WebPage\",\"@id\":\"https:\\\/\\\/denialink.com\\\/es\\\/mangueras-de-dragado-flexibles-de-caucho\\\/\",\"url\":\"https:\\\/\\\/denialink.com\\\/es\\\/mangueras-de-dragado-flexibles-de-caucho\\\/\",\"name\":\"Mangueras de dragado flexibles de caucho, flotantes y no flotantes &#8226; Denialink\",\"isPartOf\":{\"@id\":\"https:\\\/\\\/denialink.com\\\/es\\\/#website\"},\"primaryImageOfPage\":{\"@id\":\"https:\\\/\\\/denialink.com\\\/es\\\/mangueras-de-dragado-flexibles-de-caucho\\\/#primaryimage\"},\"image\":{\"@id\":\"https:\\\/\\\/denialink.com\\\/es\\\/mangueras-de-dragado-flexibles-de-caucho\\\/#primaryimage\"},\"thumbnailUrl\":\"https:\\\/\\\/denialink.com\\\/wp-content\\\/uploads\\\/2025\\\/07\\\/denialink-20-bar-drijvende-baggerslang-288x300.jpg\",\"datePublished\":\"2025-03-08T15:03:30+00:00\",\"dateModified\":\"2025-12-21T19:14:30+00:00\",\"description\":\"En Denialink suministramos mangueras de dragado flexibles de caucho nuevas y usadas, disponibles en versiones flotantes y no flotantes.\",\"breadcrumb\":{\"@id\":\"https:\\\/\\\/denialink.com\\\/es\\\/mangueras-de-dragado-flexibles-de-caucho\\\/#breadcrumb\"},\"inLanguage\":\"es\",\"potentialAction\":[{\"@type\":\"ReadAction\",\"target\":[\"https:\\\/\\\/denialink.com\\\/es\\\/mangueras-de-dragado-flexibles-de-caucho\\\/\"]}]},{\"@type\":\"ImageObject\",\"inLanguage\":\"es\",\"@id\":\"https:\\\/\\\/denialink.com\\\/es\\\/mangueras-de-dragado-flexibles-de-caucho\\\/#primaryimage\",\"url\":\"https:\\\/\\\/denialink.com\\\/wp-content\\\/uploads\\\/2025\\\/07\\\/denialink-20-bar-drijvende-baggerslang-288x300.jpg\",\"contentUrl\":\"https:\\\/\\\/denialink.com\\\/wp-content\\\/uploads\\\/2025\\\/07\\\/denialink-20-bar-drijvende-baggerslang-288x300.jpg\"},{\"@type\":\"BreadcrumbList\",\"@id\":\"https:\\\/\\\/denialink.com\\\/es\\\/mangueras-de-dragado-flexibles-de-caucho\\\/#breadcrumb\",\"itemListElement\":[{\"@type\":\"ListItem\",\"position\":1,\"name\":\"Home\",\"item\":\"https:\\\/\\\/denialink.com\\\/es\\\/\"},{\"@type\":\"ListItem\",\"position\":2,\"name\":\"Mangueras de dragado flexibles de caucho, flotantes y no flotantes\"}]},{\"@type\":\"WebSite\",\"@id\":\"https:\\\/\\\/denialink.com\\\/es\\\/#website\",\"url\":\"https:\\\/\\\/denialink.com\\\/es\\\/\",\"name\":\"Denialink\",\"description\":\"\",\"publisher\":{\"@id\":\"https:\\\/\\\/denialink.com\\\/es\\\/#organization\"},\"potentialAction\":[{\"@type\":\"SearchAction\",\"target\":{\"@type\":\"EntryPoint\",\"urlTemplate\":\"https:\\\/\\\/denialink.com\\\/es\\\/?s={search_term_string}\"},\"query-input\":{\"@type\":\"PropertyValueSpecification\",\"valueRequired\":true,\"valueName\":\"search_term_string\"}}],\"inLanguage\":\"es\"},{\"@type\":\"Organization\",\"@id\":\"https:\\\/\\\/denialink.com\\\/es\\\/#organization\",\"name\":\"Denialink\",\"url\":\"https:\\\/\\\/denialink.com\\\/es\\\/\",\"logo\":{\"@type\":\"ImageObject\",\"inLanguage\":\"es\",\"@id\":\"https:\\\/\\\/denialink.com\\\/es\\\/#\\\/schema\\\/logo\\\/image\\\/\",\"url\":\"https:\\\/\\\/denialink.com\\\/wp-content\\\/uploads\\\/2025\\\/06\\\/denialink-logo.png\",\"contentUrl\":\"https:\\\/\\\/denialink.com\\\/wp-content\\\/uploads\\\/2025\\\/06\\\/denialink-logo.png\",\"width\":512,\"height\":455,\"caption\":\"Denialink\"},\"image\":{\"@id\":\"https:\\\/\\\/denialink.com\\\/es\\\/#\\\/schema\\\/logo\\\/image\\\/\"}}]}<\/script>\n<!-- \/ Yoast SEO plugin. -->","yoast_head_json":{"title":"Mangueras de dragado flexibles de caucho, flotantes y no flotantes &#8226; Denialink","description":"En Denialink suministramos mangueras de dragado flexibles de caucho nuevas y usadas, disponibles en versiones flotantes y no flotantes.","robots":{"index":"index","follow":"follow","max-snippet":"max-snippet:-1","max-image-preview":"max-image-preview:large","max-video-preview":"max-video-preview:-1"},"canonical":"https:\/\/denialink.com\/es\/mangueras-de-dragado-flexibles-de-caucho\/","og_locale":"es_ES","og_type":"article","og_title":"Mangueras de dragado flexibles de caucho, flotantes y no flotantes &#8226; Denialink","og_description":"En Denialink suministramos mangueras de dragado flexibles de caucho nuevas y usadas, disponibles en versiones flotantes y no flotantes.","og_url":"https:\/\/denialink.com\/es\/mangueras-de-dragado-flexibles-de-caucho\/","og_site_name":"Denialink","article_modified_time":"2025-12-21T19:14:30+00:00","og_image":[{"width":900,"height":936,"url":"https:\/\/denialink.com\/wp-content\/uploads\/2025\/07\/denialink-20-bar-drijvende-baggerslang.jpg","type":"image\/jpeg"}],"twitter_card":"summary_large_image","schema":{"@context":"https:\/\/schema.org","@graph":[{"@type":"WebPage","@id":"https:\/\/denialink.com\/es\/mangueras-de-dragado-flexibles-de-caucho\/","url":"https:\/\/denialink.com\/es\/mangueras-de-dragado-flexibles-de-caucho\/","name":"Mangueras de dragado flexibles de caucho, flotantes y no flotantes &#8226; Denialink","isPartOf":{"@id":"https:\/\/denialink.com\/es\/#website"},"primaryImageOfPage":{"@id":"https:\/\/denialink.com\/es\/mangueras-de-dragado-flexibles-de-caucho\/#primaryimage"},"image":{"@id":"https:\/\/denialink.com\/es\/mangueras-de-dragado-flexibles-de-caucho\/#primaryimage"},"thumbnailUrl":"https:\/\/denialink.com\/wp-content\/uploads\/2025\/07\/denialink-20-bar-drijvende-baggerslang-288x300.jpg","datePublished":"2025-03-08T15:03:30+00:00","dateModified":"2025-12-21T19:14:30+00:00","description":"En Denialink suministramos mangueras de dragado flexibles de caucho nuevas y usadas, disponibles en versiones flotantes y no flotantes.","breadcrumb":{"@id":"https:\/\/denialink.com\/es\/mangueras-de-dragado-flexibles-de-caucho\/#breadcrumb"},"inLanguage":"es","potentialAction":[{"@type":"ReadAction","target":["https:\/\/denialink.com\/es\/mangueras-de-dragado-flexibles-de-caucho\/"]}]},{"@type":"ImageObject","inLanguage":"es","@id":"https:\/\/denialink.com\/es\/mangueras-de-dragado-flexibles-de-caucho\/#primaryimage","url":"https:\/\/denialink.com\/wp-content\/uploads\/2025\/07\/denialink-20-bar-drijvende-baggerslang-288x300.jpg","contentUrl":"https:\/\/denialink.com\/wp-content\/uploads\/2025\/07\/denialink-20-bar-drijvende-baggerslang-288x300.jpg"},{"@type":"BreadcrumbList","@id":"https:\/\/denialink.com\/es\/mangueras-de-dragado-flexibles-de-caucho\/#breadcrumb","itemListElement":[{"@type":"ListItem","position":1,"name":"Home","item":"https:\/\/denialink.com\/es\/"},{"@type":"ListItem","position":2,"name":"Mangueras de dragado flexibles de caucho, flotantes y no flotantes"}]},{"@type":"WebSite","@id":"https:\/\/denialink.com\/es\/#website","url":"https:\/\/denialink.com\/es\/","name":"Denialink","description":"","publisher":{"@id":"https:\/\/denialink.com\/es\/#organization"},"potentialAction":[{"@type":"SearchAction","target":{"@type":"EntryPoint","urlTemplate":"https:\/\/denialink.com\/es\/?s={search_term_string}"},"query-input":{"@type":"PropertyValueSpecification","valueRequired":true,"valueName":"search_term_string"}}],"inLanguage":"es"},{"@type":"Organization","@id":"https:\/\/denialink.com\/es\/#organization","name":"Denialink","url":"https:\/\/denialink.com\/es\/","logo":{"@type":"ImageObject","inLanguage":"es","@id":"https:\/\/denialink.com\/es\/#\/schema\/logo\/image\/","url":"https:\/\/denialink.com\/wp-content\/uploads\/2025\/06\/denialink-logo.png","contentUrl":"https:\/\/denialink.com\/wp-content\/uploads\/2025\/06\/denialink-logo.png","width":512,"height":455,"caption":"Denialink"},"image":{"@id":"https:\/\/denialink.com\/es\/#\/schema\/logo\/image\/"}}]}},"_links":{"self":[{"href":"https:\/\/denialink.com\/es\/wp-json\/wp\/v2\/pages\/564","targetHints":{"allow":["GET"]}}],"collection":[{"href":"https:\/\/denialink.com\/es\/wp-json\/wp\/v2\/pages"}],"about":[{"href":"https:\/\/denialink.com\/es\/wp-json\/wp\/v2\/types\/page"}],"author":[{"embeddable":true,"href":"https:\/\/denialink.com\/es\/wp-json\/wp\/v2\/users\/1"}],"replies":[{"embeddable":true,"href":"https:\/\/denialink.com\/es\/wp-json\/wp\/v2\/comments?post=564"}],"version-history":[{"count":5,"href":"https:\/\/denialink.com\/es\/wp-json\/wp\/v2\/pages\/564\/revisions"}],"predecessor-version":[{"id":774,"href":"https:\/\/denialink.com\/es\/wp-json\/wp\/v2\/pages\/564\/revisions\/774"}],"wp:attachment":[{"href":"https:\/\/denialink.com\/es\/wp-json\/wp\/v2\/media?parent=564"}],"curies":[{"name":"wp","href":"https:\/\/api.w.org\/{rel}","templated":true}]}}