{"id":562,"date":"2025-03-08T16:31:22","date_gmt":"2025-03-08T15:31:22","guid":{"rendered":"https:\/\/denialink.com\/denialink-es-representante-oficial-de-las-siguientes-empresas\/"},"modified":"2025-12-21T20:22:51","modified_gmt":"2025-12-21T19:22:51","slug":"socios","status":"publish","type":"page","link":"https:\/\/denialink.com\/es\/socios\/","title":{"rendered":"Denialink es representante oficial de las siguientes empresas"},"content":{"rendered":"\n<h1 class=\"wp-block-heading alignwide has-text-align-center\">Denialink es representante oficial de las siguientes empresas <\/h1>\n\n<div style=\"height:100px\" aria-hidden=\"true\" class=\"wp-block-spacer\"><\/div>\n\n<div class=\"wp-block-columns alignwide is-layout-flex wp-container-core-columns-is-layout-9d6595d7 wp-block-columns-is-layout-flex\">\n<div class=\"wp-block-column is-layout-flow wp-block-column-is-layout-flow\" style=\"flex-basis:66.66%\">\n<h2 class=\"wp-block-heading alignwide\">ESI Eurosilos B.V. <\/h2>\n\n\n\n<p>Tecnolog\u00eda y soluciones para materiales no fluidos. Empresa con capacidad t\u00e9cnica para dise\u00f1ar sistemas de manipulaci\u00f3n, carga y descarga de grandes cantidades de productos cohesivos en almacenamientos cerrados (silos). <\/p>\n\n\n\n<p>Ejemplos de productos:<\/p>\n\n\n\n<ul class=\"wp-block-list\">\n<li>Pellets de biomasa para combustible<\/li>\n\n\n\n<li>Yeso FDG<\/li>\n\n\n\n<li>Sal<\/li>\n\n\n\n<li>Almid\u00f3n<\/li>\n\n\n\n<li>Soja<\/li>\n\n\n\n<li>Coque de petr\u00f3leo<\/li>\n\n\n\n<li>Carb\u00f3n<\/li>\n\n\n\n<li>Ceniza volante \/ EAFD \/ Cemento<\/li>\n\n\n\n<li>Fertilizantes<\/li>\n<\/ul>\n\n\n\n<p>Para m\u00e1s informaci\u00f3n: <a href=\"https:\/\/eurosilo.com\" target=\"_blank\" rel=\"noreferrer noopener nofollow\">eurosilo.com<\/a>.<\/p>\n<\/div>\n\n\n\n<div class=\"wp-block-column is-layout-flow wp-block-column-is-layout-flow\" style=\"flex-basis:33.33%\"><div class=\"wp-block-image\">\n<figure class=\"aligncenter size-full\"><img loading=\"lazy\" decoding=\"async\" width=\"670\" height=\"1024\" src=\"https:\/\/denialink.com\/wp-content\/uploads\/2025\/07\/eurosilo-3d-model-van-verticale-silo.png\" alt=\"Eurosilo modelo-3D de un silo vertical\" class=\"wp-image-401\" srcset=\"https:\/\/denialink.com\/wp-content\/uploads\/2025\/07\/eurosilo-3d-model-van-verticale-silo.png 670w, https:\/\/denialink.com\/wp-content\/uploads\/2025\/07\/eurosilo-3d-model-van-verticale-silo-196x300.png 196w\" sizes=\"auto, (max-width: 670px) 100vw, 670px\" \/><\/figure>\n<\/div><\/div>\n<\/div>\n\n<div style=\"height:100px\" aria-hidden=\"true\" class=\"wp-block-spacer\"><\/div>\n\n<h2 class=\"wp-block-heading\">Offspring International Limited (OIL)<\/h2>\n\n<p><strong>OIL<\/strong> est\u00e1 especializada en el suministro de equipos y materiales para sistemas de monoboyas y multiboyas offshore (SPM &amp; CBM), as\u00ed como para las cimentaciones flotantes de aerogeneradores en alta mar. Productos disponibles, entre otros: mangueras de caucho para transporte de l\u00edquidos, flotantes y no flotantes, bajo normativa OCIMF, acoplamientos de seguridad (breakaways), v\u00e1lvulas, Cabos de fibra, boyas de navegaci\u00f3n, anclas y cadenas<\/p>\n<div class=\"wp-block-image\">\n<figure class=\"aligncenter size-full\"><img loading=\"lazy\" decoding=\"async\" width=\"500\" height=\"375\" src=\"https:\/\/denialink.com\/wp-content\/uploads\/2025\/07\/mooring-hawsers-in-action.webp\" alt=\"Mooring Hawsers in action\" class=\"wp-image-404\" srcset=\"https:\/\/denialink.com\/wp-content\/uploads\/2025\/07\/mooring-hawsers-in-action.webp 500w, https:\/\/denialink.com\/wp-content\/uploads\/2025\/07\/mooring-hawsers-in-action-300x225.webp 300w\" sizes=\"auto, (max-width: 500px) 100vw, 500px\" \/><\/figure>\n<\/div>\n<figure class=\"wp-block-image alignwide size-full\"><img loading=\"lazy\" decoding=\"async\" width=\"1100\" height=\"355\" src=\"https:\/\/denialink.com\/wp-content\/uploads\/2025\/07\/mooring-hawsers-in-action-2.jpg\" alt=\"Mooring Hawsers in action\" class=\"wp-image-405\" srcset=\"https:\/\/denialink.com\/wp-content\/uploads\/2025\/07\/mooring-hawsers-in-action-2.jpg 1100w, https:\/\/denialink.com\/wp-content\/uploads\/2025\/07\/mooring-hawsers-in-action-2-300x97.jpg 300w, https:\/\/denialink.com\/wp-content\/uploads\/2025\/07\/mooring-hawsers-in-action-2-1024x330.jpg 1024w, https:\/\/denialink.com\/wp-content\/uploads\/2025\/07\/mooring-hawsers-in-action-2-768x248.jpg 768w\" sizes=\"auto, (max-width: 1100px) 100vw, 1100px\" \/><\/figure>\n\n<p>Para m\u00e1s informaci\u00f3n: <a href=\"https:\/\/www.offspringinternational.com\" target=\"_blank\" rel=\"noreferrer noopener nofollow\">offspringinternational.com<\/a><\/p>\n\n<div style=\"height:100px\" aria-hidden=\"true\" class=\"wp-block-spacer\"><\/div>\n\n<h2 class=\"wp-block-heading\">Euro Offshore B.V.<\/h2>\n\n<figure class=\"wp-block-image alignwide size-full\"><img loading=\"lazy\" decoding=\"async\" width=\"1100\" height=\"229\" src=\"https:\/\/denialink.com\/wp-content\/uploads\/2025\/07\/euro-offshore-blue-spirit-patrol-boot.jpg\" alt=\"Euro Offshore Blue Spirit Patrol barco\" class=\"wp-image-410\" srcset=\"https:\/\/denialink.com\/wp-content\/uploads\/2025\/07\/euro-offshore-blue-spirit-patrol-boot.jpg 1100w, https:\/\/denialink.com\/wp-content\/uploads\/2025\/07\/euro-offshore-blue-spirit-patrol-boot-300x62.jpg 300w, https:\/\/denialink.com\/wp-content\/uploads\/2025\/07\/euro-offshore-blue-spirit-patrol-boot-1024x213.jpg 1024w, https:\/\/denialink.com\/wp-content\/uploads\/2025\/07\/euro-offshore-blue-spirit-patrol-boot-768x160.jpg 768w\" sizes=\"auto, (max-width: 1100px) 100vw, 1100px\" \/><\/figure>\n\n<p><strong>Euro Offshore<\/strong> fabrica, importa y distribuye una amplia gama de productos para el sector mar\u00edtimo y offshore. Entre ellos: embarcaciones de servicio, transporte de personal, hidrograf\u00eda, pilotos, polic\u00eda, aduanas, autoridades portuarias, constructoras mar\u00edtimas, as\u00ed como embarcaciones de salvamento (incluidos pescantes). Las embarcaciones en aluminio y fibra se construyen en los Pa\u00edses Bajos. <\/p>\n\n<p>La empresa est\u00e1 especializada en el control de seguridad de equipos a bordo.<\/p>\n<div class=\"wp-block-image\">\n<figure class=\"aligncenter size-full\"><img loading=\"lazy\" decoding=\"async\" width=\"500\" height=\"255\" src=\"https:\/\/denialink.com\/wp-content\/uploads\/2025\/07\/euro-offshore-reddingssloeps.jpg\" alt=\"Euro Offshore lanchas de rescate\" class=\"wp-image-413\" srcset=\"https:\/\/denialink.com\/wp-content\/uploads\/2025\/07\/euro-offshore-reddingssloeps.jpg 500w, https:\/\/denialink.com\/wp-content\/uploads\/2025\/07\/euro-offshore-reddingssloeps-300x153.jpg 300w\" sizes=\"auto, (max-width: 500px) 100vw, 500px\" \/><\/figure>\n<\/div>\n<p>Series de productos:<\/p>\n\n<ul class=\"wp-block-list\">\n<li>BLUE Spirit Ribs<\/li>\n\n\n\n<li>Alunautic Workboats.<\/li>\n\n\n\n<li>Fiber Shark Workboats.<\/li>\n\n\n\n<li>EO Lifesaving.<\/li>\n\n\n\n<li>UC2K HD Protection Coating.<\/li>\n<\/ul>\n<div class=\"wp-block-image\">\n<figure class=\"aligncenter size-full\"><img loading=\"lazy\" decoding=\"async\" width=\"929\" height=\"262\" src=\"https:\/\/denialink.com\/wp-content\/uploads\/2025\/07\/euro-offshore-blue-spirit-patrol-boot-2.png\" alt=\"Euro Offshore Blue Spirit Patrol barco\" class=\"wp-image-416\" srcset=\"https:\/\/denialink.com\/wp-content\/uploads\/2025\/07\/euro-offshore-blue-spirit-patrol-boot-2.png 929w, https:\/\/denialink.com\/wp-content\/uploads\/2025\/07\/euro-offshore-blue-spirit-patrol-boot-2-300x85.png 300w, https:\/\/denialink.com\/wp-content\/uploads\/2025\/07\/euro-offshore-blue-spirit-patrol-boot-2-768x217.png 768w\" sizes=\"auto, (max-width: 929px) 100vw, 929px\" \/><\/figure>\n<\/div>\n<p>Para m\u00e1s informaci\u00f3n: <a href=\"https:\/\/www.eurooffshore.com\" target=\"_blank\" rel=\"noreferrer noopener nofollow\">eurooffshore.com<\/a><\/p>\n","protected":false},"excerpt":{"rendered":"<p>Denialink es representante oficial de las siguientes empresas ESI Eurosilos B.V. Tecnolog\u00eda y soluciones para materiales no fluidos. Empresa con capacidad t\u00e9cnica para dise\u00f1ar sistemas de manipulaci\u00f3n, carga y descarga de grandes cantidades de productos cohesivos en almacenamientos cerrados (silos). Ejemplos de productos: Para m\u00e1s informaci\u00f3n: eurosilo.com. Offspring International Limited (OIL) OIL est\u00e1 especializada en [&hellip;]<\/p>\n","protected":false},"author":1,"featured_media":0,"parent":0,"menu_order":0,"comment_status":"closed","ping_status":"closed","template":"","meta":{"_genesis_hide_title":true,"_genesis_hide_breadcrumbs":false,"_genesis_hide_singular_image":false,"_genesis_hide_footer_widgets":false,"_genesis_custom_body_class":"","_genesis_custom_post_class":"","_genesis_layout":"","footnotes":""},"class_list":{"0":"post-562","1":"page","2":"type-page","3":"status-publish","5":"entry","6":"has-post-thumbnail"},"yoast_head":"<!-- This site is optimized with the Yoast SEO plugin v27.5 - https:\/\/yoast.com\/product\/yoast-seo-wordpress\/ -->\n<title>Denialink es representante oficial de las siguientes empresas &#8226; Denialink<\/title>\n<meta name=\"description\" content=\"Denialink representa a ESI Eurosilo BV, OFFSPRING International Ltd. (OIL) y Euro offshore. Esto adem\u00e1s de nuestra colaboraci\u00f3n con muchos otros proveedores\" \/>\n<meta name=\"robots\" content=\"index, follow, max-snippet:-1, max-image-preview:large, max-video-preview:-1\" \/>\n<link rel=\"canonical\" href=\"https:\/\/denialink.com\/es\/socios\/\" \/>\n<meta property=\"og:locale\" content=\"es_ES\" \/>\n<meta property=\"og:type\" content=\"article\" \/>\n<meta property=\"og:title\" content=\"Denialink es representante oficial de las siguientes empresas &#8226; Denialink\" \/>\n<meta property=\"og:description\" content=\"Denialink representa a ESI Eurosilo BV, OFFSPRING International Ltd. (OIL) y Euro offshore. Esto adem\u00e1s de nuestra colaboraci\u00f3n con muchos otros proveedores\" \/>\n<meta property=\"og:url\" content=\"https:\/\/denialink.com\/es\/socios\/\" \/>\n<meta property=\"og:site_name\" content=\"Denialink\" \/>\n<meta property=\"article:modified_time\" content=\"2025-12-21T19:22:51+00:00\" \/>\n<meta property=\"og:image\" content=\"https:\/\/denialink.com\/wp-content\/uploads\/2025\/07\/eurosilo-3d-model-van-verticale-silo.png\" \/>\n\t<meta property=\"og:image:width\" content=\"670\" \/>\n\t<meta property=\"og:image:height\" content=\"1024\" \/>\n\t<meta property=\"og:image:type\" content=\"image\/png\" \/>\n<meta name=\"twitter:card\" content=\"summary_large_image\" \/>\n<script type=\"application\/ld+json\" class=\"yoast-schema-graph\">{\"@context\":\"https:\\\/\\\/schema.org\",\"@graph\":[{\"@type\":\"WebPage\",\"@id\":\"https:\\\/\\\/denialink.com\\\/es\\\/socios\\\/\",\"url\":\"https:\\\/\\\/denialink.com\\\/es\\\/socios\\\/\",\"name\":\"Denialink es representante oficial de las siguientes empresas &#8226; Denialink\",\"isPartOf\":{\"@id\":\"https:\\\/\\\/denialink.com\\\/es\\\/#website\"},\"primaryImageOfPage\":{\"@id\":\"https:\\\/\\\/denialink.com\\\/es\\\/socios\\\/#primaryimage\"},\"image\":{\"@id\":\"https:\\\/\\\/denialink.com\\\/es\\\/socios\\\/#primaryimage\"},\"thumbnailUrl\":\"https:\\\/\\\/denialink.com\\\/wp-content\\\/uploads\\\/2025\\\/07\\\/eurosilo-3d-model-van-verticale-silo.png\",\"datePublished\":\"2025-03-08T15:31:22+00:00\",\"dateModified\":\"2025-12-21T19:22:51+00:00\",\"description\":\"Denialink representa a ESI Eurosilo BV, OFFSPRING International Ltd. (OIL) y Euro offshore. Esto adem\u00e1s de nuestra colaboraci\u00f3n con muchos otros proveedores\",\"breadcrumb\":{\"@id\":\"https:\\\/\\\/denialink.com\\\/es\\\/socios\\\/#breadcrumb\"},\"inLanguage\":\"es\",\"potentialAction\":[{\"@type\":\"ReadAction\",\"target\":[\"https:\\\/\\\/denialink.com\\\/es\\\/socios\\\/\"]}]},{\"@type\":\"ImageObject\",\"inLanguage\":\"es\",\"@id\":\"https:\\\/\\\/denialink.com\\\/es\\\/socios\\\/#primaryimage\",\"url\":\"https:\\\/\\\/denialink.com\\\/wp-content\\\/uploads\\\/2025\\\/07\\\/eurosilo-3d-model-van-verticale-silo.png\",\"contentUrl\":\"https:\\\/\\\/denialink.com\\\/wp-content\\\/uploads\\\/2025\\\/07\\\/eurosilo-3d-model-van-verticale-silo.png\"},{\"@type\":\"BreadcrumbList\",\"@id\":\"https:\\\/\\\/denialink.com\\\/es\\\/socios\\\/#breadcrumb\",\"itemListElement\":[{\"@type\":\"ListItem\",\"position\":1,\"name\":\"Home\",\"item\":\"https:\\\/\\\/denialink.com\\\/es\\\/\"},{\"@type\":\"ListItem\",\"position\":2,\"name\":\"Denialink es representante oficial de las siguientes empresas\"}]},{\"@type\":\"WebSite\",\"@id\":\"https:\\\/\\\/denialink.com\\\/es\\\/#website\",\"url\":\"https:\\\/\\\/denialink.com\\\/es\\\/\",\"name\":\"Denialink\",\"description\":\"\",\"publisher\":{\"@id\":\"https:\\\/\\\/denialink.com\\\/es\\\/#organization\"},\"potentialAction\":[{\"@type\":\"SearchAction\",\"target\":{\"@type\":\"EntryPoint\",\"urlTemplate\":\"https:\\\/\\\/denialink.com\\\/es\\\/?s={search_term_string}\"},\"query-input\":{\"@type\":\"PropertyValueSpecification\",\"valueRequired\":true,\"valueName\":\"search_term_string\"}}],\"inLanguage\":\"es\"},{\"@type\":\"Organization\",\"@id\":\"https:\\\/\\\/denialink.com\\\/es\\\/#organization\",\"name\":\"Denialink\",\"url\":\"https:\\\/\\\/denialink.com\\\/es\\\/\",\"logo\":{\"@type\":\"ImageObject\",\"inLanguage\":\"es\",\"@id\":\"https:\\\/\\\/denialink.com\\\/es\\\/#\\\/schema\\\/logo\\\/image\\\/\",\"url\":\"https:\\\/\\\/denialink.com\\\/wp-content\\\/uploads\\\/2025\\\/06\\\/denialink-logo.png\",\"contentUrl\":\"https:\\\/\\\/denialink.com\\\/wp-content\\\/uploads\\\/2025\\\/06\\\/denialink-logo.png\",\"width\":512,\"height\":455,\"caption\":\"Denialink\"},\"image\":{\"@id\":\"https:\\\/\\\/denialink.com\\\/es\\\/#\\\/schema\\\/logo\\\/image\\\/\"}}]}<\/script>\n<!-- \/ Yoast SEO plugin. -->","yoast_head_json":{"title":"Denialink es representante oficial de las siguientes empresas &#8226; Denialink","description":"Denialink representa a ESI Eurosilo BV, OFFSPRING International Ltd. (OIL) y Euro offshore. Esto adem\u00e1s de nuestra colaboraci\u00f3n con muchos otros proveedores","robots":{"index":"index","follow":"follow","max-snippet":"max-snippet:-1","max-image-preview":"max-image-preview:large","max-video-preview":"max-video-preview:-1"},"canonical":"https:\/\/denialink.com\/es\/socios\/","og_locale":"es_ES","og_type":"article","og_title":"Denialink es representante oficial de las siguientes empresas &#8226; Denialink","og_description":"Denialink representa a ESI Eurosilo BV, OFFSPRING International Ltd. (OIL) y Euro offshore. Esto adem\u00e1s de nuestra colaboraci\u00f3n con muchos otros proveedores","og_url":"https:\/\/denialink.com\/es\/socios\/","og_site_name":"Denialink","article_modified_time":"2025-12-21T19:22:51+00:00","og_image":[{"width":670,"height":1024,"url":"https:\/\/denialink.com\/wp-content\/uploads\/2025\/07\/eurosilo-3d-model-van-verticale-silo.png","type":"image\/png"}],"twitter_card":"summary_large_image","schema":{"@context":"https:\/\/schema.org","@graph":[{"@type":"WebPage","@id":"https:\/\/denialink.com\/es\/socios\/","url":"https:\/\/denialink.com\/es\/socios\/","name":"Denialink es representante oficial de las siguientes empresas &#8226; Denialink","isPartOf":{"@id":"https:\/\/denialink.com\/es\/#website"},"primaryImageOfPage":{"@id":"https:\/\/denialink.com\/es\/socios\/#primaryimage"},"image":{"@id":"https:\/\/denialink.com\/es\/socios\/#primaryimage"},"thumbnailUrl":"https:\/\/denialink.com\/wp-content\/uploads\/2025\/07\/eurosilo-3d-model-van-verticale-silo.png","datePublished":"2025-03-08T15:31:22+00:00","dateModified":"2025-12-21T19:22:51+00:00","description":"Denialink representa a ESI Eurosilo BV, OFFSPRING International Ltd. (OIL) y Euro offshore. Esto adem\u00e1s de nuestra colaboraci\u00f3n con muchos otros proveedores","breadcrumb":{"@id":"https:\/\/denialink.com\/es\/socios\/#breadcrumb"},"inLanguage":"es","potentialAction":[{"@type":"ReadAction","target":["https:\/\/denialink.com\/es\/socios\/"]}]},{"@type":"ImageObject","inLanguage":"es","@id":"https:\/\/denialink.com\/es\/socios\/#primaryimage","url":"https:\/\/denialink.com\/wp-content\/uploads\/2025\/07\/eurosilo-3d-model-van-verticale-silo.png","contentUrl":"https:\/\/denialink.com\/wp-content\/uploads\/2025\/07\/eurosilo-3d-model-van-verticale-silo.png"},{"@type":"BreadcrumbList","@id":"https:\/\/denialink.com\/es\/socios\/#breadcrumb","itemListElement":[{"@type":"ListItem","position":1,"name":"Home","item":"https:\/\/denialink.com\/es\/"},{"@type":"ListItem","position":2,"name":"Denialink es representante oficial de las siguientes empresas"}]},{"@type":"WebSite","@id":"https:\/\/denialink.com\/es\/#website","url":"https:\/\/denialink.com\/es\/","name":"Denialink","description":"","publisher":{"@id":"https:\/\/denialink.com\/es\/#organization"},"potentialAction":[{"@type":"SearchAction","target":{"@type":"EntryPoint","urlTemplate":"https:\/\/denialink.com\/es\/?s={search_term_string}"},"query-input":{"@type":"PropertyValueSpecification","valueRequired":true,"valueName":"search_term_string"}}],"inLanguage":"es"},{"@type":"Organization","@id":"https:\/\/denialink.com\/es\/#organization","name":"Denialink","url":"https:\/\/denialink.com\/es\/","logo":{"@type":"ImageObject","inLanguage":"es","@id":"https:\/\/denialink.com\/es\/#\/schema\/logo\/image\/","url":"https:\/\/denialink.com\/wp-content\/uploads\/2025\/06\/denialink-logo.png","contentUrl":"https:\/\/denialink.com\/wp-content\/uploads\/2025\/06\/denialink-logo.png","width":512,"height":455,"caption":"Denialink"},"image":{"@id":"https:\/\/denialink.com\/es\/#\/schema\/logo\/image\/"}}]}},"_links":{"self":[{"href":"https:\/\/denialink.com\/es\/wp-json\/wp\/v2\/pages\/562","targetHints":{"allow":["GET"]}}],"collection":[{"href":"https:\/\/denialink.com\/es\/wp-json\/wp\/v2\/pages"}],"about":[{"href":"https:\/\/denialink.com\/es\/wp-json\/wp\/v2\/types\/page"}],"author":[{"embeddable":true,"href":"https:\/\/denialink.com\/es\/wp-json\/wp\/v2\/users\/1"}],"replies":[{"embeddable":true,"href":"https:\/\/denialink.com\/es\/wp-json\/wp\/v2\/comments?post=562"}],"version-history":[{"count":3,"href":"https:\/\/denialink.com\/es\/wp-json\/wp\/v2\/pages\/562\/revisions"}],"predecessor-version":[{"id":735,"href":"https:\/\/denialink.com\/es\/wp-json\/wp\/v2\/pages\/562\/revisions\/735"}],"wp:attachment":[{"href":"https:\/\/denialink.com\/es\/wp-json\/wp\/v2\/media?parent=562"}],"curies":[{"name":"wp","href":"https:\/\/api.w.org\/{rel}","templated":true}]}}