{"id":560,"date":"2025-03-08T16:11:19","date_gmt":"2025-03-08T15:11:19","guid":{"rendered":"https:\/\/denialink.com\/flotadores-para-tuberias-de-dragado-y-cables-pe-y-pu-opcionalmente-rellenos-de-spuma\/"},"modified":"2025-12-21T20:25:25","modified_gmt":"2025-12-21T19:25:25","slug":"flotadores-para-tuberias-de-dragado-y-cables-pe-y-pu","status":"publish","type":"page","link":"https:\/\/denialink.com\/es\/flotadores-para-tuberias-de-dragado-y-cables-pe-y-pu\/","title":{"rendered":"Flotadores para tuber\u00edas de dragado y cables, PE y PU, opcionalmente rellenos de espuma"},"content":{"rendered":"\n<h1 class=\"wp-block-heading\"><strong>Flotadores para tuber\u00edas de dragado y cables, PE y PU, opcionalmente rellenos de espuma<\/strong><\/h1>\n\n<p>Para la flotaci\u00f3n de l\u00edneas de dragado, ya sean met\u00e1licas o de PEAD (HDPE), se utilizan flotadores de PE o PU, que pueden estar opcionalmente rellenos de espuma. Estos flotadores tambi\u00e9n se utilizan para tuber\u00edas de petr\u00f3leo, gas, agua y para cables. En Denialink suministramos todos estos tipos de flotadores.<\/p>\n<div class=\"wp-block-image\">\n<figure class=\"aligncenter size-full\"><img loading=\"lazy\" decoding=\"async\" width=\"389\" height=\"293\" src=\"https:\/\/denialink.com\/wp-content\/uploads\/2025\/07\/vorraad-drijvers-voor-baggerpijpen.png\" alt=\"Flotadores en stock para tuber&#xED;as de dragado\" class=\"wp-image-327\" srcset=\"https:\/\/denialink.com\/wp-content\/uploads\/2025\/07\/vorraad-drijvers-voor-baggerpijpen.png 389w, https:\/\/denialink.com\/wp-content\/uploads\/2025\/07\/vorraad-drijvers-voor-baggerpijpen-300x226.png 300w\" sizes=\"auto, (max-width: 389px) 100vw, 389px\" \/><\/figure>\n<\/div>\n<figure class=\"wp-block-gallery aligncenter has-nested-images columns-default is-cropped wp-block-gallery-1 is-layout-flex wp-block-gallery-is-layout-flex\">\n<figure class=\"wp-block-image size-full\"><img loading=\"lazy\" decoding=\"async\" width=\"531\" height=\"397\" data-id=\"355\" src=\"https:\/\/denialink.com\/wp-content\/uploads\/2025\/07\/drijvers-voor-baggerleidingen-in-opslag.png\" alt=\"Flotadores de tuber&#xED;a de dragado almacenados\" class=\"wp-image-355\" srcset=\"https:\/\/denialink.com\/wp-content\/uploads\/2025\/07\/drijvers-voor-baggerleidingen-in-opslag.png 531w, https:\/\/denialink.com\/wp-content\/uploads\/2025\/07\/drijvers-voor-baggerleidingen-in-opslag-300x224.png 300w\" sizes=\"auto, (max-width: 531px) 100vw, 531px\" \/><\/figure>\n\n\n\n<figure class=\"wp-block-image size-full\"><img loading=\"lazy\" decoding=\"async\" width=\"350\" height=\"262\" data-id=\"358\" src=\"https:\/\/denialink.com\/wp-content\/uploads\/2025\/07\/drijvers-voor-baggerleidingen-in-vrachtwagen-voor-transport.png\" alt=\"Flotadores de tuber&#xED;a de dragado cargados en camion\" class=\"wp-image-358\" srcset=\"https:\/\/denialink.com\/wp-content\/uploads\/2025\/07\/drijvers-voor-baggerleidingen-in-vrachtwagen-voor-transport.png 350w, https:\/\/denialink.com\/wp-content\/uploads\/2025\/07\/drijvers-voor-baggerleidingen-in-vrachtwagen-voor-transport-300x225.png 300w\" sizes=\"auto, (max-width: 350px) 100vw, 350px\" \/><\/figure>\n<\/figure>\n\n<p>Posibles dimensiones de los flotadores. Para otras dimensiones, consulta con Denialink.<\/p>\n\n<div class=\"alignwide\">\n<table class=\"responsive-table\">\n  <thead>\n    <tr>\n      <th>Tipo<\/th>\n      <th>Di\u00e1metro exterior<br\/>mm<\/th>\n      <th>Di\u00e1metro interior<br\/>mm<\/th>\n      <th>Longitud<br\/>mm<\/th>\n      <th>Peso<br\/>Kg<\/th>\n      <th>Neto<br\/>Capacidad de flotaci\u00f3n neta<br\/>Kg<\/th>\n    <\/tr>\n  <\/thead>\n  <tbody>\n    <tr>\n      <td>70<\/td>\n      <td>400<\/td>\n      <td>70<\/td>\n      <td>400<\/td>\n      <td>8<\/td>\n      <td>40<\/td>\n    <\/tr>\n    <tr>\n      <td>125<\/td>\n      <td>400<\/td>\n      <td>125<\/td>\n      <td>400<\/td>\n      <td>8<\/td>\n      <td>38<\/td>\n    <\/tr>\n    <tr>\n      <td>140<\/td>\n      <td>400<\/td>\n      <td>140<\/td>\n      <td>400<\/td>\n      <td>8<\/td>\n      <td>35<\/td>\n    <\/tr>\n    <tr>\n      <td>160<\/td>\n      <td>400<\/td>\n      <td>150<\/td>\n      <td>400<\/td>\n      <td>8<\/td>\n      <td>34<\/td>\n    <\/tr>\n    <tr><td colspan=\"6\"><\/td><\/tr>\n    <tr>\n      <td>180<\/td>\n      <td>600<\/td>\n      <td>180<\/td>\n      <td>800<\/td>\n      <td>20<\/td>\n      <td>128<\/td>\n    <\/tr>\n    <tr>\n      <td>200<\/td>\n      <td>600<\/td>\n      <td>200<\/td>\n      <td>800<\/td>\n      <td>20<\/td>\n      <td>125<\/td>\n    <\/tr>\n    <tr>\n      <td>225<\/td>\n      <td>600<\/td>\n      <td>225<\/td>\n      <td>800<\/td>\n      <td>20<\/td>\n      <td>123<\/td>\n    <\/tr>\n    <tr>\n      <td>250<\/td>\n      <td>600<\/td>\n      <td>255<\/td>\n      <td>800<\/td>\n      <td>20<\/td>\n      <td>120<\/td>\n    <\/tr>\n    <tr><td colspan=\"6\"><\/td><\/tr>\n    <tr>\n      <td>225<\/td>\n      <td>700<\/td>\n      <td>225<\/td>\n      <td>800<\/td>\n      <td>30<\/td>\n      <td>243<\/td>\n    <\/tr>\n    <tr>\n      <td>250<\/td>\n      <td>700<\/td>\n      <td>250<\/td>\n      <td>800<\/td>\n      <td>30<\/td>\n      <td>237<\/td>\n    <\/tr>\n    <tr>\n      <td>280<\/td>\n      <td>700<\/td>\n      <td>280<\/td>\n      <td>800<\/td>\n      <td>30<\/td>\n      <td>228<\/td>\n    <\/tr>\n    <tr><td colspan=\"6\"><\/td><\/tr>\n    <tr>\n      <td>315<\/td>\n      <td>850<\/td>\n      <td>315<\/td>\n      <td>800<\/td>\n      <td>40<\/td>\n      <td>290<\/td>\n    <\/tr>\n    <tr>\n      <td>355<\/td>\n      <td>850<\/td>\n      <td>355<\/td>\n      <td>800<\/td>\n      <td>40<\/td>\n      <td>280<\/td>\n    <\/tr>\n    <tr><td colspan=\"6\"><\/td><\/tr>\n    <tr>\n      <td>400<\/td>\n      <td>1350<\/td>\n      <td>400<\/td>\n      <td>700<\/td>\n      <td>65<\/td>\n      <td>710<\/td>\n    <\/tr>\n    <tr>\n      <td>450<\/td>\n      <td>1350<\/td>\n      <td>450<\/td>\n      <td>700<\/td>\n      <td>65<\/td>\n      <td>690<\/td>\n    <\/tr>\n    <tr><td colspan=\"6\"><\/td><\/tr>\n    <tr>\n      <td>500<\/td>\n      <td>1540<\/td>\n      <td>500<\/td>\n      <td>700<\/td>\n      <td>80<\/td>\n      <td>985<\/td>\n    <\/tr>\n    <tr>\n      <td>530<\/td>\n      <td>1540<\/td>\n      <td>530<\/td>\n      <td>700<\/td>\n      <td>80<\/td>\n      <td>970<\/td>\n    <\/tr>\n    <tr>\n      <td>560<\/td>\n      <td>1540<\/td>\n      <td>560<\/td>\n      <td>700<\/td>\n      <td>80<\/td>\n      <td>955<\/td>\n    <\/tr>\n    <tr>\n      <td>580<\/td>\n      <td>1540<\/td>\n      <td>580<\/td>\n      <td>700<\/td>\n      <td>80<\/td>\n      <td>940<\/td>\n    <\/tr>\n    <tr>\n      <td>630<\/td>\n      <td>1540<\/td>\n      <td>630<\/td>\n      <td>700<\/td>\n      <td>80<\/td>\n      <td>915<\/td>\n    <\/tr>\n    <tr>\n      <td>680<\/td>\n      <td>1540<\/td>\n      <td>680<\/td>\n      <td>700<\/td>\n      <td>80<\/td>\n      <td>900<\/td>\n    <\/tr>\n    <tr>\n      <td>710<\/td>\n      <td>1540<\/td>\n      <td>710<\/td>\n      <td>700<\/td>\n      <td>80<\/td>\n      <td>885<\/td>\n    <\/tr>\n    <tr>\n      <td>730<\/td>\n      <td>1540<\/td>\n      <td>730<\/td>\n      <td>700<\/td>\n      <td>80<\/td>\n      <td>870<\/td>\n    <\/tr>\n    <tr><td colspan=\"6\"><\/td><\/tr>\n    <tr>\n      <td>710<\/td>\n      <td>1950<\/td>\n      <td>710<\/td>\n      <td>700<\/td>\n      <td>140<\/td>\n      <td>1800<\/td>\n    <\/tr>\n    <tr>\n      <td>850<\/td>\n      <td>1950<\/td>\n      <td>850<\/td>\n      <td>700<\/td>\n      <td>140<\/td>\n      <td>1740<\/td>\n    <\/tr>\n    <tr>\n      <td>950<\/td>\n      <td>1950<\/td>\n      <td>950<\/td>\n      <td>700<\/td>\n      <td>140<\/td>\n      <td>1675<\/td>\n    <\/tr>\n    <tr>\n      <td>1050<\/td>\n      <td>1950<\/td>\n      <td>1050<\/td>\n      <td>700<\/td>\n      <td>140<\/td>\n      <td>1600<\/td>\n    <\/tr>\n  <\/tbody>\n<\/table>\n<\/div>\n<div class=\"wp-block-image\">\n<figure class=\"aligncenter size-large is-resized\"><img loading=\"lazy\" decoding=\"async\" width=\"508\" height=\"1024\" src=\"https:\/\/denialink.com\/wp-content\/uploads\/2025\/12\/drijvers-xxs-70-klaar-voor-transport-508x1024.jpg\" alt=\"Flotadores XXS-70 preparados para transporte\" class=\"wp-image-630\" style=\"width:400px\" srcset=\"https:\/\/denialink.com\/wp-content\/uploads\/2025\/12\/drijvers-xxs-70-klaar-voor-transport-508x1024.jpg 508w, https:\/\/denialink.com\/wp-content\/uploads\/2025\/12\/drijvers-xxs-70-klaar-voor-transport-149x300.jpg 149w, https:\/\/denialink.com\/wp-content\/uploads\/2025\/12\/drijvers-xxs-70-klaar-voor-transport-768x1548.jpg 768w, https:\/\/denialink.com\/wp-content\/uploads\/2025\/12\/drijvers-xxs-70-klaar-voor-transport-762x1536.jpg 762w, https:\/\/denialink.com\/wp-content\/uploads\/2025\/12\/drijvers-xxs-70-klaar-voor-transport.jpg 1016w\" sizes=\"auto, (max-width: 508px) 100vw, 508px\" \/><\/figure>\n<\/div>\n<p>Los principales operadores de dragado en todo el mundo utilizan flotadores de tuber\u00eda de PE y PU.<\/p>\n\n<p>Seg\u00fan las distintas necesidades pr\u00e1cticas, se ofrecen varias opciones:<\/p>\n\n<ul class=\"wp-block-list\">\n<li>Di\u00e1metro interior (ID) de 50 mm hasta 1.250 mm, apto para tuber\u00edas de dragado y cables.<\/li>\n\n\n\n<li>PE y PU totalmente resistentes a la corrosi\u00f3n y a los rayos UV.<\/li>\n\n\n\n<li>Alta flexibilidad de impacto.<\/li>\n\n\n\n<li>Ligero y f\u00e1cil de manejar.<\/li>\n\n\n\n<li>Secciones reemplazables.<\/li>\n\n\n\n<li>Disponible en varios colores.<\/li>\n\n\n\n<li>Reduce el tiempo de inactividad por mal tiempo.<\/li>\n\n\n\n<li>Opcional: relleno de espuma.<\/li>\n\n\n\n<li>Opcional: iluminaci\u00f3n solar.<\/li>\n\n\n\n<li>Opcional: franjas reflectantes. <\/li>\n<\/ul>\n\n<h3 class=\"wp-block-heading\"><strong>Pontones flotantes<\/strong><\/h3>\n\n<p>Cuando un conducto de dragado debe permanecer completamente sobre el nivel del agua, los pontones flotantes son la soluci\u00f3n. Estos pontones se fabrican con dos tubos cerrados (de acero o PEAD), cuyas conexiones tambi\u00e9n soportan el conducto.<\/p>\n\n<h3 class=\"wp-block-heading\"><strong>Flotadores de hundimiento<\/strong><\/h3>\n\n<p>Para la instalaci\u00f3n de tuber\u00edas submarinas, de acero o de hormig\u00f3n, destinadas a petr\u00f3leo, gas o agua, se utilizan flotadores adaptados que mantienen la tuber\u00eda en posici\u00f3n durante el hundimiento. Una vez en su lugar, los flotadores se desconectan y recogen, para su almacenamiento y posible reutilizaci\u00f3n.<\/p>\n","protected":false},"excerpt":{"rendered":"<p>Flotadores para tuber\u00edas de dragado y cables, PE y PU, opcionalmente rellenos de espuma Para la flotaci\u00f3n de l\u00edneas de dragado, ya sean met\u00e1licas o de PEAD (HDPE), se utilizan flotadores de PE o PU, que pueden estar opcionalmente rellenos de espuma. Estos flotadores tambi\u00e9n se utilizan para tuber\u00edas de petr\u00f3leo, gas, agua y para [&hellip;]<\/p>\n","protected":false},"author":1,"featured_media":0,"parent":0,"menu_order":0,"comment_status":"closed","ping_status":"closed","template":"","meta":{"_genesis_hide_title":true,"_genesis_hide_breadcrumbs":false,"_genesis_hide_singular_image":false,"_genesis_hide_footer_widgets":false,"_genesis_custom_body_class":"","_genesis_custom_post_class":"","_genesis_layout":"","footnotes":""},"class_list":{"0":"post-560","1":"page","2":"type-page","3":"status-publish","5":"entry","6":"has-post-thumbnail"},"yoast_head":"<!-- This site is optimized with the Yoast SEO plugin v27.5 - https:\/\/yoast.com\/product\/yoast-seo-wordpress\/ -->\n<title>Flotadores para tuber\u00edas de dragado y cables, PE y PU, opcionalmente rellenos de espuma &#8226; Denialink<\/title>\n<meta name=\"description\" content=\"Flotadores para l\u00edneas de dragado, ya sean met\u00e1licas o de PEAD. De PE o PU, opcionalmente rellenos de espuma. Estos flotadores tambi\u00e9n se utilizan para tuber\u00edas de petr\u00f3leo, gas, agua y para cables\" \/>\n<meta name=\"robots\" content=\"index, follow, max-snippet:-1, max-image-preview:large, max-video-preview:-1\" \/>\n<link rel=\"canonical\" href=\"https:\/\/denialink.com\/es\/flotadores-para-tuberias-de-dragado-y-cables-pe-y-pu\/\" \/>\n<meta property=\"og:locale\" content=\"es_ES\" \/>\n<meta property=\"og:type\" content=\"article\" \/>\n<meta property=\"og:title\" content=\"Flotadores para tuber\u00edas de dragado y cables, PE y PU, opcionalmente rellenos de espuma &#8226; Denialink\" \/>\n<meta property=\"og:description\" content=\"Flotadores para l\u00edneas de dragado, ya sean met\u00e1licas o de PEAD. De PE o PU, opcionalmente rellenos de espuma. Estos flotadores tambi\u00e9n se utilizan para tuber\u00edas de petr\u00f3leo, gas, agua y para cables\" \/>\n<meta property=\"og:url\" content=\"https:\/\/denialink.com\/es\/flotadores-para-tuberias-de-dragado-y-cables-pe-y-pu\/\" \/>\n<meta property=\"og:site_name\" content=\"Denialink\" \/>\n<meta property=\"article:modified_time\" content=\"2025-12-21T19:25:25+00:00\" \/>\n<meta property=\"og:image\" content=\"https:\/\/denialink.com\/wp-content\/uploads\/2025\/07\/vorraad-drijvers-voor-baggerpijpen.png\" \/>\n\t<meta property=\"og:image:width\" content=\"389\" \/>\n\t<meta property=\"og:image:height\" content=\"293\" \/>\n\t<meta property=\"og:image:type\" content=\"image\/png\" \/>\n<meta name=\"twitter:card\" content=\"summary_large_image\" \/>\n<script type=\"application\/ld+json\" class=\"yoast-schema-graph\">{\"@context\":\"https:\\\/\\\/schema.org\",\"@graph\":[{\"@type\":\"WebPage\",\"@id\":\"https:\\\/\\\/denialink.com\\\/es\\\/flotadores-para-tuberias-de-dragado-y-cables-pe-y-pu\\\/\",\"url\":\"https:\\\/\\\/denialink.com\\\/es\\\/flotadores-para-tuberias-de-dragado-y-cables-pe-y-pu\\\/\",\"name\":\"Flotadores para tuber\u00edas de dragado y cables, PE y PU, opcionalmente rellenos de espuma &#8226; Denialink\",\"isPartOf\":{\"@id\":\"https:\\\/\\\/denialink.com\\\/es\\\/#website\"},\"primaryImageOfPage\":{\"@id\":\"https:\\\/\\\/denialink.com\\\/es\\\/flotadores-para-tuberias-de-dragado-y-cables-pe-y-pu\\\/#primaryimage\"},\"image\":{\"@id\":\"https:\\\/\\\/denialink.com\\\/es\\\/flotadores-para-tuberias-de-dragado-y-cables-pe-y-pu\\\/#primaryimage\"},\"thumbnailUrl\":\"https:\\\/\\\/denialink.com\\\/wp-content\\\/uploads\\\/2025\\\/07\\\/vorraad-drijvers-voor-baggerpijpen.png\",\"datePublished\":\"2025-03-08T15:11:19+00:00\",\"dateModified\":\"2025-12-21T19:25:25+00:00\",\"description\":\"Flotadores para l\u00edneas de dragado, ya sean met\u00e1licas o de PEAD. De PE o PU, opcionalmente rellenos de espuma. Estos flotadores tambi\u00e9n se utilizan para tuber\u00edas de petr\u00f3leo, gas, agua y para cables\",\"breadcrumb\":{\"@id\":\"https:\\\/\\\/denialink.com\\\/es\\\/flotadores-para-tuberias-de-dragado-y-cables-pe-y-pu\\\/#breadcrumb\"},\"inLanguage\":\"es\",\"potentialAction\":[{\"@type\":\"ReadAction\",\"target\":[\"https:\\\/\\\/denialink.com\\\/es\\\/flotadores-para-tuberias-de-dragado-y-cables-pe-y-pu\\\/\"]}]},{\"@type\":\"ImageObject\",\"inLanguage\":\"es\",\"@id\":\"https:\\\/\\\/denialink.com\\\/es\\\/flotadores-para-tuberias-de-dragado-y-cables-pe-y-pu\\\/#primaryimage\",\"url\":\"https:\\\/\\\/denialink.com\\\/wp-content\\\/uploads\\\/2025\\\/07\\\/vorraad-drijvers-voor-baggerpijpen.png\",\"contentUrl\":\"https:\\\/\\\/denialink.com\\\/wp-content\\\/uploads\\\/2025\\\/07\\\/vorraad-drijvers-voor-baggerpijpen.png\"},{\"@type\":\"BreadcrumbList\",\"@id\":\"https:\\\/\\\/denialink.com\\\/es\\\/flotadores-para-tuberias-de-dragado-y-cables-pe-y-pu\\\/#breadcrumb\",\"itemListElement\":[{\"@type\":\"ListItem\",\"position\":1,\"name\":\"Home\",\"item\":\"https:\\\/\\\/denialink.com\\\/es\\\/\"},{\"@type\":\"ListItem\",\"position\":2,\"name\":\"Flotadores para tuber\u00edas de dragado y cables, PE y PU, opcionalmente rellenos de espuma\"}]},{\"@type\":\"WebSite\",\"@id\":\"https:\\\/\\\/denialink.com\\\/es\\\/#website\",\"url\":\"https:\\\/\\\/denialink.com\\\/es\\\/\",\"name\":\"Denialink\",\"description\":\"\",\"publisher\":{\"@id\":\"https:\\\/\\\/denialink.com\\\/es\\\/#organization\"},\"potentialAction\":[{\"@type\":\"SearchAction\",\"target\":{\"@type\":\"EntryPoint\",\"urlTemplate\":\"https:\\\/\\\/denialink.com\\\/es\\\/?s={search_term_string}\"},\"query-input\":{\"@type\":\"PropertyValueSpecification\",\"valueRequired\":true,\"valueName\":\"search_term_string\"}}],\"inLanguage\":\"es\"},{\"@type\":\"Organization\",\"@id\":\"https:\\\/\\\/denialink.com\\\/es\\\/#organization\",\"name\":\"Denialink\",\"url\":\"https:\\\/\\\/denialink.com\\\/es\\\/\",\"logo\":{\"@type\":\"ImageObject\",\"inLanguage\":\"es\",\"@id\":\"https:\\\/\\\/denialink.com\\\/es\\\/#\\\/schema\\\/logo\\\/image\\\/\",\"url\":\"https:\\\/\\\/denialink.com\\\/wp-content\\\/uploads\\\/2025\\\/06\\\/denialink-logo.png\",\"contentUrl\":\"https:\\\/\\\/denialink.com\\\/wp-content\\\/uploads\\\/2025\\\/06\\\/denialink-logo.png\",\"width\":512,\"height\":455,\"caption\":\"Denialink\"},\"image\":{\"@id\":\"https:\\\/\\\/denialink.com\\\/es\\\/#\\\/schema\\\/logo\\\/image\\\/\"}}]}<\/script>\n<!-- \/ Yoast SEO plugin. -->","yoast_head_json":{"title":"Flotadores para tuber\u00edas de dragado y cables, PE y PU, opcionalmente rellenos de espuma &#8226; Denialink","description":"Flotadores para l\u00edneas de dragado, ya sean met\u00e1licas o de PEAD. De PE o PU, opcionalmente rellenos de espuma. Estos flotadores tambi\u00e9n se utilizan para tuber\u00edas de petr\u00f3leo, gas, agua y para cables","robots":{"index":"index","follow":"follow","max-snippet":"max-snippet:-1","max-image-preview":"max-image-preview:large","max-video-preview":"max-video-preview:-1"},"canonical":"https:\/\/denialink.com\/es\/flotadores-para-tuberias-de-dragado-y-cables-pe-y-pu\/","og_locale":"es_ES","og_type":"article","og_title":"Flotadores para tuber\u00edas de dragado y cables, PE y PU, opcionalmente rellenos de espuma &#8226; Denialink","og_description":"Flotadores para l\u00edneas de dragado, ya sean met\u00e1licas o de PEAD. De PE o PU, opcionalmente rellenos de espuma. Estos flotadores tambi\u00e9n se utilizan para tuber\u00edas de petr\u00f3leo, gas, agua y para cables","og_url":"https:\/\/denialink.com\/es\/flotadores-para-tuberias-de-dragado-y-cables-pe-y-pu\/","og_site_name":"Denialink","article_modified_time":"2025-12-21T19:25:25+00:00","og_image":[{"width":389,"height":293,"url":"https:\/\/denialink.com\/wp-content\/uploads\/2025\/07\/vorraad-drijvers-voor-baggerpijpen.png","type":"image\/png"}],"twitter_card":"summary_large_image","schema":{"@context":"https:\/\/schema.org","@graph":[{"@type":"WebPage","@id":"https:\/\/denialink.com\/es\/flotadores-para-tuberias-de-dragado-y-cables-pe-y-pu\/","url":"https:\/\/denialink.com\/es\/flotadores-para-tuberias-de-dragado-y-cables-pe-y-pu\/","name":"Flotadores para tuber\u00edas de dragado y cables, PE y PU, opcionalmente rellenos de espuma &#8226; Denialink","isPartOf":{"@id":"https:\/\/denialink.com\/es\/#website"},"primaryImageOfPage":{"@id":"https:\/\/denialink.com\/es\/flotadores-para-tuberias-de-dragado-y-cables-pe-y-pu\/#primaryimage"},"image":{"@id":"https:\/\/denialink.com\/es\/flotadores-para-tuberias-de-dragado-y-cables-pe-y-pu\/#primaryimage"},"thumbnailUrl":"https:\/\/denialink.com\/wp-content\/uploads\/2025\/07\/vorraad-drijvers-voor-baggerpijpen.png","datePublished":"2025-03-08T15:11:19+00:00","dateModified":"2025-12-21T19:25:25+00:00","description":"Flotadores para l\u00edneas de dragado, ya sean met\u00e1licas o de PEAD. De PE o PU, opcionalmente rellenos de espuma. Estos flotadores tambi\u00e9n se utilizan para tuber\u00edas de petr\u00f3leo, gas, agua y para cables","breadcrumb":{"@id":"https:\/\/denialink.com\/es\/flotadores-para-tuberias-de-dragado-y-cables-pe-y-pu\/#breadcrumb"},"inLanguage":"es","potentialAction":[{"@type":"ReadAction","target":["https:\/\/denialink.com\/es\/flotadores-para-tuberias-de-dragado-y-cables-pe-y-pu\/"]}]},{"@type":"ImageObject","inLanguage":"es","@id":"https:\/\/denialink.com\/es\/flotadores-para-tuberias-de-dragado-y-cables-pe-y-pu\/#primaryimage","url":"https:\/\/denialink.com\/wp-content\/uploads\/2025\/07\/vorraad-drijvers-voor-baggerpijpen.png","contentUrl":"https:\/\/denialink.com\/wp-content\/uploads\/2025\/07\/vorraad-drijvers-voor-baggerpijpen.png"},{"@type":"BreadcrumbList","@id":"https:\/\/denialink.com\/es\/flotadores-para-tuberias-de-dragado-y-cables-pe-y-pu\/#breadcrumb","itemListElement":[{"@type":"ListItem","position":1,"name":"Home","item":"https:\/\/denialink.com\/es\/"},{"@type":"ListItem","position":2,"name":"Flotadores para tuber\u00edas de dragado y cables, PE y PU, opcionalmente rellenos de espuma"}]},{"@type":"WebSite","@id":"https:\/\/denialink.com\/es\/#website","url":"https:\/\/denialink.com\/es\/","name":"Denialink","description":"","publisher":{"@id":"https:\/\/denialink.com\/es\/#organization"},"potentialAction":[{"@type":"SearchAction","target":{"@type":"EntryPoint","urlTemplate":"https:\/\/denialink.com\/es\/?s={search_term_string}"},"query-input":{"@type":"PropertyValueSpecification","valueRequired":true,"valueName":"search_term_string"}}],"inLanguage":"es"},{"@type":"Organization","@id":"https:\/\/denialink.com\/es\/#organization","name":"Denialink","url":"https:\/\/denialink.com\/es\/","logo":{"@type":"ImageObject","inLanguage":"es","@id":"https:\/\/denialink.com\/es\/#\/schema\/logo\/image\/","url":"https:\/\/denialink.com\/wp-content\/uploads\/2025\/06\/denialink-logo.png","contentUrl":"https:\/\/denialink.com\/wp-content\/uploads\/2025\/06\/denialink-logo.png","width":512,"height":455,"caption":"Denialink"},"image":{"@id":"https:\/\/denialink.com\/es\/#\/schema\/logo\/image\/"}}]}},"_links":{"self":[{"href":"https:\/\/denialink.com\/es\/wp-json\/wp\/v2\/pages\/560","targetHints":{"allow":["GET"]}}],"collection":[{"href":"https:\/\/denialink.com\/es\/wp-json\/wp\/v2\/pages"}],"about":[{"href":"https:\/\/denialink.com\/es\/wp-json\/wp\/v2\/types\/page"}],"author":[{"embeddable":true,"href":"https:\/\/denialink.com\/es\/wp-json\/wp\/v2\/users\/1"}],"replies":[{"embeddable":true,"href":"https:\/\/denialink.com\/es\/wp-json\/wp\/v2\/comments?post=560"}],"version-history":[{"count":4,"href":"https:\/\/denialink.com\/es\/wp-json\/wp\/v2\/pages\/560\/revisions"}],"predecessor-version":[{"id":779,"href":"https:\/\/denialink.com\/es\/wp-json\/wp\/v2\/pages\/560\/revisions\/779"}],"wp:attachment":[{"href":"https:\/\/denialink.com\/es\/wp-json\/wp\/v2\/media?parent=560"}],"curies":[{"name":"wp","href":"https:\/\/api.w.org\/{rel}","templated":true}]}}