{"id":556,"date":"2025-03-08T16:26:10","date_gmt":"2025-03-08T15:26:10","guid":{"rendered":"https:\/\/denialink.com\/defensas-neumaticas-flotantes-tipo-yokohama\/"},"modified":"2025-12-21T20:29:30","modified_gmt":"2025-12-21T19:29:30","slug":"defensas-neumaticas-flotantes-tipo-yokohama","status":"publish","type":"page","link":"https:\/\/denialink.com\/es\/defensas-neumaticas-flotantes-tipo-yokohama\/","title":{"rendered":"Defensas neum\u00e1ticas flotantes tipo Yokohama"},"content":{"rendered":"\n<h1 class=\"wp-block-heading\">Defensas neum\u00e1ticas flotantes tipo Yokohama<\/h1>\n\n<p>Debido a sus propiedades especiales, las defensas neum\u00e1ticas flotantes de caucho se utilizan ampliamente en la industria offshore y de dragado. Sirven, por ejemplo, para proteger embarcaciones durante la transferencia de petr\u00f3leo, gas u otros productos l\u00edquidos, as\u00ed como para proteger plataformas y embarcaciones de trabajo. En puertos, estas defensas se utilizan de manera similar, o para mantener distancia entre barcos y muelles en operaciones delicadas que requieren cuidado especial, como la manipulaci\u00f3n de equipos, instrumentos o buques de guerra (fragatas y submarinos), etc. Se valoran por su r\u00e1pida instalaci\u00f3n, portabilidad e independencia de las mareas.<\/p>\n\n<p>Dimensiones de las defensas neum\u00e1ticas:<\/p>\n\n<ul class=\"wp-block-list\">\n<li>Di\u00e1metro: 0,5 a 4,5 metros<\/li>\n\n\n\n<li>Longitud: 0,6 a 12,0 metros<\/li>\n<\/ul>\n\n<p>La calidad de fabricaci\u00f3n se verifica mediante pruebas exhaustivas en el sitio de producci\u00f3n.<\/p>\n\n<h2 class=\"wp-block-heading\">Defensa neum\u00e1tica con cadena y llantas (CTN)<\/h2>\n<div class=\"wp-block-image\">\n<figure class=\"aligncenter size-full\"><img loading=\"lazy\" decoding=\"async\" width=\"400\" height=\"127\" src=\"https:\/\/denialink.com\/wp-content\/uploads\/2025\/07\/pneumatische-fender-met-chain-and-tire-netting-ctn.jpg\" alt=\"Defensa neum&#xE1;tica con cadena y llantas (CTN)\" class=\"wp-image-395\" srcset=\"https:\/\/denialink.com\/wp-content\/uploads\/2025\/07\/pneumatische-fender-met-chain-and-tire-netting-ctn.jpg 400w, https:\/\/denialink.com\/wp-content\/uploads\/2025\/07\/pneumatische-fender-met-chain-and-tire-netting-ctn-300x95.jpg 300w\" sizes=\"auto, (max-width: 400px) 100vw, 400px\" \/><figcaption class=\"wp-element-caption\">Fender CTN<\/figcaption><\/figure>\n<\/div>\n<p>Para mayor protecci\u00f3n, la defensa neum\u00e1tica puede suministrarse con unas redes conocidas como \u201cChain and Tire Netting\u201d o CTN.<br\/><br\/> Estas redes se componen de llantas de coche o avi\u00f3n que, junto con las cadenas, forman un recubrimiento alrededor de la defensa. Las cadenas y grilletes se certifican y se prueban exhaustivamente en el sitio de producci\u00f3n de la defensa. <\/p>\n<div class=\"wp-block-image\">\n<figure class=\"aligncenter size-large\"><img loading=\"lazy\" decoding=\"async\" width=\"1024\" height=\"691\" src=\"https:\/\/denialink.com\/wp-content\/uploads\/2025\/07\/pneumatische-drijvende-rubber-fenders-1024x691.jpg\" alt=\"Defensas neum&#xE1;ticas con cadena y llantas (CTN)\" class=\"wp-image-142\" srcset=\"https:\/\/denialink.com\/wp-content\/uploads\/2025\/07\/pneumatische-drijvende-rubber-fenders-1024x691.jpg 1024w, https:\/\/denialink.com\/wp-content\/uploads\/2025\/07\/pneumatische-drijvende-rubber-fenders-300x202.jpg 300w, https:\/\/denialink.com\/wp-content\/uploads\/2025\/07\/pneumatische-drijvende-rubber-fenders-768x518.jpg 768w, https:\/\/denialink.com\/wp-content\/uploads\/2025\/07\/pneumatische-drijvende-rubber-fenders.jpg 1088w\" sizes=\"auto, (max-width: 1024px) 100vw, 1024px\" \/><\/figure>\n<\/div>\n<h2 class=\"wp-block-heading\">Defensa RIB<\/h2>\n<div class=\"wp-block-image\">\n<figure class=\"aligncenter size-medium\"><img loading=\"lazy\" decoding=\"async\" width=\"300\" height=\"206\" src=\"https:\/\/denialink.com\/wp-content\/uploads\/2025\/07\/rib-fender-illustratie-300x206.png\" alt=\"Ilustraci&#xF3;n de una defensa RIB\" class=\"wp-image-392\" srcset=\"https:\/\/denialink.com\/wp-content\/uploads\/2025\/07\/rib-fender-illustratie-300x206.png 300w, https:\/\/denialink.com\/wp-content\/uploads\/2025\/07\/rib-fender-illustratie-768x528.png 768w, https:\/\/denialink.com\/wp-content\/uploads\/2025\/07\/rib-fender-illustratie.png 921w\" sizes=\"auto, (max-width: 300px) 100vw, 300px\" \/><figcaption class=\"wp-element-caption\">Defensa RIB<\/figcaption><\/figure>\n<\/div>\n<p>Esta defensa neum\u00e1tica incorpora costillas sint\u00e9ticas integradas en el cuerpo de caucho, a modo de \u201ccaja tor\u00e1cica\u201d que refuerza la protecci\u00f3n.<\/p>\n<div class=\"wp-block-image\">\n<figure class=\"aligncenter size-full\"><img loading=\"lazy\" decoding=\"async\" width=\"800\" height=\"535\" src=\"https:\/\/denialink.com\/wp-content\/uploads\/2025\/12\/boat-fender-rib-fender.jpg\" alt=\"Defensa neum&#xE1;tica tipo RIB - RIB-fender\" class=\"wp-image-618\" srcset=\"https:\/\/denialink.com\/wp-content\/uploads\/2025\/12\/boat-fender-rib-fender.jpg 800w, https:\/\/denialink.com\/wp-content\/uploads\/2025\/12\/boat-fender-rib-fender-300x201.jpg 300w, https:\/\/denialink.com\/wp-content\/uploads\/2025\/12\/boat-fender-rib-fender-768x514.jpg 768w\" sizes=\"auto, (max-width: 800px) 100vw, 800px\" \/><\/figure>\n<\/div>\n<h2 class=\"wp-block-heading\">Defensa SLING<\/h2>\n<div class=\"wp-block-image\">\n<figure class=\"aligncenter size-full\"><img loading=\"lazy\" decoding=\"async\" width=\"300\" height=\"151\" src=\"https:\/\/denialink.com\/wp-content\/uploads\/2025\/07\/sling-fender-illustratie.jpg\" alt=\"Ilustraci&#xF3;n de una defensa SLING\" class=\"wp-image-389\"\/><figcaption class=\"wp-element-caption\">Defensa neum\u00e1tica desnuda tipo I<\/figcaption><\/figure>\n<\/div>\n<p>Esta defensa se suministra desnuda, sin protecci\u00f3n adicional. El color est\u00e1ndar de las defensas neum\u00e1ticas de caucho es negro. Para aplicaciones de la Marina se utiliza gris, y cuando se aplican en cruceros, se recomienda el blanco.<\/p>\n<div class=\"wp-block-image\">\n<figure class=\"aligncenter size-large\"><img loading=\"lazy\" decoding=\"async\" width=\"1024\" height=\"701\" src=\"https:\/\/denialink.com\/wp-content\/uploads\/2025\/12\/rubber-sling-fender-1024x701.png\" alt=\"Defensa neum&#xE1;tica desnuda tipo SLING\" class=\"wp-image-636\" title=\"Defensa neum&#xE1;tica desnuda tipo SLING\" srcset=\"https:\/\/denialink.com\/wp-content\/uploads\/2025\/12\/rubber-sling-fender-1024x701.png 1024w, https:\/\/denialink.com\/wp-content\/uploads\/2025\/12\/rubber-sling-fender-300x206.png 300w, https:\/\/denialink.com\/wp-content\/uploads\/2025\/12\/rubber-sling-fender-768x526.png 768w, https:\/\/denialink.com\/wp-content\/uploads\/2025\/12\/rubber-sling-fender.png 1200w\" sizes=\"auto, (max-width: 1024px) 100vw, 1024px\" \/><\/figure>\n<\/div>\n<p>En la tabla a continuaci\u00f3n se muestran las dimensiones m\u00e1s comunes y los datos t\u00e9cnicos.<\/p>\n\n<div class=\"alignwide\">\n<table class=\"responsive-table\">\n  <thead>\n    <tr>\n      <th>Di\u00e1metro x Longitud<\/th>\n      <th>Inicial<br\/>Internamente<br\/>Presi\u00f3n<br\/>(kPa)<\/th>\n      <th>Absorci\u00f3n<br\/>de energ\u00eda<br\/>Absorbacion<br\/>(kNm)<\/th>\n      <th>Fuerza<br\/>de reacci\u00f3n<br\/>al GEA<br\/>(kN)<\/th>\n      <th>Presi\u00f3n<br\/>Presi\u00f3n<br\/>al GEA<br\/>(kPa)<\/th>\n      <th>Presi\u00f3n seguridad V<br\/>(kPa)<\/th>\n      <th>Presi\u00f3n<br\/>Presi\u00f3n<br\/>(kPa)<\/th>\n    <\/tr>\n  <\/thead>\n  <tbody>\n    <tr>\n      <td>500 \u00d7 1000<\/td>\n      <td>50<\/td>\n      <td>6<\/td>\n      <td>64<\/td>\n      <td>132<\/td>\n      <td>&#8211;<\/td>\n      <td>200<\/td>\n    <\/tr>\n    <tr>\n      <td>600 \u00d7 1000<\/td>\n      <td>50<\/td>\n      <td>8<\/td>\n      <td>74<\/td>\n      <td>126<\/td>\n      <td>&#8211;<\/td>\n      <td>200<\/td>\n    <\/tr>\n    <tr>\n      <td>700 \u00d7 1500<\/td>\n      <td>50<\/td>\n      <td>17<\/td>\n      <td>137<\/td>\n      <td>135<\/td>\n      <td>&#8211;<\/td>\n      <td>200<\/td>\n    <\/tr>\n    <tr>\n      <td>1000 \u00d7 1500<\/td>\n      <td>50<\/td>\n      <td>32<\/td>\n      <td>182<\/td>\n      <td>122<\/td>\n      <td>&#8211;<\/td>\n      <td>200<\/td>\n    <\/tr>\n    <tr>\n      <td>1000 \u00d7 2000<\/td>\n      <td>50<\/td>\n      <td>45<\/td>\n      <td>257<\/td>\n      <td>132<\/td>\n      <td>&#8211;<\/td>\n      <td>200<\/td>\n    <\/tr>\n    <tr>\n      <td>1200 \u00d7 2000<\/td>\n      <td>50<\/td>\n      <td>63<\/td>\n      <td>297<\/td>\n      <td>126<\/td>\n      <td>&#8211;<\/td>\n      <td>200<\/td>\n    <\/tr>\n    <tr>\n      <td>1350 \u00d7 2500<\/td>\n      <td>50<\/td>\n      <td>102<\/td>\n      <td>427<\/td>\n      <td>130<\/td>\n      <td>&#8211;<\/td>\n      <td>200<\/td>\n    <\/tr>\n    <tr>\n      <td>1500 \u00d7 3000<\/td>\n      <td>50<\/td>\n      <td>153<\/td>\n      <td>579<\/td>\n      <td>132<\/td>\n      <td>&#8211;<\/td>\n      <td>200<\/td>\n    <\/tr>\n    <tr>\n      <td>1700 \u00d7 3000<\/td>\n      <td>50<\/td>\n      <td>191<\/td>\n      <td>639<\/td>\n      <td>128<\/td>\n      <td>&#8211;<\/td>\n      <td>200<\/td>\n    <\/tr>\n    <tr>\n      <td>2000 \u00d7 3500<\/td>\n      <td>50<\/td>\n      <td>308<\/td>\n      <td>875<\/td>\n      <td>128<\/td>\n      <td>&#8211;<\/td>\n      <td>200<\/td>\n    <\/tr>\n    <tr>\n      <td>2500 \u00d7 4000<\/td>\n      <td>50<\/td>\n      <td>663<\/td>\n      <td>1381<\/td>\n      <td>137<\/td>\n      <td>175<\/td>\n      <td>250<\/td>\n    <\/tr>\n    <tr>\n      <td>2500 \u00d7 5500<\/td>\n      <td>50<\/td>\n      <td>943<\/td>\n      <td>2019<\/td>\n      <td>148<\/td>\n      <td>175<\/td>\n      <td>250<\/td>\n    <\/tr>\n    <tr>\n      <td>3300 \u00d7 4500<\/td>\n      <td>50<\/td>\n      <td>1175<\/td>\n      <td>1884<\/td>\n      <td>130<\/td>\n      <td>175<\/td>\n      <td>250<\/td>\n    <\/tr>\n    <tr>\n      <td>3300 \u00d7 6500<\/td>\n      <td>50<\/td>\n      <td>1814<\/td>\n      <td>3015<\/td>\n      <td>146<\/td>\n      <td>175<\/td>\n      <td>250<\/td>\n    <\/tr>\n    <tr>\n      <td>3300 \u00d7 10600<\/td>\n      <td>50<\/td>\n      <td>3067<\/td>\n      <td>5257<\/td>\n      <td>158<\/td>\n      <td>175<\/td>\n      <td>250<\/td>\n    <\/tr>\n    <tr>\n      <td>4500 \u00d7 9000<\/td>\n      <td>50<\/td>\n      <td>4752<\/td>\n      <td>5747<\/td>\n      <td>146<\/td>\n      <td>175<\/td>\n      <td>250<\/td>\n    <\/tr>\n    <tr>\n      <td>4500 \u00d7 12000<\/td>\n      <td>50<\/td>\n      <td>6473<\/td>\n      <td>7984<\/td>\n      <td>154<\/td>\n      <td>175<\/td>\n      <td>250<\/td>\n    <\/tr>\n  <\/tbody>\n<\/table>\n<\/div>\n\n<p>Para otras dimensiones, consulta con Denialink.<\/p>\n","protected":false},"excerpt":{"rendered":"<p>Defensas neum\u00e1ticas flotantes tipo Yokohama Debido a sus propiedades especiales, las defensas neum\u00e1ticas flotantes de caucho se utilizan ampliamente en la industria offshore y de dragado. Sirven, por ejemplo, para proteger embarcaciones durante la transferencia de petr\u00f3leo, gas u otros productos l\u00edquidos, as\u00ed como para proteger plataformas y embarcaciones de trabajo. En puertos, estas defensas [&hellip;]<\/p>\n","protected":false},"author":1,"featured_media":0,"parent":0,"menu_order":0,"comment_status":"closed","ping_status":"closed","template":"","meta":{"_genesis_hide_title":true,"_genesis_hide_breadcrumbs":false,"_genesis_hide_singular_image":false,"_genesis_hide_footer_widgets":false,"_genesis_custom_body_class":"","_genesis_custom_post_class":"","_genesis_layout":"","footnotes":""},"class_list":{"0":"post-556","1":"page","2":"type-page","3":"status-publish","5":"entry","6":"has-post-thumbnail"},"yoast_head":"<!-- This site is optimized with the Yoast SEO plugin v27.5 - https:\/\/yoast.com\/product\/yoast-seo-wordpress\/ -->\n<title>Defensas neum\u00e1ticas flotantes tipo Yokohama &#8226; Denialink<\/title>\n<meta name=\"description\" content=\"Las defensas neum\u00e1ticas flotantes de caucho se utilizan ampliamente en la industria offshore y de dragado. Por ejemplo, como protecci\u00f3n de buques, plataformas y embarcaciones de trabajo\" \/>\n<meta name=\"robots\" content=\"index, follow, max-snippet:-1, max-image-preview:large, max-video-preview:-1\" \/>\n<link rel=\"canonical\" href=\"https:\/\/denialink.com\/es\/defensas-neumaticas-flotantes-tipo-yokohama\/\" \/>\n<meta property=\"og:locale\" content=\"es_ES\" \/>\n<meta property=\"og:type\" content=\"article\" \/>\n<meta property=\"og:title\" content=\"Defensas neum\u00e1ticas flotantes tipo Yokohama &#8226; Denialink\" \/>\n<meta property=\"og:description\" content=\"Las defensas neum\u00e1ticas flotantes de caucho se utilizan ampliamente en la industria offshore y de dragado. Por ejemplo, como protecci\u00f3n de buques, plataformas y embarcaciones de trabajo\" \/>\n<meta property=\"og:url\" content=\"https:\/\/denialink.com\/es\/defensas-neumaticas-flotantes-tipo-yokohama\/\" \/>\n<meta property=\"og:site_name\" content=\"Denialink\" \/>\n<meta property=\"article:modified_time\" content=\"2025-12-21T19:29:30+00:00\" \/>\n<meta property=\"og:image\" content=\"https:\/\/denialink.com\/wp-content\/uploads\/2025\/07\/pneumatische-fender-met-chain-and-tire-netting-ctn.jpg\" \/>\n\t<meta property=\"og:image:width\" content=\"400\" \/>\n\t<meta property=\"og:image:height\" content=\"127\" \/>\n\t<meta property=\"og:image:type\" content=\"image\/jpeg\" \/>\n<meta name=\"twitter:card\" content=\"summary_large_image\" \/>\n<script type=\"application\/ld+json\" class=\"yoast-schema-graph\">{\"@context\":\"https:\\\/\\\/schema.org\",\"@graph\":[{\"@type\":\"WebPage\",\"@id\":\"https:\\\/\\\/denialink.com\\\/es\\\/defensas-neumaticas-flotantes-tipo-yokohama\\\/\",\"url\":\"https:\\\/\\\/denialink.com\\\/es\\\/defensas-neumaticas-flotantes-tipo-yokohama\\\/\",\"name\":\"Defensas neum\u00e1ticas flotantes tipo Yokohama &#8226; Denialink\",\"isPartOf\":{\"@id\":\"https:\\\/\\\/denialink.com\\\/es\\\/#website\"},\"primaryImageOfPage\":{\"@id\":\"https:\\\/\\\/denialink.com\\\/es\\\/defensas-neumaticas-flotantes-tipo-yokohama\\\/#primaryimage\"},\"image\":{\"@id\":\"https:\\\/\\\/denialink.com\\\/es\\\/defensas-neumaticas-flotantes-tipo-yokohama\\\/#primaryimage\"},\"thumbnailUrl\":\"https:\\\/\\\/denialink.com\\\/wp-content\\\/uploads\\\/2025\\\/07\\\/pneumatische-fender-met-chain-and-tire-netting-ctn.jpg\",\"datePublished\":\"2025-03-08T15:26:10+00:00\",\"dateModified\":\"2025-12-21T19:29:30+00:00\",\"description\":\"Las defensas neum\u00e1ticas flotantes de caucho se utilizan ampliamente en la industria offshore y de dragado. Por ejemplo, como protecci\u00f3n de buques, plataformas y embarcaciones de trabajo\",\"breadcrumb\":{\"@id\":\"https:\\\/\\\/denialink.com\\\/es\\\/defensas-neumaticas-flotantes-tipo-yokohama\\\/#breadcrumb\"},\"inLanguage\":\"es\",\"potentialAction\":[{\"@type\":\"ReadAction\",\"target\":[\"https:\\\/\\\/denialink.com\\\/es\\\/defensas-neumaticas-flotantes-tipo-yokohama\\\/\"]}]},{\"@type\":\"ImageObject\",\"inLanguage\":\"es\",\"@id\":\"https:\\\/\\\/denialink.com\\\/es\\\/defensas-neumaticas-flotantes-tipo-yokohama\\\/#primaryimage\",\"url\":\"https:\\\/\\\/denialink.com\\\/wp-content\\\/uploads\\\/2025\\\/07\\\/pneumatische-fender-met-chain-and-tire-netting-ctn.jpg\",\"contentUrl\":\"https:\\\/\\\/denialink.com\\\/wp-content\\\/uploads\\\/2025\\\/07\\\/pneumatische-fender-met-chain-and-tire-netting-ctn.jpg\"},{\"@type\":\"BreadcrumbList\",\"@id\":\"https:\\\/\\\/denialink.com\\\/es\\\/defensas-neumaticas-flotantes-tipo-yokohama\\\/#breadcrumb\",\"itemListElement\":[{\"@type\":\"ListItem\",\"position\":1,\"name\":\"Home\",\"item\":\"https:\\\/\\\/denialink.com\\\/es\\\/\"},{\"@type\":\"ListItem\",\"position\":2,\"name\":\"Defensas neum\u00e1ticas flotantes tipo Yokohama\"}]},{\"@type\":\"WebSite\",\"@id\":\"https:\\\/\\\/denialink.com\\\/es\\\/#website\",\"url\":\"https:\\\/\\\/denialink.com\\\/es\\\/\",\"name\":\"Denialink\",\"description\":\"\",\"publisher\":{\"@id\":\"https:\\\/\\\/denialink.com\\\/es\\\/#organization\"},\"potentialAction\":[{\"@type\":\"SearchAction\",\"target\":{\"@type\":\"EntryPoint\",\"urlTemplate\":\"https:\\\/\\\/denialink.com\\\/es\\\/?s={search_term_string}\"},\"query-input\":{\"@type\":\"PropertyValueSpecification\",\"valueRequired\":true,\"valueName\":\"search_term_string\"}}],\"inLanguage\":\"es\"},{\"@type\":\"Organization\",\"@id\":\"https:\\\/\\\/denialink.com\\\/es\\\/#organization\",\"name\":\"Denialink\",\"url\":\"https:\\\/\\\/denialink.com\\\/es\\\/\",\"logo\":{\"@type\":\"ImageObject\",\"inLanguage\":\"es\",\"@id\":\"https:\\\/\\\/denialink.com\\\/es\\\/#\\\/schema\\\/logo\\\/image\\\/\",\"url\":\"https:\\\/\\\/denialink.com\\\/wp-content\\\/uploads\\\/2025\\\/06\\\/denialink-logo.png\",\"contentUrl\":\"https:\\\/\\\/denialink.com\\\/wp-content\\\/uploads\\\/2025\\\/06\\\/denialink-logo.png\",\"width\":512,\"height\":455,\"caption\":\"Denialink\"},\"image\":{\"@id\":\"https:\\\/\\\/denialink.com\\\/es\\\/#\\\/schema\\\/logo\\\/image\\\/\"}}]}<\/script>\n<!-- \/ Yoast SEO plugin. -->","yoast_head_json":{"title":"Defensas neum\u00e1ticas flotantes tipo Yokohama &#8226; Denialink","description":"Las defensas neum\u00e1ticas flotantes de caucho se utilizan ampliamente en la industria offshore y de dragado. Por ejemplo, como protecci\u00f3n de buques, plataformas y embarcaciones de trabajo","robots":{"index":"index","follow":"follow","max-snippet":"max-snippet:-1","max-image-preview":"max-image-preview:large","max-video-preview":"max-video-preview:-1"},"canonical":"https:\/\/denialink.com\/es\/defensas-neumaticas-flotantes-tipo-yokohama\/","og_locale":"es_ES","og_type":"article","og_title":"Defensas neum\u00e1ticas flotantes tipo Yokohama &#8226; Denialink","og_description":"Las defensas neum\u00e1ticas flotantes de caucho se utilizan ampliamente en la industria offshore y de dragado. Por ejemplo, como protecci\u00f3n de buques, plataformas y embarcaciones de trabajo","og_url":"https:\/\/denialink.com\/es\/defensas-neumaticas-flotantes-tipo-yokohama\/","og_site_name":"Denialink","article_modified_time":"2025-12-21T19:29:30+00:00","og_image":[{"width":400,"height":127,"url":"https:\/\/denialink.com\/wp-content\/uploads\/2025\/07\/pneumatische-fender-met-chain-and-tire-netting-ctn.jpg","type":"image\/jpeg"}],"twitter_card":"summary_large_image","schema":{"@context":"https:\/\/schema.org","@graph":[{"@type":"WebPage","@id":"https:\/\/denialink.com\/es\/defensas-neumaticas-flotantes-tipo-yokohama\/","url":"https:\/\/denialink.com\/es\/defensas-neumaticas-flotantes-tipo-yokohama\/","name":"Defensas neum\u00e1ticas flotantes tipo Yokohama &#8226; Denialink","isPartOf":{"@id":"https:\/\/denialink.com\/es\/#website"},"primaryImageOfPage":{"@id":"https:\/\/denialink.com\/es\/defensas-neumaticas-flotantes-tipo-yokohama\/#primaryimage"},"image":{"@id":"https:\/\/denialink.com\/es\/defensas-neumaticas-flotantes-tipo-yokohama\/#primaryimage"},"thumbnailUrl":"https:\/\/denialink.com\/wp-content\/uploads\/2025\/07\/pneumatische-fender-met-chain-and-tire-netting-ctn.jpg","datePublished":"2025-03-08T15:26:10+00:00","dateModified":"2025-12-21T19:29:30+00:00","description":"Las defensas neum\u00e1ticas flotantes de caucho se utilizan ampliamente en la industria offshore y de dragado. Por ejemplo, como protecci\u00f3n de buques, plataformas y embarcaciones de trabajo","breadcrumb":{"@id":"https:\/\/denialink.com\/es\/defensas-neumaticas-flotantes-tipo-yokohama\/#breadcrumb"},"inLanguage":"es","potentialAction":[{"@type":"ReadAction","target":["https:\/\/denialink.com\/es\/defensas-neumaticas-flotantes-tipo-yokohama\/"]}]},{"@type":"ImageObject","inLanguage":"es","@id":"https:\/\/denialink.com\/es\/defensas-neumaticas-flotantes-tipo-yokohama\/#primaryimage","url":"https:\/\/denialink.com\/wp-content\/uploads\/2025\/07\/pneumatische-fender-met-chain-and-tire-netting-ctn.jpg","contentUrl":"https:\/\/denialink.com\/wp-content\/uploads\/2025\/07\/pneumatische-fender-met-chain-and-tire-netting-ctn.jpg"},{"@type":"BreadcrumbList","@id":"https:\/\/denialink.com\/es\/defensas-neumaticas-flotantes-tipo-yokohama\/#breadcrumb","itemListElement":[{"@type":"ListItem","position":1,"name":"Home","item":"https:\/\/denialink.com\/es\/"},{"@type":"ListItem","position":2,"name":"Defensas neum\u00e1ticas flotantes tipo Yokohama"}]},{"@type":"WebSite","@id":"https:\/\/denialink.com\/es\/#website","url":"https:\/\/denialink.com\/es\/","name":"Denialink","description":"","publisher":{"@id":"https:\/\/denialink.com\/es\/#organization"},"potentialAction":[{"@type":"SearchAction","target":{"@type":"EntryPoint","urlTemplate":"https:\/\/denialink.com\/es\/?s={search_term_string}"},"query-input":{"@type":"PropertyValueSpecification","valueRequired":true,"valueName":"search_term_string"}}],"inLanguage":"es"},{"@type":"Organization","@id":"https:\/\/denialink.com\/es\/#organization","name":"Denialink","url":"https:\/\/denialink.com\/es\/","logo":{"@type":"ImageObject","inLanguage":"es","@id":"https:\/\/denialink.com\/es\/#\/schema\/logo\/image\/","url":"https:\/\/denialink.com\/wp-content\/uploads\/2025\/06\/denialink-logo.png","contentUrl":"https:\/\/denialink.com\/wp-content\/uploads\/2025\/06\/denialink-logo.png","width":512,"height":455,"caption":"Denialink"},"image":{"@id":"https:\/\/denialink.com\/es\/#\/schema\/logo\/image\/"}}]}},"_links":{"self":[{"href":"https:\/\/denialink.com\/es\/wp-json\/wp\/v2\/pages\/556","targetHints":{"allow":["GET"]}}],"collection":[{"href":"https:\/\/denialink.com\/es\/wp-json\/wp\/v2\/pages"}],"about":[{"href":"https:\/\/denialink.com\/es\/wp-json\/wp\/v2\/types\/page"}],"author":[{"embeddable":true,"href":"https:\/\/denialink.com\/es\/wp-json\/wp\/v2\/users\/1"}],"replies":[{"embeddable":true,"href":"https:\/\/denialink.com\/es\/wp-json\/wp\/v2\/comments?post=556"}],"version-history":[{"count":4,"href":"https:\/\/denialink.com\/es\/wp-json\/wp\/v2\/pages\/556\/revisions"}],"predecessor-version":[{"id":780,"href":"https:\/\/denialink.com\/es\/wp-json\/wp\/v2\/pages\/556\/revisions\/780"}],"wp:attachment":[{"href":"https:\/\/denialink.com\/es\/wp-json\/wp\/v2\/media?parent=556"}],"curies":[{"name":"wp","href":"https:\/\/api.w.org\/{rel}","templated":true}]}}