{"id":552,"date":"2025-03-08T16:44:29","date_gmt":"2025-03-08T15:44:29","guid":{"rendered":"https:\/\/denialink.com\/contacto-denialink\/"},"modified":"2025-12-22T10:16:16","modified_gmt":"2025-12-22T09:16:16","slug":"contacto","status":"publish","type":"page","link":"https:\/\/denialink.com\/es\/contacto\/","title":{"rendered":"Contacto Denialink"},"content":{"rendered":"\n<h1 class=\"wp-block-heading has-text-align-center\">Contacto Denialink<\/h1>\n\n\n\n<div class=\"wp-block-columns alignwide is-layout-flex wp-container-core-columns-is-layout-9d6595d7 wp-block-columns-is-layout-flex\">\n<div class=\"wp-block-column is-layout-flow wp-block-column-is-layout-flow\">\n<h3 class=\"wp-block-heading\">Denialink<\/h3>\n\n\n\n<h3 class=\"wp-block-heading\">Egbert Wibbelink<\/h3>\n\n\n\n<p><a href=\"mailto:egbert@denialink.com\">egbert@denialink.com<\/a><\/p>\n\n\n\n<div class=\"wp-block-buttons is-layout-flex wp-block-buttons-is-layout-flex\"><div class=\"wp-block-button is-style-outline btn btn-tel is-style-outline--1\"><a class=\"wp-block-button__link has-text-color has-background has-link-color wp-element-button\" href=\"tel:+34660992661\">+34&nbsp;660992661<\/a><\/div><div class=\"wp-block-button is-style-outline btn btn-wa is-style-outline--2\"><a class=\"wp-block-button__link has-text-color has-background has-link-color wp-element-button\" href=\"whatsapp:\/\/send?phone=+34660992661\"><\/a><\/div><\/div>\n\n\n\n<h4 class=\"wp-block-heading zero-bmargin\">Direcci\u00f3n postal<\/h4>\n\n\n\n<p>C\/Urgal, Num 37, E<br>36307 Baiona (Pontevedra)<br>Espa\u00f1a<\/p>\n\n\n\n<h4 class=\"wp-block-heading zero-bmargin\">Almac\u00e9n<\/h4>\n\n\n\n<p>Steurgat 1<br>4251 ND Werkendam<br>Pa\u00edses Bajos<\/p>\n<\/div>\n\n\n\n<div class=\"wp-block-column is-layout-flow wp-block-column-is-layout-flow\">\n<h3 class=\"wp-block-heading\">Formulario de contacto<\/h3>\n\n\n\n<div class=\"wp-block-contact-form-7-contact-form-selector\">\n<div class=\"wpcf7 no-js\" id=\"wpcf7-f530-o1\" lang=\"es\" dir=\"ltr\" data-wpcf7-id=\"530\">\n<div class=\"screen-reader-response\"><p role=\"status\" aria-live=\"polite\" aria-atomic=\"true\"><\/p> <ul><\/ul><\/div>\n<form action=\"\/es\/wp-json\/wp\/v2\/pages\/552#wpcf7-f530-o1\" method=\"post\" class=\"wpcf7-form init\" aria-label=\"Contact form\" novalidate=\"novalidate\" data-status=\"init\">\n<fieldset class=\"hidden-fields-container\"><input type=\"hidden\" name=\"_wpcf7\" value=\"530\" \/><input type=\"hidden\" name=\"_wpcf7_version\" value=\"6.1.5\" \/><input type=\"hidden\" name=\"_wpcf7_locale\" value=\"es\" \/><input type=\"hidden\" name=\"_wpcf7_unit_tag\" value=\"wpcf7-f530-o1\" \/><input type=\"hidden\" name=\"_wpcf7_container_post\" value=\"0\" \/><input type=\"hidden\" name=\"_wpcf7_posted_data_hash\" value=\"\" \/>\n<\/fieldset>\n<p><span class=\"wpcf7-form-control-wrap\" data-name=\"your-company\"><input size=\"40\" maxlength=\"400\" class=\"wpcf7-form-control wpcf7-text\" aria-invalid=\"false\" placeholder=\"Empresa\" value=\"\" type=\"text\" name=\"your-company\" \/><\/span><br \/>\n<span class=\"wpcf7-form-control-wrap\" data-name=\"your-name\"><input size=\"40\" maxlength=\"400\" class=\"wpcf7-form-control wpcf7-text wpcf7-validates-as-required\" autocomplete=\"name\" aria-required=\"true\" aria-invalid=\"false\" placeholder=\"Nombre contacto*\" value=\"\" type=\"text\" name=\"your-name\" \/><\/span><br \/>\n<span class=\"wpcf7-form-control-wrap\" data-name=\"your-country\"><input size=\"40\" maxlength=\"400\" class=\"wpcf7-form-control wpcf7-text wpcf7-validates-as-required\" aria-required=\"true\" aria-invalid=\"false\" placeholder=\"Pa\u00eds*\" value=\"\" type=\"text\" name=\"your-country\" \/><\/span><br \/>\n<span id=\"wpcf7-69ff46e7203b4-wrapper\" class=\"wpcf7-form-control-wrap your-surname-wrap\" style=\"display:none !important; visibility:hidden !important;\"><input type=\"hidden\" name=\"your-surname-time-start\" value=\"1778337511\"><input type=\"hidden\" name=\"your-surname-time-check\" value=\"4\"><label for=\"wpcf7-69ff46e7203b4-field\" class=\"hp-message\">Please leave this field empty.<\/label><input id=\"wpcf7-69ff46e7203b4-field\"  placeholder=\"Apellido\"  class=\"wpcf7-form-control wpcf7-text\" type=\"text\" name=\"your-surname\" value=\"\" size=\"40\" tabindex=\"-1\" autocomplete=\"new-password\" \/><\/span><br \/>\n<span class=\"wpcf7-form-control-wrap\" data-name=\"your-phone\"><input size=\"40\" maxlength=\"400\" class=\"wpcf7-form-control wpcf7-tel wpcf7-validates-as-required wpcf7-text wpcf7-validates-as-tel\" autocomplete=\"tel\" aria-required=\"true\" aria-invalid=\"false\" placeholder=\"Tel\u00e9fono*\" value=\"\" type=\"tel\" name=\"your-phone\" \/><\/span><br \/>\n<span class=\"wpcf7-form-control-wrap\" data-name=\"your-email\"><input size=\"40\" maxlength=\"400\" class=\"wpcf7-form-control wpcf7-email wpcf7-validates-as-required wpcf7-text wpcf7-validates-as-email\" autocomplete=\"email\" aria-required=\"true\" aria-invalid=\"false\" placeholder=\"Email*\" value=\"\" type=\"email\" name=\"your-email\" \/><\/span><br \/>\n<span class=\"wpcf7-form-control-wrap\" data-name=\"your-message\"><textarea cols=\"40\" rows=\"10\" maxlength=\"2000\" class=\"wpcf7-form-control wpcf7-textarea wpcf7-validates-as-required\" aria-required=\"true\" aria-invalid=\"false\" placeholder=\"Mensaje*\" name=\"your-message\"><\/textarea><\/span><br \/>\n<input class=\"wpcf7-form-control wpcf7-submit has-spinner\" type=\"submit\" value=\"Enviar\" \/>\n<\/p><div class=\"wpcf7-response-output\" aria-hidden=\"true\"><\/div>\n<\/form>\n<\/div>\n<\/div>\n<\/div>\n<\/div>\n","protected":false},"excerpt":{"rendered":"<p>Contacto Denialink Denialink Egbert Wibbelink egbert@denialink.com +34&nbsp;660992661 Direcci\u00f3n postal C\/Urgal, Num 37, E36307 Baiona (Pontevedra)Espa\u00f1a Almac\u00e9n Steurgat 14251 ND WerkendamPa\u00edses Bajos Formulario de contacto<\/p>\n","protected":false},"author":1,"featured_media":0,"parent":0,"menu_order":0,"comment_status":"closed","ping_status":"closed","template":"","meta":{"_genesis_hide_title":true,"_genesis_hide_breadcrumbs":false,"_genesis_hide_singular_image":false,"_genesis_hide_footer_widgets":false,"_genesis_custom_body_class":"","_genesis_custom_post_class":"","_genesis_layout":"","footnotes":""},"class_list":{"0":"post-552","1":"page","2":"type-page","3":"status-publish","5":"entry"},"yoast_head":"<!-- This site is optimized with the Yoast SEO plugin v27.5 - https:\/\/yoast.com\/product\/yoast-seo-wordpress\/ -->\n<title>Contacto Denialink &#8226; Denialink<\/title>\n<meta name=\"description\" content=\"Cont\u00e1ctenos para m\u00e1s informaci\u00f3n sobre equipos offshore \u2013 dragado \u2013 construcci\u00f3n portuaria \u2013 servicios offshore, petr\u00f3leo y gas.\" \/>\n<meta name=\"robots\" content=\"index, follow, max-snippet:-1, max-image-preview:large, max-video-preview:-1\" \/>\n<link rel=\"canonical\" href=\"https:\/\/denialink.com\/es\/contacto\/\" \/>\n<meta property=\"og:locale\" content=\"es_ES\" \/>\n<meta property=\"og:type\" content=\"article\" \/>\n<meta property=\"og:title\" content=\"Contacto Denialink &#8226; Denialink\" \/>\n<meta property=\"og:description\" content=\"Cont\u00e1ctenos para m\u00e1s informaci\u00f3n sobre equipos offshore \u2013 dragado \u2013 construcci\u00f3n portuaria \u2013 servicios offshore, petr\u00f3leo y gas.\" \/>\n<meta property=\"og:url\" content=\"https:\/\/denialink.com\/es\/contacto\/\" \/>\n<meta property=\"og:site_name\" content=\"Denialink\" \/>\n<meta property=\"article:modified_time\" content=\"2025-12-22T09:16:16+00:00\" \/>\n<meta property=\"og:image\" content=\"https:\/\/denialink.com\/wp-content\/uploads\/2025\/06\/denialink-logo.png\" \/>\n\t<meta property=\"og:image:width\" content=\"512\" \/>\n\t<meta property=\"og:image:height\" content=\"455\" \/>\n\t<meta property=\"og:image:type\" content=\"image\/png\" \/>\n<meta name=\"twitter:card\" content=\"summary_large_image\" \/>\n<script type=\"application\/ld+json\" class=\"yoast-schema-graph\">{\"@context\":\"https:\\\/\\\/schema.org\",\"@graph\":[{\"@type\":\"WebPage\",\"@id\":\"https:\\\/\\\/denialink.com\\\/es\\\/contacto\\\/\",\"url\":\"https:\\\/\\\/denialink.com\\\/es\\\/contacto\\\/\",\"name\":\"Contacto Denialink &#8226; Denialink\",\"isPartOf\":{\"@id\":\"https:\\\/\\\/denialink.com\\\/es\\\/#website\"},\"datePublished\":\"2025-03-08T15:44:29+00:00\",\"dateModified\":\"2025-12-22T09:16:16+00:00\",\"description\":\"Cont\u00e1ctenos para m\u00e1s informaci\u00f3n sobre equipos offshore \u2013 dragado \u2013 construcci\u00f3n portuaria \u2013 servicios offshore, petr\u00f3leo y gas.\",\"breadcrumb\":{\"@id\":\"https:\\\/\\\/denialink.com\\\/es\\\/contacto\\\/#breadcrumb\"},\"inLanguage\":\"es\",\"potentialAction\":[{\"@type\":\"ReadAction\",\"target\":[\"https:\\\/\\\/denialink.com\\\/es\\\/contacto\\\/\"]}]},{\"@type\":\"BreadcrumbList\",\"@id\":\"https:\\\/\\\/denialink.com\\\/es\\\/contacto\\\/#breadcrumb\",\"itemListElement\":[{\"@type\":\"ListItem\",\"position\":1,\"name\":\"Home\",\"item\":\"https:\\\/\\\/denialink.com\\\/es\\\/\"},{\"@type\":\"ListItem\",\"position\":2,\"name\":\"Contacto Denialink\"}]},{\"@type\":\"WebSite\",\"@id\":\"https:\\\/\\\/denialink.com\\\/es\\\/#website\",\"url\":\"https:\\\/\\\/denialink.com\\\/es\\\/\",\"name\":\"Denialink\",\"description\":\"\",\"publisher\":{\"@id\":\"https:\\\/\\\/denialink.com\\\/es\\\/#organization\"},\"potentialAction\":[{\"@type\":\"SearchAction\",\"target\":{\"@type\":\"EntryPoint\",\"urlTemplate\":\"https:\\\/\\\/denialink.com\\\/es\\\/?s={search_term_string}\"},\"query-input\":{\"@type\":\"PropertyValueSpecification\",\"valueRequired\":true,\"valueName\":\"search_term_string\"}}],\"inLanguage\":\"es\"},{\"@type\":\"Organization\",\"@id\":\"https:\\\/\\\/denialink.com\\\/es\\\/#organization\",\"name\":\"Denialink\",\"url\":\"https:\\\/\\\/denialink.com\\\/es\\\/\",\"logo\":{\"@type\":\"ImageObject\",\"inLanguage\":\"es\",\"@id\":\"https:\\\/\\\/denialink.com\\\/es\\\/#\\\/schema\\\/logo\\\/image\\\/\",\"url\":\"https:\\\/\\\/denialink.com\\\/wp-content\\\/uploads\\\/2025\\\/06\\\/denialink-logo.png\",\"contentUrl\":\"https:\\\/\\\/denialink.com\\\/wp-content\\\/uploads\\\/2025\\\/06\\\/denialink-logo.png\",\"width\":512,\"height\":455,\"caption\":\"Denialink\"},\"image\":{\"@id\":\"https:\\\/\\\/denialink.com\\\/es\\\/#\\\/schema\\\/logo\\\/image\\\/\"}}]}<\/script>\n<!-- \/ Yoast SEO plugin. -->","yoast_head_json":{"title":"Contacto Denialink &#8226; Denialink","description":"Cont\u00e1ctenos para m\u00e1s informaci\u00f3n sobre equipos offshore \u2013 dragado \u2013 construcci\u00f3n portuaria \u2013 servicios offshore, petr\u00f3leo y gas.","robots":{"index":"index","follow":"follow","max-snippet":"max-snippet:-1","max-image-preview":"max-image-preview:large","max-video-preview":"max-video-preview:-1"},"canonical":"https:\/\/denialink.com\/es\/contacto\/","og_locale":"es_ES","og_type":"article","og_title":"Contacto Denialink &#8226; Denialink","og_description":"Cont\u00e1ctenos para m\u00e1s informaci\u00f3n sobre equipos offshore \u2013 dragado \u2013 construcci\u00f3n portuaria \u2013 servicios offshore, petr\u00f3leo y gas.","og_url":"https:\/\/denialink.com\/es\/contacto\/","og_site_name":"Denialink","article_modified_time":"2025-12-22T09:16:16+00:00","og_image":[{"width":512,"height":455,"url":"https:\/\/denialink.com\/wp-content\/uploads\/2025\/06\/denialink-logo.png","type":"image\/png"}],"twitter_card":"summary_large_image","schema":{"@context":"https:\/\/schema.org","@graph":[{"@type":"WebPage","@id":"https:\/\/denialink.com\/es\/contacto\/","url":"https:\/\/denialink.com\/es\/contacto\/","name":"Contacto Denialink &#8226; Denialink","isPartOf":{"@id":"https:\/\/denialink.com\/es\/#website"},"datePublished":"2025-03-08T15:44:29+00:00","dateModified":"2025-12-22T09:16:16+00:00","description":"Cont\u00e1ctenos para m\u00e1s informaci\u00f3n sobre equipos offshore \u2013 dragado \u2013 construcci\u00f3n portuaria \u2013 servicios offshore, petr\u00f3leo y gas.","breadcrumb":{"@id":"https:\/\/denialink.com\/es\/contacto\/#breadcrumb"},"inLanguage":"es","potentialAction":[{"@type":"ReadAction","target":["https:\/\/denialink.com\/es\/contacto\/"]}]},{"@type":"BreadcrumbList","@id":"https:\/\/denialink.com\/es\/contacto\/#breadcrumb","itemListElement":[{"@type":"ListItem","position":1,"name":"Home","item":"https:\/\/denialink.com\/es\/"},{"@type":"ListItem","position":2,"name":"Contacto Denialink"}]},{"@type":"WebSite","@id":"https:\/\/denialink.com\/es\/#website","url":"https:\/\/denialink.com\/es\/","name":"Denialink","description":"","publisher":{"@id":"https:\/\/denialink.com\/es\/#organization"},"potentialAction":[{"@type":"SearchAction","target":{"@type":"EntryPoint","urlTemplate":"https:\/\/denialink.com\/es\/?s={search_term_string}"},"query-input":{"@type":"PropertyValueSpecification","valueRequired":true,"valueName":"search_term_string"}}],"inLanguage":"es"},{"@type":"Organization","@id":"https:\/\/denialink.com\/es\/#organization","name":"Denialink","url":"https:\/\/denialink.com\/es\/","logo":{"@type":"ImageObject","inLanguage":"es","@id":"https:\/\/denialink.com\/es\/#\/schema\/logo\/image\/","url":"https:\/\/denialink.com\/wp-content\/uploads\/2025\/06\/denialink-logo.png","contentUrl":"https:\/\/denialink.com\/wp-content\/uploads\/2025\/06\/denialink-logo.png","width":512,"height":455,"caption":"Denialink"},"image":{"@id":"https:\/\/denialink.com\/es\/#\/schema\/logo\/image\/"}}]}},"_links":{"self":[{"href":"https:\/\/denialink.com\/es\/wp-json\/wp\/v2\/pages\/552","targetHints":{"allow":["GET"]}}],"collection":[{"href":"https:\/\/denialink.com\/es\/wp-json\/wp\/v2\/pages"}],"about":[{"href":"https:\/\/denialink.com\/es\/wp-json\/wp\/v2\/types\/page"}],"author":[{"embeddable":true,"href":"https:\/\/denialink.com\/es\/wp-json\/wp\/v2\/users\/1"}],"replies":[{"embeddable":true,"href":"https:\/\/denialink.com\/es\/wp-json\/wp\/v2\/comments?post=552"}],"version-history":[{"count":3,"href":"https:\/\/denialink.com\/es\/wp-json\/wp\/v2\/pages\/552\/revisions"}],"predecessor-version":[{"id":894,"href":"https:\/\/denialink.com\/es\/wp-json\/wp\/v2\/pages\/552\/revisions\/894"}],"wp:attachment":[{"href":"https:\/\/denialink.com\/es\/wp-json\/wp\/v2\/media?parent=552"}],"curies":[{"name":"wp","href":"https:\/\/api.w.org\/{rel}","templated":true}]}}